{"id":18199,"date":"2021-01-04T17:34:01","date_gmt":"2021-01-04T16:34:01","guid":{"rendered":"https:\/\/goldbecksolar.deteringdesign.com\/our-services\/om-operation-maintenance\/engineering\/"},"modified":"2025-01-29T11:41:43","modified_gmt":"2025-01-29T10:41:43","slug":"engineering","status":"publish","type":"page","link":"https:\/\/goldbecksolar.deteringdesign.com\/en\/our-services\/om-operation-maintenance\/engineering\/","title":"Engineering","content":"<h1>Professional engineering<\/h1>\n<p>Solar systems are designed to convert solar energy into usable electricity for 30 years or more. A lot happens technically in 30 years. Whether necessary or helpful upgrades, modern optimizations or repowering &#8211; our O&amp;M engineering team ensures that your photovoltaic roof system or solar park always operates at the highest level of performance. Our tailor-made repair concepts and our repowering solutions create the best conditions for an efficient and profitable service life for your solar investment.  <\/p>\n","excerpt":{"rendered":"<p>Professional engineering Solar systems are designed to convert solar energy into usable electricity for 30 years or more. A lot happens technically in 30 years. Whether necessary or helpful upgrades, modern optimizations or repowering &#8211; our O&amp;M engineering team ensures that your photovoltaic roof system or solar park always operates at the highest level of [&hellip;]<\/p>\n","protected":false},"author":1,"featured_media":{"alt":"","title":"O&#038;M GOLDBECK SOLAR","caption":"GOLDBECK SOLAR \u00fcbernimmt f\u00fcr Sie alle O&M-Dienstleistungen f\u00fcr Ihre Photovoltaikanlage.","width":2560,"height":1707,"sizes":{"thumbnail":"https:\/\/goldbecksolar.deteringdesign.com\/wp-content\/uploads\/2021\/09\/GP_9243-165x165.jpg","small":"https:\/\/goldbecksolar.deteringdesign.com\/wp-content\/uploads\/2021\/09\/GP_9243-700x467.jpg","medium":"https:\/\/goldbecksolar.deteringdesign.com\/wp-content\/uploads\/2021\/09\/GP_9243-768x512.jpg","large":"https:\/\/goldbecksolar.deteringdesign.com\/wp-content\/uploads\/2021\/09\/GP_9243-1620x1080.jpg","full":"https:\/\/goldbecksolar.deteringdesign.com\/wp-content\/uploads\/2021\/09\/GP_9243-scaled.jpg"},"srcset":"https:\/\/goldbecksolar.deteringdesign.com\/wp-content\/uploads\/2021\/09\/GP_9243-700x467.jpg 700w, https:\/\/goldbecksolar.deteringdesign.com\/wp-content\/uploads\/2021\/09\/GP_9243-1620x1080.jpg 1620w, https:\/\/goldbecksolar.deteringdesign.com\/wp-content\/uploads\/2021\/09\/GP_9243-768x512.jpg 768w, https:\/\/goldbecksolar.deteringdesign.com\/wp-content\/uploads\/2021\/09\/GP_9243-1536x1024.jpg 1536w, https:\/\/goldbecksolar.deteringdesign.com\/wp-content\/uploads\/2021\/09\/GP_9243-2048x1365.jpg 2048w, https:\/\/goldbecksolar.deteringdesign.com\/wp-content\/uploads\/2021\/09\/GP_9243-520x347.jpg 520w, https:\/\/goldbecksolar.deteringdesign.com\/wp-content\/uploads\/2021\/09\/GP_9243-320x213.jpg 320w"},"parent":18191,"menu_order":0,"comment_status":"closed","ping_status":"closed","template":"template-unterseite.php","meta":{"_acf_changed":false,"footnotes":""},"class_list":["post-18199","page","type-page","status-publish","has-post-thumbnail","hentry"],"acf":[],"type_label":"Page","_links":{"self":[{"href":"https:\/\/goldbecksolar.deteringdesign.com\/en\/wp-json\/wp\/v2\/pages\/18199","targetHints":{"allow":["GET"]}}],"collection":[{"href":"https:\/\/goldbecksolar.deteringdesign.com\/en\/wp-json\/wp\/v2\/pages"}],"about":[{"href":"https:\/\/goldbecksolar.deteringdesign.com\/en\/wp-json\/wp\/v2\/types\/page"}],"author":[{"embeddable":true,"href":"https:\/\/goldbecksolar.deteringdesign.com\/en\/wp-json\/wp\/v2\/users\/1"}],"replies":[{"embeddable":true,"href":"https:\/\/goldbecksolar.deteringdesign.com\/en\/wp-json\/wp\/v2\/comments?post=18199"}],"version-history":[{"count":1,"href":"https:\/\/goldbecksolar.deteringdesign.com\/en\/wp-json\/wp\/v2\/pages\/18199\/revisions"}],"predecessor-version":[{"id":18570,"href":"https:\/\/goldbecksolar.deteringdesign.com\/en\/wp-json\/wp\/v2\/pages\/18199\/revisions\/18570"}],"up":[{"embeddable":true,"href":"https:\/\/goldbecksolar.deteringdesign.com\/en\/wp-json\/wp\/v2\/pages\/18191"}],"wp:featuredmedia":[{"embeddable":true,"href":"https:\/\/goldbecksolar.deteringdesign.com\/en\/wp-json\/wp\/v2\/media\/15587"}],"wp:attachment":[{"href":"https:\/\/goldbecksolar.deteringdesign.com\/en\/wp-json\/wp\/v2\/media?parent=18199"}],"curies":[{"name":"wp","href":"https:\/\/api.w.org\/{rel}","templated":true}]}}