{"id":18647,"date":"2018-04-20T10:06:13","date_gmt":"2018-04-20T08:06:13","guid":{"rendered":"https:\/\/goldbecksolar.deteringdesign.com\/noticias\/"},"modified":"2018-04-20T10:06:13","modified_gmt":"2018-04-20T08:06:13","slug":"noticias","status":"publish","type":"page","link":"https:\/\/goldbecksolar.deteringdesign.com\/es\/noticias\/","title":"Noticias","content":"<p>\u00bfQu\u00e9 hay de nuevo en GOLDBECK SOLAR? \u00bfEn qu\u00e9 proyectos est\u00e1 trabajando nuestro <a href=\"https:\/\/goldbecksolar.deteringdesign.com\/unternehmen\/team\/\" target=\"_blank\" rel=\"noopener\">equipo<\/a>? \u00bfQu\u00e9 nuevos productos desarrollamos para nuestros clientes? \u00bfCu\u00e1les son los nuevos mercados? \u00bfHay innovaciones? \u00bfQu\u00e9 est\u00e1 pasando en el mercado solar? Puedes encontrar todas las \u00faltimas <a href=\"https:\/\/www.pressebox.de\/newsroom\/goldbeck-solar-gmbh-hirschberg-an-der-bergstrasse\">noticias<\/a> y aspectos destacados relacionados con conceptos energ\u00e9ticos innovadores en nuestra secci\u00f3n de noticias. Puedes encontrar en la secci\u00b4n de empresa e im\u00e1genes para descargar en nuestro <a href=\"https:\/\/goldbecksolar.deteringdesign.com\/de\/presse\/\" target=\"_blank\" rel=\"noopener\">kit de prensa<\/a>.     <\/p>\n","excerpt":{"rendered":"<p>\u00bfQu\u00e9 hay de nuevo en GOLDBECK SOLAR? \u00bfEn qu\u00e9 proyectos est\u00e1 trabajando nuestro equipo? \u00bfQu\u00e9 nuevos productos desarrollamos para nuestros clientes? \u00bfCu\u00e1les son los nuevos mercados? \u00bfHay innovaciones? \u00bfQu\u00e9 est\u00e1 pasando en el mercado solar? Puedes encontrar todas las \u00faltimas noticias y aspectos destacados relacionados con conceptos energ\u00e9ticos innovadores en nuestra secci\u00f3n de noticias. Puedes [&hellip;]<\/p>\n","protected":false},"author":1,"featured_media":{"alt":"","title":"GOLDBECK SOLAR Logo","caption":"RGB, JPEG","width":2560,"height":1920,"sizes":{"thumbnail":"https:\/\/goldbecksolar.deteringdesign.com\/wp-content\/uploads\/2020\/05\/goldbeck_solar_logo-165x165.jpg","small":"https:\/\/goldbecksolar.deteringdesign.com\/wp-content\/uploads\/2020\/05\/goldbeck_solar_logo-700x525.jpg","medium":"https:\/\/goldbecksolar.deteringdesign.com\/wp-content\/uploads\/2020\/05\/goldbeck_solar_logo-768x576.jpg","large":"https:\/\/goldbecksolar.deteringdesign.com\/wp-content\/uploads\/2020\/05\/goldbeck_solar_logo-1440x1080.jpg","full":"https:\/\/goldbecksolar.deteringdesign.com\/wp-content\/uploads\/2020\/05\/goldbeck_solar_logo-scaled.jpg"},"srcset":"https:\/\/goldbecksolar.deteringdesign.com\/wp-content\/uploads\/2020\/05\/goldbeck_solar_logo-700x525.jpg 700w, https:\/\/goldbecksolar.deteringdesign.com\/wp-content\/uploads\/2020\/05\/goldbeck_solar_logo-1440x1080.jpg 1440w, https:\/\/goldbecksolar.deteringdesign.com\/wp-content\/uploads\/2020\/05\/goldbeck_solar_logo-768x576.jpg 768w, https:\/\/goldbecksolar.deteringdesign.com\/wp-content\/uploads\/2020\/05\/goldbeck_solar_logo-1536x1152.jpg 1536w, https:\/\/goldbecksolar.deteringdesign.com\/wp-content\/uploads\/2020\/05\/goldbeck_solar_logo-2048x1536.jpg 2048w, https:\/\/goldbecksolar.deteringdesign.com\/wp-content\/uploads\/2020\/05\/goldbeck_solar_logo-520x390.jpg 520w, https:\/\/goldbecksolar.deteringdesign.com\/wp-content\/uploads\/2020\/05\/goldbeck_solar_logo-320x240.jpg 320w"},"parent":0,"menu_order":3,"comment_status":"closed","ping_status":"closed","template":"","meta":{"_acf_changed":false,"footnotes":""},"class_list":["post-18647","page","type-page","status-publish","has-post-thumbnail","hentry"],"acf":[],"type_label":"P\u00e1gina","_links":{"self":[{"href":"https:\/\/goldbecksolar.deteringdesign.com\/es\/wp-json\/wp\/v2\/pages\/18647","targetHints":{"allow":["GET"]}}],"collection":[{"href":"https:\/\/goldbecksolar.deteringdesign.com\/es\/wp-json\/wp\/v2\/pages"}],"about":[{"href":"https:\/\/goldbecksolar.deteringdesign.com\/es\/wp-json\/wp\/v2\/types\/page"}],"author":[{"embeddable":true,"href":"https:\/\/goldbecksolar.deteringdesign.com\/es\/wp-json\/wp\/v2\/users\/1"}],"replies":[{"embeddable":true,"href":"https:\/\/goldbecksolar.deteringdesign.com\/es\/wp-json\/wp\/v2\/comments?post=18647"}],"version-history":[{"count":0,"href":"https:\/\/goldbecksolar.deteringdesign.com\/es\/wp-json\/wp\/v2\/pages\/18647\/revisions"}],"wp:featuredmedia":[{"embeddable":true,"href":"https:\/\/goldbecksolar.deteringdesign.com\/es\/wp-json\/wp\/v2\/media\/14341"}],"wp:attachment":[{"href":"https:\/\/goldbecksolar.deteringdesign.com\/es\/wp-json\/wp\/v2\/media?parent=18647"}],"curies":[{"name":"wp","href":"https:\/\/api.w.org\/{rel}","templated":true}]}}