{"id":19576,"date":"2018-04-17T15:00:13","date_gmt":"2018-04-17T13:00:13","guid":{"rendered":"https:\/\/goldbecksolar.deteringdesign.com\/nuestros-mercados-y-ubicaciones\/"},"modified":"2025-05-20T14:51:42","modified_gmt":"2025-05-20T12:51:42","slug":"nuestros-mercados-y-ubicaciones","status":"publish","type":"page","link":"https:\/\/goldbecksolar.deteringdesign.com\/es\/somos-goldbeck-solar\/nuestros-mercados-y-ubicaciones\/","title":"Nuestros mercados y ubicaciones","content":"<p>GOLDBECK SOLAR tiene sus or\u00edgenes en Alemania, pero ofrece sistemas solares llave en mano para espacios abiertos o tejados industriales y comerciales, as\u00ed como su mantenimiento y revisi\u00f3n en Europa, Am\u00e9rica del Sur y del Norte y Asia Central. Actualmente estamos activos en 12 pa\u00edses, pero ya hemos instalado plantas solares en 20 pa\u00edses. Nuestro mapa muestra d\u00f3nde estamos realizando actualmente proyectos solares de forma activa y d\u00f3nde hemos construido sistemas fotovoltaicos en el pasado.  <\/p>\n","excerpt":{"rendered":"<p>GOLDBECK SOLAR tiene sus or\u00edgenes en Alemania, pero ofrece sistemas solares llave en mano para espacios abiertos o tejados industriales y comerciales, as\u00ed como su mantenimiento y revisi\u00f3n en Europa, Am\u00e9rica del Sur y del Norte y Asia Central. Actualmente estamos activos en 12 pa\u00edses, pero ya hemos instalado plantas solares en 20 pa\u00edses. Nuestro [&hellip;]<\/p>\n","protected":false},"author":1,"featured_media":{"alt":"","title":"investoren_karte","caption":"","width":2560,"height":1420,"sizes":{"thumbnail":"https:\/\/goldbecksolar.deteringdesign.com\/wp-content\/uploads\/2023\/02\/investoren_karte-165x165.jpg","small":"https:\/\/goldbecksolar.deteringdesign.com\/wp-content\/uploads\/2023\/02\/investoren_karte-700x388.jpg","medium":"https:\/\/goldbecksolar.deteringdesign.com\/wp-content\/uploads\/2023\/02\/investoren_karte-768x426.jpg","large":"https:\/\/goldbecksolar.deteringdesign.com\/wp-content\/uploads\/2023\/02\/investoren_karte-1920x1065.jpg","full":"https:\/\/goldbecksolar.deteringdesign.com\/wp-content\/uploads\/2023\/02\/investoren_karte-scaled.jpg"},"srcset":"https:\/\/goldbecksolar.deteringdesign.com\/wp-content\/uploads\/2023\/02\/investoren_karte-700x388.jpg 700w, https:\/\/goldbecksolar.deteringdesign.com\/wp-content\/uploads\/2023\/02\/investoren_karte-1920x1065.jpg 1920w, https:\/\/goldbecksolar.deteringdesign.com\/wp-content\/uploads\/2023\/02\/investoren_karte-768x426.jpg 768w, https:\/\/goldbecksolar.deteringdesign.com\/wp-content\/uploads\/2023\/02\/investoren_karte-1536x852.jpg 1536w, https:\/\/goldbecksolar.deteringdesign.com\/wp-content\/uploads\/2023\/02\/investoren_karte-2048x1136.jpg 2048w, https:\/\/goldbecksolar.deteringdesign.com\/wp-content\/uploads\/2023\/02\/investoren_karte-520x288.jpg 520w, https:\/\/goldbecksolar.deteringdesign.com\/wp-content\/uploads\/2023\/02\/investoren_karte-320x178.jpg 320w"},"parent":19578,"menu_order":5,"comment_status":"closed","ping_status":"closed","template":"","meta":{"_acf_changed":false,"footnotes":""},"class_list":["post-19576","page","type-page","status-publish","has-post-thumbnail","hentry"],"acf":[],"type_label":"P\u00e1gina","_links":{"self":[{"href":"https:\/\/goldbecksolar.deteringdesign.com\/es\/wp-json\/wp\/v2\/pages\/19576","targetHints":{"allow":["GET"]}}],"collection":[{"href":"https:\/\/goldbecksolar.deteringdesign.com\/es\/wp-json\/wp\/v2\/pages"}],"about":[{"href":"https:\/\/goldbecksolar.deteringdesign.com\/es\/wp-json\/wp\/v2\/types\/page"}],"author":[{"embeddable":true,"href":"https:\/\/goldbecksolar.deteringdesign.com\/es\/wp-json\/wp\/v2\/users\/1"}],"replies":[{"embeddable":true,"href":"https:\/\/goldbecksolar.deteringdesign.com\/es\/wp-json\/wp\/v2\/comments?post=19576"}],"version-history":[{"count":1,"href":"https:\/\/goldbecksolar.deteringdesign.com\/es\/wp-json\/wp\/v2\/pages\/19576\/revisions"}],"predecessor-version":[{"id":19579,"href":"https:\/\/goldbecksolar.deteringdesign.com\/es\/wp-json\/wp\/v2\/pages\/19576\/revisions\/19579"}],"up":[{"embeddable":true,"href":"https:\/\/goldbecksolar.deteringdesign.com\/es\/wp-json\/wp\/v2\/pages\/19578"}],"wp:featuredmedia":[{"embeddable":true,"href":"https:\/\/goldbecksolar.deteringdesign.com\/es\/wp-json\/wp\/v2\/media\/16414"}],"wp:attachment":[{"href":"https:\/\/goldbecksolar.deteringdesign.com\/es\/wp-json\/wp\/v2\/media?parent=19576"}],"curies":[{"name":"wp","href":"https:\/\/api.w.org\/{rel}","templated":true}]}}