{"id":19581,"date":"2018-04-17T15:00:13","date_gmt":"2018-04-17T13:00:13","guid":{"rendered":"https:\/\/goldbecksolar.deteringdesign.com\/fotovoltaica\/"},"modified":"2018-04-17T15:00:13","modified_gmt":"2018-04-17T13:00:13","slug":"fotovoltaica","status":"publish","type":"page","link":"https:\/\/goldbecksolar.deteringdesign.com\/es\/fotovoltaica\/","title":"Fotovoltaica","content":"<p>La luz solar es gratuita y casi siempre est\u00e1 disponible. Por tanto, el sol es una de las fuentes centrales de un sistema energ\u00e9tico sostenible y con futuro. Desde su fundaci\u00f3n, GOLDBECK SOLAR se ha especializado en la construcci\u00f3n llave en mano de plantas solares industriales, comerciales y a gran escala. En la actualidad, la gama de servicios abarca toda la cadena de valor de un sistema fotovoltaico: desde el desarrollo del proyecto, la construcci\u00f3n, la integraci\u00f3n de tecnolog\u00edas de almacenamiento, la explotaci\u00f3n t\u00e9cnica y la gesti\u00f3n de activos de los sistemas hasta la venta directa de energ\u00eda limpia.   <\/p>\n","excerpt":{"rendered":"<p>La luz solar es gratuita y casi siempre est\u00e1 disponible. Por tanto, el sol es una de las fuentes centrales de un sistema energ\u00e9tico sostenible y con futuro. Desde su fundaci\u00f3n, GOLDBECK SOLAR se ha especializado en la construcci\u00f3n llave en mano de plantas solares industriales, comerciales y a gran escala. En la actualidad, la [&hellip;]<\/p>\n","protected":false},"author":1,"featured_media":{"alt":"Eine Photovoltaikanlage in Chile. Photovoltaik","title":"Photovoltaikanlage in Chile","caption":"","width":2560,"height":1707,"sizes":{"thumbnail":"https:\/\/goldbecksolar.deteringdesign.com\/wp-content\/uploads\/2024\/12\/Chile-165x165.jpeg","small":"https:\/\/goldbecksolar.deteringdesign.com\/wp-content\/uploads\/2024\/12\/Chile-700x467.jpeg","medium":"https:\/\/goldbecksolar.deteringdesign.com\/wp-content\/uploads\/2024\/12\/Chile-768x512.jpeg","large":"https:\/\/goldbecksolar.deteringdesign.com\/wp-content\/uploads\/2024\/12\/Chile-1620x1080.jpeg","full":"https:\/\/goldbecksolar.deteringdesign.com\/wp-content\/uploads\/2024\/12\/Chile-scaled.jpeg"},"srcset":"https:\/\/goldbecksolar.deteringdesign.com\/wp-content\/uploads\/2024\/12\/Chile-700x467.jpeg 700w, https:\/\/goldbecksolar.deteringdesign.com\/wp-content\/uploads\/2024\/12\/Chile-1620x1080.jpeg 1620w, https:\/\/goldbecksolar.deteringdesign.com\/wp-content\/uploads\/2024\/12\/Chile-768x512.jpeg 768w, https:\/\/goldbecksolar.deteringdesign.com\/wp-content\/uploads\/2024\/12\/Chile-1536x1024.jpeg 1536w, https:\/\/goldbecksolar.deteringdesign.com\/wp-content\/uploads\/2024\/12\/Chile-2048x1365.jpeg 2048w, https:\/\/goldbecksolar.deteringdesign.com\/wp-content\/uploads\/2024\/12\/Chile-520x347.jpeg 520w, https:\/\/goldbecksolar.deteringdesign.com\/wp-content\/uploads\/2024\/12\/Chile-320x213.jpeg 320w"},"parent":0,"menu_order":5,"comment_status":"closed","ping_status":"closed","template":"","meta":{"_acf_changed":false,"footnotes":""},"class_list":["post-19581","page","type-page","status-publish","has-post-thumbnail","hentry"],"acf":[],"type_label":"P\u00e1gina","_links":{"self":[{"href":"https:\/\/goldbecksolar.deteringdesign.com\/es\/wp-json\/wp\/v2\/pages\/19581","targetHints":{"allow":["GET"]}}],"collection":[{"href":"https:\/\/goldbecksolar.deteringdesign.com\/es\/wp-json\/wp\/v2\/pages"}],"about":[{"href":"https:\/\/goldbecksolar.deteringdesign.com\/es\/wp-json\/wp\/v2\/types\/page"}],"author":[{"embeddable":true,"href":"https:\/\/goldbecksolar.deteringdesign.com\/es\/wp-json\/wp\/v2\/users\/1"}],"replies":[{"embeddable":true,"href":"https:\/\/goldbecksolar.deteringdesign.com\/es\/wp-json\/wp\/v2\/comments?post=19581"}],"version-history":[{"count":0,"href":"https:\/\/goldbecksolar.deteringdesign.com\/es\/wp-json\/wp\/v2\/pages\/19581\/revisions"}],"wp:featuredmedia":[{"embeddable":true,"href":"https:\/\/goldbecksolar.deteringdesign.com\/es\/wp-json\/wp\/v2\/media\/17278"}],"wp:attachment":[{"href":"https:\/\/goldbecksolar.deteringdesign.com\/es\/wp-json\/wp\/v2\/media?parent=19581"}],"curies":[{"name":"wp","href":"https:\/\/api.w.org\/{rel}","templated":true}]}}