{"id":19582,"date":"2018-04-18T09:26:13","date_gmt":"2018-04-18T07:26:13","guid":{"rendered":"https:\/\/goldbecksolar.deteringdesign.com\/fotovoltaica\/tejados-solares-comerciales\/"},"modified":"2018-04-18T09:26:13","modified_gmt":"2018-04-18T07:26:13","slug":"tejados-solares-comerciales","status":"publish","type":"page","link":"https:\/\/goldbecksolar.deteringdesign.com\/es\/fotovoltaica\/tejados-solares-comerciales\/","title":"Tejados Solares Comerciales","content":"<h1>Tejados Solares Comerciales<\/h1>\n<p>La decisi\u00f3n a favor de un Tejado Solar industrial nunca ha estado tan clara. Las energ\u00edas renovables son el futuro y ahora es el momento ideal para invertir en una fuente de energ\u00eda sostenible y fiable. Los edificios comerciales e industriales ofrecen un enorme potencial: no s\u00f3lo reducen los costes energ\u00e9ticos, sino que tambi\u00e9n contribuyen de forma importante a la reducci\u00f3n de CO2.  <\/p>\n","excerpt":{"rendered":"<p>Tejados Solares Comerciales La decisi\u00f3n a favor de un Tejado Solar industrial nunca ha estado tan clara. Las energ\u00edas renovables son el futuro y ahora es el momento ideal para invertir en una fuente de energ\u00eda sostenible y fiable. Los edificios comerciales e industriales ofrecen un enorme potencial: no s\u00f3lo reducen los costes energ\u00e9ticos, sino [&hellip;]<\/p>\n","protected":false},"author":1,"featured_media":{"alt":"","title":"Solardach St\u00f6rtebeker","caption":"","width":2222,"height":1014,"sizes":{"thumbnail":"https:\/\/goldbecksolar.deteringdesign.com\/wp-content\/uploads\/2019\/09\/solardaecher2-165x165.jpg","small":"https:\/\/goldbecksolar.deteringdesign.com\/wp-content\/uploads\/2019\/09\/solardaecher2-700x319.jpg","medium":"https:\/\/goldbecksolar.deteringdesign.com\/wp-content\/uploads\/2019\/09\/solardaecher2-768x350.jpg","large":"https:\/\/goldbecksolar.deteringdesign.com\/wp-content\/uploads\/2019\/09\/solardaecher2-1920x876.jpg","full":"https:\/\/goldbecksolar.deteringdesign.com\/wp-content\/uploads\/2019\/09\/solardaecher2.jpg"},"srcset":"https:\/\/goldbecksolar.deteringdesign.com\/wp-content\/uploads\/2019\/09\/solardaecher2-700x319.jpg 700w, https:\/\/goldbecksolar.deteringdesign.com\/wp-content\/uploads\/2019\/09\/solardaecher2-1920x876.jpg 1920w, https:\/\/goldbecksolar.deteringdesign.com\/wp-content\/uploads\/2019\/09\/solardaecher2-768x350.jpg 768w, https:\/\/goldbecksolar.deteringdesign.com\/wp-content\/uploads\/2019\/09\/solardaecher2-1536x701.jpg 1536w, https:\/\/goldbecksolar.deteringdesign.com\/wp-content\/uploads\/2019\/09\/solardaecher2-2048x935.jpg 2048w, https:\/\/goldbecksolar.deteringdesign.com\/wp-content\/uploads\/2019\/09\/solardaecher2-520x237.jpg 520w, https:\/\/goldbecksolar.deteringdesign.com\/wp-content\/uploads\/2019\/09\/solardaecher2-320x146.jpg 320w"},"parent":19581,"menu_order":2,"comment_status":"closed","ping_status":"closed","template":"template-unterseite.php","meta":{"_acf_changed":false,"footnotes":""},"class_list":["post-19582","page","type-page","status-publish","has-post-thumbnail","hentry"],"acf":[],"type_label":"P\u00e1gina","_links":{"self":[{"href":"https:\/\/goldbecksolar.deteringdesign.com\/es\/wp-json\/wp\/v2\/pages\/19582","targetHints":{"allow":["GET"]}}],"collection":[{"href":"https:\/\/goldbecksolar.deteringdesign.com\/es\/wp-json\/wp\/v2\/pages"}],"about":[{"href":"https:\/\/goldbecksolar.deteringdesign.com\/es\/wp-json\/wp\/v2\/types\/page"}],"author":[{"embeddable":true,"href":"https:\/\/goldbecksolar.deteringdesign.com\/es\/wp-json\/wp\/v2\/users\/1"}],"replies":[{"embeddable":true,"href":"https:\/\/goldbecksolar.deteringdesign.com\/es\/wp-json\/wp\/v2\/comments?post=19582"}],"version-history":[{"count":0,"href":"https:\/\/goldbecksolar.deteringdesign.com\/es\/wp-json\/wp\/v2\/pages\/19582\/revisions"}],"up":[{"embeddable":true,"href":"https:\/\/goldbecksolar.deteringdesign.com\/es\/wp-json\/wp\/v2\/pages\/19581"}],"wp:featuredmedia":[{"embeddable":true,"href":"https:\/\/goldbecksolar.deteringdesign.com\/es\/wp-json\/wp\/v2\/media\/14062"}],"wp:attachment":[{"href":"https:\/\/goldbecksolar.deteringdesign.com\/es\/wp-json\/wp\/v2\/media?parent=19582"}],"curies":[{"name":"wp","href":"https:\/\/api.w.org\/{rel}","templated":true}]}}