{"id":19584,"date":"2018-04-19T10:31:13","date_gmt":"2018-04-19T08:31:13","guid":{"rendered":"https:\/\/goldbecksolar.deteringdesign.com\/nuestros-servicios\/epc-desarrollo-adquisicion-y-realizacion\/"},"modified":"2018-04-19T10:31:13","modified_gmt":"2018-04-19T08:31:13","slug":"epc-desarrollo-adquisicion-y-realizacion","status":"publish","type":"page","link":"https:\/\/goldbecksolar.deteringdesign.com\/es\/nuestros-servicios\/epc-desarrollo-adquisicion-y-realizacion\/","title":"EPC: Desarrollo, adquisici\u00f3n y realizaci\u00f3n","content":"<h1>EPC: Ingenier\u00eda, Aprovisionamiento y Construcci\u00f3n<\/h1>\n<p>Dirige tu empresa hacia un futuro de energ\u00eda limpia. Con GOLDBECK SOLAR, puedes dar forma a tu camino hacia un suministro energ\u00e9tico sostenible. Estamos a tu lado desde la planificaci\u00f3n de tu sistema solar comercial, pasando por la adquisici\u00f3n de los materiales y servicios necesarios, hasta la realizaci\u00f3n.  <\/p>\n","excerpt":{"rendered":"<p>EPC: Ingenier\u00eda, Aprovisionamiento y Construcci\u00f3n Dirige tu empresa hacia un futuro de energ\u00eda limpia. Con GOLDBECK SOLAR, puedes dar forma a tu camino hacia un suministro energ\u00e9tico sostenible. Estamos a tu lado desde la planificaci\u00f3n de tu sistema solar comercial, pasando por la adquisici\u00f3n de los materiales y servicios necesarios, hasta la realizaci\u00f3n.<\/p>\n","protected":false},"author":1,"featured_media":{"alt":"","title":"Unsere Dienstleistungen","caption":"","width":2560,"height":1707,"sizes":{"thumbnail":"https:\/\/goldbecksolar.deteringdesign.com\/wp-content\/uploads\/2022\/06\/GP_9261-165x165.jpg","small":"https:\/\/goldbecksolar.deteringdesign.com\/wp-content\/uploads\/2022\/06\/GP_9261-700x467.jpg","medium":"https:\/\/goldbecksolar.deteringdesign.com\/wp-content\/uploads\/2022\/06\/GP_9261-768x512.jpg","large":"https:\/\/goldbecksolar.deteringdesign.com\/wp-content\/uploads\/2022\/06\/GP_9261-1620x1080.jpg","full":"https:\/\/goldbecksolar.deteringdesign.com\/wp-content\/uploads\/2022\/06\/GP_9261.jpg"},"srcset":"https:\/\/goldbecksolar.deteringdesign.com\/wp-content\/uploads\/2022\/06\/GP_9261-700x467.jpg 700w, https:\/\/goldbecksolar.deteringdesign.com\/wp-content\/uploads\/2022\/06\/GP_9261-1620x1080.jpg 1620w, https:\/\/goldbecksolar.deteringdesign.com\/wp-content\/uploads\/2022\/06\/GP_9261-768x512.jpg 768w, https:\/\/goldbecksolar.deteringdesign.com\/wp-content\/uploads\/2022\/06\/GP_9261-1536x1024.jpg 1536w, https:\/\/goldbecksolar.deteringdesign.com\/wp-content\/uploads\/2022\/06\/GP_9261-2048x1366.jpg 2048w, https:\/\/goldbecksolar.deteringdesign.com\/wp-content\/uploads\/2022\/06\/GP_9261-520x347.jpg 520w, https:\/\/goldbecksolar.deteringdesign.com\/wp-content\/uploads\/2022\/06\/GP_9261-320x213.jpg 320w"},"parent":19580,"menu_order":0,"comment_status":"closed","ping_status":"closed","template":"template-unterseite.php","meta":{"_acf_changed":false,"footnotes":""},"class_list":["post-19584","page","type-page","status-publish","has-post-thumbnail","hentry"],"acf":[],"type_label":"P\u00e1gina","_links":{"self":[{"href":"https:\/\/goldbecksolar.deteringdesign.com\/es\/wp-json\/wp\/v2\/pages\/19584","targetHints":{"allow":["GET"]}}],"collection":[{"href":"https:\/\/goldbecksolar.deteringdesign.com\/es\/wp-json\/wp\/v2\/pages"}],"about":[{"href":"https:\/\/goldbecksolar.deteringdesign.com\/es\/wp-json\/wp\/v2\/types\/page"}],"author":[{"embeddable":true,"href":"https:\/\/goldbecksolar.deteringdesign.com\/es\/wp-json\/wp\/v2\/users\/1"}],"replies":[{"embeddable":true,"href":"https:\/\/goldbecksolar.deteringdesign.com\/es\/wp-json\/wp\/v2\/comments?post=19584"}],"version-history":[{"count":0,"href":"https:\/\/goldbecksolar.deteringdesign.com\/es\/wp-json\/wp\/v2\/pages\/19584\/revisions"}],"up":[{"embeddable":true,"href":"https:\/\/goldbecksolar.deteringdesign.com\/es\/wp-json\/wp\/v2\/pages\/19580"}],"wp:featuredmedia":[{"embeddable":true,"href":"https:\/\/goldbecksolar.deteringdesign.com\/es\/wp-json\/wp\/v2\/media\/15979"}],"wp:attachment":[{"href":"https:\/\/goldbecksolar.deteringdesign.com\/es\/wp-json\/wp\/v2\/media?parent=19584"}],"curies":[{"name":"wp","href":"https:\/\/api.w.org\/{rel}","templated":true}]}}