{"id":19592,"date":"2019-08-14T10:43:13","date_gmt":"2019-08-14T08:43:13","guid":{"rendered":"https:\/\/goldbecksolar.deteringdesign.com\/innovaciones-para-el-mercado-de-la-energia\/"},"modified":"2019-08-14T10:43:13","modified_gmt":"2019-08-14T08:43:13","slug":"innovaciones-para-el-mercado-de-la-energia","status":"publish","type":"page","link":"https:\/\/goldbecksolar.deteringdesign.com\/es\/innovaciones-para-el-mercado-de-la-energia\/","title":"Innovaciones para el mercado de la energ\u00eda","content":"<p><span data-contrast=\"none\">Para que las soluciones solares tengan un efecto duradero, deben seguir desarroll\u00e1ndose constantemente. GOLDBECK SOLAR no espera a las innovaciones, sino que aporta su experiencia e impulsa activamente la innovaci\u00f3n. Junto con renombrados institutos de investigaci\u00f3n como el <a href=\"https:\/\/www.itwm.fraunhofer.de\/\" target=\"_blank\" rel=\"noopener\">Fraunhofer ITWM<\/a>, trabajamos en el mercado solar del futuro para nuestros clientes. En los \u00faltimos a\u00f1os, esto ha dado lugar a desarrollos pioneros para nuestro sector, como el <a href=\"https:\/\/goldbecksolar.deteringdesign.com\/innovationen\/solarplanner\/\">SolarPlanner<\/a> o <a href=\"https:\/\/goldbecksolar.deteringdesign.com\/innovationen\/marcs\/\">el sistema MarcS, que gan\u00f3 el Premio Intersolar<\/a>.   <\/span><span data-ccp-props=\"{\"201341983\":0,\"335551550\":2,\"335551620\":2,\"335559739\":0,\"335559740\":240}\"> <\/span><\/p>\n","excerpt":{"rendered":"<p>Para que las soluciones solares tengan un efecto duradero, deben seguir desarroll\u00e1ndose constantemente. GOLDBECK SOLAR no espera a las innovaciones, sino que aporta su experiencia e impulsa activamente la innovaci\u00f3n. Junto con renombrados institutos de investigaci\u00f3n como el Fraunhofer ITWM, trabajamos en el mercado solar del futuro para nuestros clientes. En los \u00faltimos a\u00f1os, esto [&hellip;]<\/p>\n","protected":false},"author":1,"featured_media":{"alt":"","title":"PM Goldbeck Solar Forschungsprojekt MarcS_3","caption":"","width":2560,"height":1920,"sizes":{"thumbnail":"https:\/\/goldbecksolar.deteringdesign.com\/wp-content\/uploads\/2022\/08\/PM-Goldbeck-Solar-Forschungsprojekt-MarcS_3-Kopie-165x165.jpg","small":"https:\/\/goldbecksolar.deteringdesign.com\/wp-content\/uploads\/2022\/08\/PM-Goldbeck-Solar-Forschungsprojekt-MarcS_3-Kopie-700x525.jpg","medium":"https:\/\/goldbecksolar.deteringdesign.com\/wp-content\/uploads\/2022\/08\/PM-Goldbeck-Solar-Forschungsprojekt-MarcS_3-Kopie-768x576.jpg","large":"https:\/\/goldbecksolar.deteringdesign.com\/wp-content\/uploads\/2022\/08\/PM-Goldbeck-Solar-Forschungsprojekt-MarcS_3-Kopie-1440x1080.jpg","full":"https:\/\/goldbecksolar.deteringdesign.com\/wp-content\/uploads\/2022\/08\/PM-Goldbeck-Solar-Forschungsprojekt-MarcS_3-Kopie-scaled.jpg"},"srcset":"https:\/\/goldbecksolar.deteringdesign.com\/wp-content\/uploads\/2022\/08\/PM-Goldbeck-Solar-Forschungsprojekt-MarcS_3-Kopie-700x525.jpg 700w, https:\/\/goldbecksolar.deteringdesign.com\/wp-content\/uploads\/2022\/08\/PM-Goldbeck-Solar-Forschungsprojekt-MarcS_3-Kopie-1440x1080.jpg 1440w, https:\/\/goldbecksolar.deteringdesign.com\/wp-content\/uploads\/2022\/08\/PM-Goldbeck-Solar-Forschungsprojekt-MarcS_3-Kopie-768x576.jpg 768w, https:\/\/goldbecksolar.deteringdesign.com\/wp-content\/uploads\/2022\/08\/PM-Goldbeck-Solar-Forschungsprojekt-MarcS_3-Kopie-1536x1152.jpg 1536w, https:\/\/goldbecksolar.deteringdesign.com\/wp-content\/uploads\/2022\/08\/PM-Goldbeck-Solar-Forschungsprojekt-MarcS_3-Kopie-2048x1536.jpg 2048w, https:\/\/goldbecksolar.deteringdesign.com\/wp-content\/uploads\/2022\/08\/PM-Goldbeck-Solar-Forschungsprojekt-MarcS_3-Kopie-520x390.jpg 520w, https:\/\/goldbecksolar.deteringdesign.com\/wp-content\/uploads\/2022\/08\/PM-Goldbeck-Solar-Forschungsprojekt-MarcS_3-Kopie-320x240.jpg 320w"},"parent":0,"menu_order":4,"comment_status":"closed","ping_status":"closed","template":"","meta":{"_acf_changed":false,"footnotes":""},"class_list":["post-19592","page","type-page","status-publish","has-post-thumbnail","hentry"],"acf":[],"type_label":"P\u00e1gina","_links":{"self":[{"href":"https:\/\/goldbecksolar.deteringdesign.com\/es\/wp-json\/wp\/v2\/pages\/19592","targetHints":{"allow":["GET"]}}],"collection":[{"href":"https:\/\/goldbecksolar.deteringdesign.com\/es\/wp-json\/wp\/v2\/pages"}],"about":[{"href":"https:\/\/goldbecksolar.deteringdesign.com\/es\/wp-json\/wp\/v2\/types\/page"}],"author":[{"embeddable":true,"href":"https:\/\/goldbecksolar.deteringdesign.com\/es\/wp-json\/wp\/v2\/users\/1"}],"replies":[{"embeddable":true,"href":"https:\/\/goldbecksolar.deteringdesign.com\/es\/wp-json\/wp\/v2\/comments?post=19592"}],"version-history":[{"count":0,"href":"https:\/\/goldbecksolar.deteringdesign.com\/es\/wp-json\/wp\/v2\/pages\/19592\/revisions"}],"wp:featuredmedia":[{"embeddable":true,"href":"https:\/\/goldbecksolar.deteringdesign.com\/es\/wp-json\/wp\/v2\/media\/16147"}],"wp:attachment":[{"href":"https:\/\/goldbecksolar.deteringdesign.com\/es\/wp-json\/wp\/v2\/media?parent=19592"}],"curies":[{"name":"wp","href":"https:\/\/api.w.org\/{rel}","templated":true}]}}