{"id":19595,"date":"2018-04-24T15:25:43","date_gmt":"2018-04-24T13:25:43","guid":{"rendered":"https:\/\/goldbecksolar.deteringdesign.com\/noticias\/eventos\/"},"modified":"2018-04-24T15:25:43","modified_gmt":"2018-04-24T13:25:43","slug":"eventos","status":"publish","type":"page","link":"https:\/\/goldbecksolar.deteringdesign.com\/es\/noticias\/eventos\/","title":"Eventos","content":"<p>Averigua en qu\u00e9 eventos, conferencias, funciones y ferias puedes conocer a GOLDBECK SOLAR.<\/p>\n<p>Estamos deseando conocerte en persona y hablar de posibles proyectos solares. Tambi\u00e9n puedes encontrar las \u00faltimas <a href=\"https:\/\/www.pressebox.de\/newsroom\/goldbeck-solar-gmbh-hirschberg-an-der-bergstrasse\">noticias<\/a>, actualizaciones y aspectos destacados sobre GOLDBECK SOLAR en nuestra secci\u00f3n de <a href=\"https:\/\/goldbecksolar.deteringdesign.com\/news\/\">noticias<\/a>. <\/p>\n","excerpt":{"rendered":"<p>Averigua en qu\u00e9 eventos, conferencias, funciones y ferias puedes conocer a GOLDBECK SOLAR. Estamos deseando conocerte en persona y hablar de posibles proyectos solares. Tambi\u00e9n puedes encontrar las \u00faltimas noticias, actualizaciones y aspectos destacados sobre GOLDBECK SOLAR en nuestra secci\u00f3n de noticias.<\/p>\n","protected":false},"author":1,"featured_media":{"alt":"","title":"GOLDBECK SOLAR Logo","caption":"RGB, JPEG","width":2560,"height":1920,"sizes":{"thumbnail":"https:\/\/goldbecksolar.deteringdesign.com\/wp-content\/uploads\/2020\/05\/goldbeck_solar_logo-165x165.jpg","small":"https:\/\/goldbecksolar.deteringdesign.com\/wp-content\/uploads\/2020\/05\/goldbeck_solar_logo-700x525.jpg","medium":"https:\/\/goldbecksolar.deteringdesign.com\/wp-content\/uploads\/2020\/05\/goldbeck_solar_logo-768x576.jpg","large":"https:\/\/goldbecksolar.deteringdesign.com\/wp-content\/uploads\/2020\/05\/goldbeck_solar_logo-1440x1080.jpg","full":"https:\/\/goldbecksolar.deteringdesign.com\/wp-content\/uploads\/2020\/05\/goldbeck_solar_logo-scaled.jpg"},"srcset":"https:\/\/goldbecksolar.deteringdesign.com\/wp-content\/uploads\/2020\/05\/goldbeck_solar_logo-700x525.jpg 700w, https:\/\/goldbecksolar.deteringdesign.com\/wp-content\/uploads\/2020\/05\/goldbeck_solar_logo-1440x1080.jpg 1440w, https:\/\/goldbecksolar.deteringdesign.com\/wp-content\/uploads\/2020\/05\/goldbeck_solar_logo-768x576.jpg 768w, https:\/\/goldbecksolar.deteringdesign.com\/wp-content\/uploads\/2020\/05\/goldbeck_solar_logo-1536x1152.jpg 1536w, https:\/\/goldbecksolar.deteringdesign.com\/wp-content\/uploads\/2020\/05\/goldbeck_solar_logo-2048x1536.jpg 2048w, https:\/\/goldbecksolar.deteringdesign.com\/wp-content\/uploads\/2020\/05\/goldbeck_solar_logo-520x390.jpg 520w, https:\/\/goldbecksolar.deteringdesign.com\/wp-content\/uploads\/2020\/05\/goldbeck_solar_logo-320x240.jpg 320w"},"parent":18647,"menu_order":1,"comment_status":"closed","ping_status":"closed","template":"","meta":{"_acf_changed":false,"footnotes":""},"class_list":["post-19595","page","type-page","status-publish","has-post-thumbnail","hentry"],"acf":[],"type_label":"P\u00e1gina","_links":{"self":[{"href":"https:\/\/goldbecksolar.deteringdesign.com\/es\/wp-json\/wp\/v2\/pages\/19595","targetHints":{"allow":["GET"]}}],"collection":[{"href":"https:\/\/goldbecksolar.deteringdesign.com\/es\/wp-json\/wp\/v2\/pages"}],"about":[{"href":"https:\/\/goldbecksolar.deteringdesign.com\/es\/wp-json\/wp\/v2\/types\/page"}],"author":[{"embeddable":true,"href":"https:\/\/goldbecksolar.deteringdesign.com\/es\/wp-json\/wp\/v2\/users\/1"}],"replies":[{"embeddable":true,"href":"https:\/\/goldbecksolar.deteringdesign.com\/es\/wp-json\/wp\/v2\/comments?post=19595"}],"version-history":[{"count":0,"href":"https:\/\/goldbecksolar.deteringdesign.com\/es\/wp-json\/wp\/v2\/pages\/19595\/revisions"}],"up":[{"embeddable":true,"href":"https:\/\/goldbecksolar.deteringdesign.com\/es\/wp-json\/wp\/v2\/pages\/18647"}],"wp:featuredmedia":[{"embeddable":true,"href":"https:\/\/goldbecksolar.deteringdesign.com\/es\/wp-json\/wp\/v2\/media\/14341"}],"wp:attachment":[{"href":"https:\/\/goldbecksolar.deteringdesign.com\/es\/wp-json\/wp\/v2\/media?parent=19595"}],"curies":[{"name":"wp","href":"https:\/\/api.w.org\/{rel}","templated":true}]}}