{"id":19601,"date":"2021-01-04T17:34:01","date_gmt":"2021-01-04T16:34:01","guid":{"rendered":"https:\/\/goldbecksolar.deteringdesign.com\/ingenieria\/"},"modified":"2025-05-20T14:52:16","modified_gmt":"2025-05-20T12:52:16","slug":"ingenieria","status":"publish","type":"page","link":"https:\/\/goldbecksolar.deteringdesign.com\/es\/nuestros-servicios\/om-operacion-y-mantenimiento\/ingenieria\/","title":"Ingenier\u00eda","content":"<h1>Ingenier\u00eda profesional<\/h1>\n<p>Los sistemas solares est\u00e1n dise\u00f1ados para convertir la energ\u00eda solar en electricidad utilizable durante 30 a\u00f1os o m\u00e1s. T\u00e9cnicamente pasan muchas cosas en 30 a\u00f1os. Ya sean actualizaciones necesarias o \u00fatiles, optimizaciones modernas o repotenciaci\u00f3n, nuestro equipo de ingenier\u00eda de O&amp;M se asegura de que tu sistema fotovoltaico de tejado o Parque solar funcione siempre al m\u00e1ximo nivel de rendimiento.  <\/p>\n<p>Nuestros conceptos de reparaci\u00f3n personalizados y nuestras soluciones de repotenciaci\u00f3n crean las mejores condiciones para una vida \u00fatil eficaz y rentable de tu inversi\u00f3n solar.<\/p>\n","excerpt":{"rendered":"<p>Ingenier\u00eda profesional Los sistemas solares est\u00e1n dise\u00f1ados para convertir la energ\u00eda solar en electricidad utilizable durante 30 a\u00f1os o m\u00e1s. T\u00e9cnicamente pasan muchas cosas en 30 a\u00f1os. Ya sean actualizaciones necesarias o \u00fatiles, optimizaciones modernas o repotenciaci\u00f3n, nuestro equipo de ingenier\u00eda de O&amp;M se asegura de que tu sistema fotovoltaico de tejado o Parque solar [&hellip;]<\/p>\n","protected":false},"author":1,"featured_media":{"alt":"","title":"O&#038;M GOLDBECK SOLAR","caption":"GOLDBECK SOLAR \u00fcbernimmt f\u00fcr Sie alle O&M-Dienstleistungen f\u00fcr Ihre Photovoltaikanlage.","width":2560,"height":1707,"sizes":{"thumbnail":"https:\/\/goldbecksolar.deteringdesign.com\/wp-content\/uploads\/2021\/09\/GP_9243-165x165.jpg","small":"https:\/\/goldbecksolar.deteringdesign.com\/wp-content\/uploads\/2021\/09\/GP_9243-700x467.jpg","medium":"https:\/\/goldbecksolar.deteringdesign.com\/wp-content\/uploads\/2021\/09\/GP_9243-768x512.jpg","large":"https:\/\/goldbecksolar.deteringdesign.com\/wp-content\/uploads\/2021\/09\/GP_9243-1620x1080.jpg","full":"https:\/\/goldbecksolar.deteringdesign.com\/wp-content\/uploads\/2021\/09\/GP_9243-scaled.jpg"},"srcset":"https:\/\/goldbecksolar.deteringdesign.com\/wp-content\/uploads\/2021\/09\/GP_9243-700x467.jpg 700w, https:\/\/goldbecksolar.deteringdesign.com\/wp-content\/uploads\/2021\/09\/GP_9243-1620x1080.jpg 1620w, https:\/\/goldbecksolar.deteringdesign.com\/wp-content\/uploads\/2021\/09\/GP_9243-768x512.jpg 768w, https:\/\/goldbecksolar.deteringdesign.com\/wp-content\/uploads\/2021\/09\/GP_9243-1536x1024.jpg 1536w, https:\/\/goldbecksolar.deteringdesign.com\/wp-content\/uploads\/2021\/09\/GP_9243-2048x1365.jpg 2048w, https:\/\/goldbecksolar.deteringdesign.com\/wp-content\/uploads\/2021\/09\/GP_9243-520x347.jpg 520w, https:\/\/goldbecksolar.deteringdesign.com\/wp-content\/uploads\/2021\/09\/GP_9243-320x213.jpg 320w"},"parent":19629,"menu_order":0,"comment_status":"closed","ping_status":"closed","template":"template-unterseite.php","meta":{"_acf_changed":false,"footnotes":""},"class_list":["post-19601","page","type-page","status-publish","has-post-thumbnail","hentry"],"acf":[],"type_label":"P\u00e1gina","_links":{"self":[{"href":"https:\/\/goldbecksolar.deteringdesign.com\/es\/wp-json\/wp\/v2\/pages\/19601","targetHints":{"allow":["GET"]}}],"collection":[{"href":"https:\/\/goldbecksolar.deteringdesign.com\/es\/wp-json\/wp\/v2\/pages"}],"about":[{"href":"https:\/\/goldbecksolar.deteringdesign.com\/es\/wp-json\/wp\/v2\/types\/page"}],"author":[{"embeddable":true,"href":"https:\/\/goldbecksolar.deteringdesign.com\/es\/wp-json\/wp\/v2\/users\/1"}],"replies":[{"embeddable":true,"href":"https:\/\/goldbecksolar.deteringdesign.com\/es\/wp-json\/wp\/v2\/comments?post=19601"}],"version-history":[{"count":1,"href":"https:\/\/goldbecksolar.deteringdesign.com\/es\/wp-json\/wp\/v2\/pages\/19601\/revisions"}],"predecessor-version":[{"id":19632,"href":"https:\/\/goldbecksolar.deteringdesign.com\/es\/wp-json\/wp\/v2\/pages\/19601\/revisions\/19632"}],"up":[{"embeddable":true,"href":"https:\/\/goldbecksolar.deteringdesign.com\/es\/wp-json\/wp\/v2\/pages\/19629"}],"wp:featuredmedia":[{"embeddable":true,"href":"https:\/\/goldbecksolar.deteringdesign.com\/es\/wp-json\/wp\/v2\/media\/15589"}],"wp:attachment":[{"href":"https:\/\/goldbecksolar.deteringdesign.com\/es\/wp-json\/wp\/v2\/media?parent=19601"}],"curies":[{"name":"wp","href":"https:\/\/api.w.org\/{rel}","templated":true}]}}