{"id":19605,"date":"2022-04-22T15:05:13","date_gmt":"2022-04-22T13:05:13","guid":{"rendered":"https:\/\/goldbecksolar.deteringdesign.com\/goldbeck-solar-sistemas-fotovoltaicos-para-el-comercio-y-la-industria\/"},"modified":"2026-01-20T13:45:18","modified_gmt":"2026-01-20T12:45:18","slug":"goldbeck-solar-sistemas-fotovoltaicos-para-el-comercio-y-la-industria","status":"publish","type":"page","link":"https:\/\/goldbecksolar.deteringdesign.com\/es\/","title":"GOLDBECK SOLAR: Sistemas fotovoltaicos para el comercio y la industria","content":"<h1>Energ\u00eda sostenible para empresas e inversores: con sistemas solares que cumplen lo que prometen<\/h1>\n<p class=\"p1\">GOLDBECK SOLAR apoya a sus clientes comerciales e industriales a lo largo de toda la cadena de valor de un proyecto solar: desde el desarrollo y la construcci\u00f3n del proyecto hasta la explotaci\u00f3n y venta de energ\u00eda limpia. Con m\u00e1s de 24 a\u00f1os de experiencia en el sector de las energ\u00edas renovables, somos un socio fiable. Nuestros sistemas fotovoltaicos integralmente planificados y llave en mano son sostenibles, bien pensados y rentables.<\/p>\n","excerpt":{"rendered":"<p>Energ\u00eda sostenible para empresas e inversores: con sistemas solares que cumplen lo que prometen GOLDBECK SOLAR apoya a sus clientes comerciales e industriales a lo largo de toda la cadena de valor de un proyecto solar: desde el desarrollo y la construcci\u00f3n del proyecto hasta la explotaci\u00f3n y venta de energ\u00eda limpia. Con m\u00e1s de [&hellip;]<\/p>\n","protected":false},"author":1,"featured_media":{"alt":"","title":"Photovoltaikanlagen Goldbeck Solar","caption":"","width":992,"height":1036,"sizes":{"thumbnail":"https:\/\/goldbecksolar.deteringdesign.com\/wp-content\/uploads\/2022\/06\/GP_9261_mobil-165x165.jpg","small":"https:\/\/goldbecksolar.deteringdesign.com\/wp-content\/uploads\/2022\/06\/GP_9261_mobil-670x700.jpg","medium":"https:\/\/goldbecksolar.deteringdesign.com\/wp-content\/uploads\/2022\/06\/GP_9261_mobil-768x802.jpg","large":"https:\/\/goldbecksolar.deteringdesign.com\/wp-content\/uploads\/2022\/06\/GP_9261_mobil.jpg","full":"https:\/\/goldbecksolar.deteringdesign.com\/wp-content\/uploads\/2022\/06\/GP_9261_mobil.jpg"},"srcset":"https:\/\/goldbecksolar.deteringdesign.com\/wp-content\/uploads\/2022\/06\/GP_9261_mobil-670x700.jpg 670w, https:\/\/goldbecksolar.deteringdesign.com\/wp-content\/uploads\/2022\/06\/GP_9261_mobil-768x802.jpg 768w, https:\/\/goldbecksolar.deteringdesign.com\/wp-content\/uploads\/2022\/06\/GP_9261_mobil-498x520.jpg 498w, https:\/\/goldbecksolar.deteringdesign.com\/wp-content\/uploads\/2022\/06\/GP_9261_mobil-306x320.jpg 306w, https:\/\/goldbecksolar.deteringdesign.com\/wp-content\/uploads\/2022\/06\/GP_9261_mobil.jpg 992w"},"parent":0,"menu_order":0,"comment_status":"closed","ping_status":"closed","template":"template-landingpage.php","meta":{"_acf_changed":false,"footnotes":""},"class_list":["post-19605","page","type-page","status-publish","has-post-thumbnail","hentry"],"acf":[],"type_label":"P\u00e1gina","_links":{"self":[{"href":"https:\/\/goldbecksolar.deteringdesign.com\/es\/wp-json\/wp\/v2\/pages\/19605","targetHints":{"allow":["GET"]}}],"collection":[{"href":"https:\/\/goldbecksolar.deteringdesign.com\/es\/wp-json\/wp\/v2\/pages"}],"about":[{"href":"https:\/\/goldbecksolar.deteringdesign.com\/es\/wp-json\/wp\/v2\/types\/page"}],"author":[{"embeddable":true,"href":"https:\/\/goldbecksolar.deteringdesign.com\/es\/wp-json\/wp\/v2\/users\/1"}],"replies":[{"embeddable":true,"href":"https:\/\/goldbecksolar.deteringdesign.com\/es\/wp-json\/wp\/v2\/comments?post=19605"}],"version-history":[{"count":1,"href":"https:\/\/goldbecksolar.deteringdesign.com\/es\/wp-json\/wp\/v2\/pages\/19605\/revisions"}],"predecessor-version":[{"id":20555,"href":"https:\/\/goldbecksolar.deteringdesign.com\/es\/wp-json\/wp\/v2\/pages\/19605\/revisions\/20555"}],"wp:featuredmedia":[{"embeddable":true,"href":"https:\/\/goldbecksolar.deteringdesign.com\/es\/wp-json\/wp\/v2\/media\/15976"}],"wp:attachment":[{"href":"https:\/\/goldbecksolar.deteringdesign.com\/es\/wp-json\/wp\/v2\/media?parent=19605"}],"curies":[{"name":"wp","href":"https:\/\/api.w.org\/{rel}","templated":true}]}}