{"id":19610,"date":"2024-11-25T14:50:13","date_gmt":"2024-11-25T13:50:13","guid":{"rendered":"https:\/\/goldbecksolar.deteringdesign.com\/somos-goldbeck-solar\/hechos-cifras-y-datos\/"},"modified":"2025-08-01T11:33:18","modified_gmt":"2025-08-01T09:33:18","slug":"hechos-cifras-y-datos","status":"publish","type":"page","link":"https:\/\/goldbecksolar.deteringdesign.com\/es\/somos-goldbeck-solar\/hechos-cifras-y-datos\/","title":"Hechos, cifras y datos","content":"<p>GOLDBECK SOLAR es una empresa internacional especializada en la construcci\u00f3n llave en mano de sistemas de energ\u00eda solar a escala comercial, industrial y a gran escala. Nuestros sistemas fotovoltaicos son sostenibles, est\u00e1n bien pensados, son rentables y se adaptan a las necesidades individuales de nuestros clientes. Junto contigo, generamos energ\u00eda limpia, a escala nacional e internacional.  <\/p>\n","excerpt":{"rendered":"<p>GOLDBECK SOLAR es una empresa internacional especializada en la construcci\u00f3n llave en mano de sistemas de energ\u00eda solar a escala comercial, industrial y a gran escala. Nuestros sistemas fotovoltaicos son sostenibles, est\u00e1n bien pensados, son rentables y se adaptan a las necesidades individuales de nuestros clientes. Junto contigo, generamos energ\u00eda limpia, a escala nacional e [&hellip;]<\/p>\n","protected":false},"author":9,"featured_media":{"alt":"","title":"Maasvlakte, Niederlande","caption":"","width":2048,"height":1536,"sizes":{"thumbnail":"https:\/\/goldbecksolar.deteringdesign.com\/wp-content\/uploads\/2024\/11\/GS_Solardach-165x165.webp","small":"https:\/\/goldbecksolar.deteringdesign.com\/wp-content\/uploads\/2024\/11\/GS_Solardach-700x525.webp","medium":"https:\/\/goldbecksolar.deteringdesign.com\/wp-content\/uploads\/2024\/11\/GS_Solardach-768x576.webp","large":"https:\/\/goldbecksolar.deteringdesign.com\/wp-content\/uploads\/2024\/11\/GS_Solardach-1440x1080.webp","full":"https:\/\/goldbecksolar.deteringdesign.com\/wp-content\/uploads\/2024\/11\/GS_Solardach.webp"},"srcset":"https:\/\/goldbecksolar.deteringdesign.com\/wp-content\/uploads\/2024\/11\/GS_Solardach-700x525.webp 700w, https:\/\/goldbecksolar.deteringdesign.com\/wp-content\/uploads\/2024\/11\/GS_Solardach-1440x1080.webp 1440w, https:\/\/goldbecksolar.deteringdesign.com\/wp-content\/uploads\/2024\/11\/GS_Solardach-768x576.webp 768w, https:\/\/goldbecksolar.deteringdesign.com\/wp-content\/uploads\/2024\/11\/GS_Solardach-1536x1152.webp 1536w, https:\/\/goldbecksolar.deteringdesign.com\/wp-content\/uploads\/2024\/11\/GS_Solardach-520x390.webp 520w, https:\/\/goldbecksolar.deteringdesign.com\/wp-content\/uploads\/2024\/11\/GS_Solardach-320x240.webp 320w, https:\/\/goldbecksolar.deteringdesign.com\/wp-content\/uploads\/2024\/11\/GS_Solardach.webp 2048w"},"parent":19578,"menu_order":0,"comment_status":"closed","ping_status":"closed","template":"","meta":{"_acf_changed":false,"footnotes":""},"class_list":["post-19610","page","type-page","status-publish","has-post-thumbnail","hentry"],"acf":[],"type_label":"P\u00e1gina","_links":{"self":[{"href":"https:\/\/goldbecksolar.deteringdesign.com\/es\/wp-json\/wp\/v2\/pages\/19610","targetHints":{"allow":["GET"]}}],"collection":[{"href":"https:\/\/goldbecksolar.deteringdesign.com\/es\/wp-json\/wp\/v2\/pages"}],"about":[{"href":"https:\/\/goldbecksolar.deteringdesign.com\/es\/wp-json\/wp\/v2\/types\/page"}],"author":[{"embeddable":true,"href":"https:\/\/goldbecksolar.deteringdesign.com\/es\/wp-json\/wp\/v2\/users\/9"}],"replies":[{"embeddable":true,"href":"https:\/\/goldbecksolar.deteringdesign.com\/es\/wp-json\/wp\/v2\/comments?post=19610"}],"version-history":[{"count":1,"href":"https:\/\/goldbecksolar.deteringdesign.com\/es\/wp-json\/wp\/v2\/pages\/19610\/revisions"}],"predecessor-version":[{"id":20205,"href":"https:\/\/goldbecksolar.deteringdesign.com\/es\/wp-json\/wp\/v2\/pages\/19610\/revisions\/20205"}],"up":[{"embeddable":true,"href":"https:\/\/goldbecksolar.deteringdesign.com\/es\/wp-json\/wp\/v2\/pages\/19578"}],"wp:featuredmedia":[{"embeddable":true,"href":"https:\/\/goldbecksolar.deteringdesign.com\/es\/wp-json\/wp\/v2\/media\/17119"}],"wp:attachment":[{"href":"https:\/\/goldbecksolar.deteringdesign.com\/es\/wp-json\/wp\/v2\/media?parent=19610"}],"curies":[{"name":"wp","href":"https:\/\/api.w.org\/{rel}","templated":true}]}}