{"id":19612,"date":"2024-11-27T10:32:13","date_gmt":"2024-11-27T09:32:13","guid":{"rendered":"https:\/\/goldbecksolar.deteringdesign.com\/faq-preguntas-mas-frecuentes\/"},"modified":"2024-11-27T10:32:13","modified_gmt":"2024-11-27T09:32:13","slug":"faq-preguntas-mas-frecuentes","status":"publish","type":"page","link":"https:\/\/goldbecksolar.deteringdesign.com\/es\/faq-preguntas-mas-frecuentes\/","title":"FAQ &#8211; Preguntas m\u00e1s frecuentes","content":"<p>Estaremos encantados de responder aqu\u00ed a las preguntas m\u00e1s frecuentes sobre la industria solar y GOLDBECK SOLAR.<\/p>\n","excerpt":{"rendered":"<p>Estaremos encantados de responder aqu\u00ed a las preguntas m\u00e1s frecuentes sobre la industria solar y GOLDBECK SOLAR.<\/p>\n","protected":false},"author":9,"featured_media":{"alt":"","title":"Copyright Klaus Rockenbauer","caption":"","width":2560,"height":1706,"sizes":{"thumbnail":"https:\/\/goldbecksolar.deteringdesign.com\/wp-content\/uploads\/2023\/01\/DJI_0556-Klaus-Rockenbauer2-165x165.jpg","small":"https:\/\/goldbecksolar.deteringdesign.com\/wp-content\/uploads\/2023\/01\/DJI_0556-Klaus-Rockenbauer2-700x466.jpg","medium":"https:\/\/goldbecksolar.deteringdesign.com\/wp-content\/uploads\/2023\/01\/DJI_0556-Klaus-Rockenbauer2-768x512.jpg","large":"https:\/\/goldbecksolar.deteringdesign.com\/wp-content\/uploads\/2023\/01\/DJI_0556-Klaus-Rockenbauer2-1621x1080.jpg","full":"https:\/\/goldbecksolar.deteringdesign.com\/wp-content\/uploads\/2023\/01\/DJI_0556-Klaus-Rockenbauer2-scaled.jpg"},"srcset":"https:\/\/goldbecksolar.deteringdesign.com\/wp-content\/uploads\/2023\/01\/DJI_0556-Klaus-Rockenbauer2-700x466.jpg 700w, https:\/\/goldbecksolar.deteringdesign.com\/wp-content\/uploads\/2023\/01\/DJI_0556-Klaus-Rockenbauer2-1621x1080.jpg 1621w, https:\/\/goldbecksolar.deteringdesign.com\/wp-content\/uploads\/2023\/01\/DJI_0556-Klaus-Rockenbauer2-768x512.jpg 768w, https:\/\/goldbecksolar.deteringdesign.com\/wp-content\/uploads\/2023\/01\/DJI_0556-Klaus-Rockenbauer2-1536x1023.jpg 1536w, https:\/\/goldbecksolar.deteringdesign.com\/wp-content\/uploads\/2023\/01\/DJI_0556-Klaus-Rockenbauer2-2048x1364.jpg 2048w, https:\/\/goldbecksolar.deteringdesign.com\/wp-content\/uploads\/2023\/01\/DJI_0556-Klaus-Rockenbauer2-520x346.jpg 520w, https:\/\/goldbecksolar.deteringdesign.com\/wp-content\/uploads\/2023\/01\/DJI_0556-Klaus-Rockenbauer2-320x213.jpg 320w"},"parent":0,"menu_order":19,"comment_status":"closed","ping_status":"closed","template":"","meta":{"_acf_changed":false,"footnotes":""},"class_list":["post-19612","page","type-page","status-publish","has-post-thumbnail","hentry"],"acf":[],"type_label":"P\u00e1gina","_links":{"self":[{"href":"https:\/\/goldbecksolar.deteringdesign.com\/es\/wp-json\/wp\/v2\/pages\/19612","targetHints":{"allow":["GET"]}}],"collection":[{"href":"https:\/\/goldbecksolar.deteringdesign.com\/es\/wp-json\/wp\/v2\/pages"}],"about":[{"href":"https:\/\/goldbecksolar.deteringdesign.com\/es\/wp-json\/wp\/v2\/types\/page"}],"author":[{"embeddable":true,"href":"https:\/\/goldbecksolar.deteringdesign.com\/es\/wp-json\/wp\/v2\/users\/9"}],"replies":[{"embeddable":true,"href":"https:\/\/goldbecksolar.deteringdesign.com\/es\/wp-json\/wp\/v2\/comments?post=19612"}],"version-history":[{"count":0,"href":"https:\/\/goldbecksolar.deteringdesign.com\/es\/wp-json\/wp\/v2\/pages\/19612\/revisions"}],"wp:featuredmedia":[{"embeddable":true,"href":"https:\/\/goldbecksolar.deteringdesign.com\/es\/wp-json\/wp\/v2\/media\/16339"}],"wp:attachment":[{"href":"https:\/\/goldbecksolar.deteringdesign.com\/es\/wp-json\/wp\/v2\/media?parent=19612"}],"curies":[{"name":"wp","href":"https:\/\/api.w.org\/{rel}","templated":true}]}}