{"id":19614,"date":"2024-11-29T09:27:13","date_gmt":"2024-11-29T08:27:13","guid":{"rendered":"https:\/\/goldbecksolar.deteringdesign.com\/goldbeck-solar-inversion\/"},"modified":"2024-11-29T09:27:13","modified_gmt":"2024-11-29T08:27:13","slug":"goldbeck-solar-inversion","status":"publish","type":"page","link":"https:\/\/goldbecksolar.deteringdesign.com\/es\/goldbeck-solar-inversion\/","title":"GOLDBECK SOLAR Inversi\u00f3n","content":"<h1>Gesti\u00f3n de activos, desarrollo de proyectos y financiaci\u00f3n para el comercio y la industria<\/h1>\n","excerpt":{"rendered":"<p>Gesti\u00f3n de activos, desarrollo de proyectos y financiaci\u00f3n para el comercio y la industria<\/p>\n","protected":false},"author":1,"featured_media":{"alt":"","title":"Solarpanele_GSI Investment","caption":"","width":2560,"height":1440,"sizes":{"thumbnail":"https:\/\/goldbecksolar.deteringdesign.com\/wp-content\/uploads\/2024\/11\/P1160084_Investment_Header_2-165x165.jpg","small":"https:\/\/goldbecksolar.deteringdesign.com\/wp-content\/uploads\/2024\/11\/P1160084_Investment_Header_2-700x394.jpg","medium":"https:\/\/goldbecksolar.deteringdesign.com\/wp-content\/uploads\/2024\/11\/P1160084_Investment_Header_2-768x432.jpg","large":"https:\/\/goldbecksolar.deteringdesign.com\/wp-content\/uploads\/2024\/11\/P1160084_Investment_Header_2-1920x1080.jpg","full":"https:\/\/goldbecksolar.deteringdesign.com\/wp-content\/uploads\/2024\/11\/P1160084_Investment_Header_2-scaled.jpg"},"srcset":"https:\/\/goldbecksolar.deteringdesign.com\/wp-content\/uploads\/2024\/11\/P1160084_Investment_Header_2-700x394.jpg 700w, https:\/\/goldbecksolar.deteringdesign.com\/wp-content\/uploads\/2024\/11\/P1160084_Investment_Header_2-1920x1080.jpg 1920w, https:\/\/goldbecksolar.deteringdesign.com\/wp-content\/uploads\/2024\/11\/P1160084_Investment_Header_2-768x432.jpg 768w, https:\/\/goldbecksolar.deteringdesign.com\/wp-content\/uploads\/2024\/11\/P1160084_Investment_Header_2-1536x864.jpg 1536w, https:\/\/goldbecksolar.deteringdesign.com\/wp-content\/uploads\/2024\/11\/P1160084_Investment_Header_2-2048x1152.jpg 2048w, https:\/\/goldbecksolar.deteringdesign.com\/wp-content\/uploads\/2024\/11\/P1160084_Investment_Header_2-520x293.jpg 520w, https:\/\/goldbecksolar.deteringdesign.com\/wp-content\/uploads\/2024\/11\/P1160084_Investment_Header_2-320x180.jpg 320w"},"parent":0,"menu_order":9,"comment_status":"closed","ping_status":"closed","template":"template-landingpage.php","meta":{"_acf_changed":false,"footnotes":""},"class_list":["post-19614","page","type-page","status-publish","has-post-thumbnail","hentry"],"acf":[],"type_label":"P\u00e1gina","_links":{"self":[{"href":"https:\/\/goldbecksolar.deteringdesign.com\/es\/wp-json\/wp\/v2\/pages\/19614","targetHints":{"allow":["GET"]}}],"collection":[{"href":"https:\/\/goldbecksolar.deteringdesign.com\/es\/wp-json\/wp\/v2\/pages"}],"about":[{"href":"https:\/\/goldbecksolar.deteringdesign.com\/es\/wp-json\/wp\/v2\/types\/page"}],"author":[{"embeddable":true,"href":"https:\/\/goldbecksolar.deteringdesign.com\/es\/wp-json\/wp\/v2\/users\/1"}],"replies":[{"embeddable":true,"href":"https:\/\/goldbecksolar.deteringdesign.com\/es\/wp-json\/wp\/v2\/comments?post=19614"}],"version-history":[{"count":0,"href":"https:\/\/goldbecksolar.deteringdesign.com\/es\/wp-json\/wp\/v2\/pages\/19614\/revisions"}],"wp:featuredmedia":[{"embeddable":true,"href":"https:\/\/goldbecksolar.deteringdesign.com\/es\/wp-json\/wp\/v2\/media\/17275"}],"wp:attachment":[{"href":"https:\/\/goldbecksolar.deteringdesign.com\/es\/wp-json\/wp\/v2\/media?parent=19614"}],"curies":[{"name":"wp","href":"https:\/\/api.w.org\/{rel}","templated":true}]}}