{"id":19618,"date":"2024-11-29T09:50:13","date_gmt":"2024-11-29T08:50:13","guid":{"rendered":"https:\/\/goldbecksolar.deteringdesign.com\/goldbeck-solar-inversion\/goldbeck-solar-investment-tus-expertos-en-inversiones-fotovoltaicas\/nuestro-equipo-de-inversion-goldbeck-solar\/"},"modified":"2024-11-29T09:50:13","modified_gmt":"2024-11-29T08:50:13","slug":"nuestro-equipo-de-inversion-goldbeck-solar","status":"publish","type":"page","link":"https:\/\/goldbecksolar.deteringdesign.com\/es\/goldbeck-solar-inversion\/goldbeck-solar-investment-tus-expertos-en-inversiones-fotovoltaicas\/nuestro-equipo-de-inversion-goldbeck-solar\/","title":"Nuestro equipo de inversi\u00f3n GOLDBECK SOLAR","content":"<p>Desde nuestra fundaci\u00f3n en 2018, hemos creado nuestro equipo de inversi\u00f3n GOLDBECK SOLAR altamente cualificado, que hoy est\u00e1 formado por trece expertos de diez pa\u00edses diferentes. Nuestros empleados cuentan con una amplia experiencia en el sector de la energ\u00eda solar y la inversi\u00f3n. Junto con nuestros colegas del Grupo GOLDBECK SOLAR, nos centramos en una cooperaci\u00f3n fiable con nuestros clientes.  <\/p>\n","excerpt":{"rendered":"<p>Desde nuestra fundaci\u00f3n en 2018, hemos creado nuestro equipo de inversi\u00f3n GOLDBECK SOLAR altamente cualificado, que hoy est\u00e1 formado por trece expertos de diez pa\u00edses diferentes. Nuestros empleados cuentan con una amplia experiencia en el sector de la energ\u00eda solar y la inversi\u00f3n. Junto con nuestros colegas del Grupo GOLDBECK SOLAR, nos centramos en una [&hellip;]<\/p>\n","protected":false},"author":1,"featured_media":{"alt":"","title":"GS Investment Team_outside","caption":"","width":2560,"height":1391,"sizes":{"thumbnail":"https:\/\/goldbecksolar.deteringdesign.com\/wp-content\/uploads\/2024\/12\/GS-Investment-Team_outside-165x165.jpg","small":"https:\/\/goldbecksolar.deteringdesign.com\/wp-content\/uploads\/2024\/12\/GS-Investment-Team_outside-700x380.jpg","medium":"https:\/\/goldbecksolar.deteringdesign.com\/wp-content\/uploads\/2024\/12\/GS-Investment-Team_outside-768x417.jpg","large":"https:\/\/goldbecksolar.deteringdesign.com\/wp-content\/uploads\/2024\/12\/GS-Investment-Team_outside-1920x1043.jpg","full":"https:\/\/goldbecksolar.deteringdesign.com\/wp-content\/uploads\/2024\/12\/GS-Investment-Team_outside-scaled.jpg"},"srcset":"https:\/\/goldbecksolar.deteringdesign.com\/wp-content\/uploads\/2024\/12\/GS-Investment-Team_outside-700x380.jpg 700w, https:\/\/goldbecksolar.deteringdesign.com\/wp-content\/uploads\/2024\/12\/GS-Investment-Team_outside-1920x1043.jpg 1920w, https:\/\/goldbecksolar.deteringdesign.com\/wp-content\/uploads\/2024\/12\/GS-Investment-Team_outside-768x417.jpg 768w, https:\/\/goldbecksolar.deteringdesign.com\/wp-content\/uploads\/2024\/12\/GS-Investment-Team_outside-1536x835.jpg 1536w, https:\/\/goldbecksolar.deteringdesign.com\/wp-content\/uploads\/2024\/12\/GS-Investment-Team_outside-2048x1113.jpg 2048w, https:\/\/goldbecksolar.deteringdesign.com\/wp-content\/uploads\/2024\/12\/GS-Investment-Team_outside-520x283.jpg 520w, https:\/\/goldbecksolar.deteringdesign.com\/wp-content\/uploads\/2024\/12\/GS-Investment-Team_outside-320x174.jpg 320w"},"parent":19616,"menu_order":1,"comment_status":"closed","ping_status":"closed","template":"","meta":{"_acf_changed":false,"footnotes":""},"class_list":["post-19618","page","type-page","status-publish","has-post-thumbnail","hentry"],"acf":[],"type_label":"P\u00e1gina","_links":{"self":[{"href":"https:\/\/goldbecksolar.deteringdesign.com\/es\/wp-json\/wp\/v2\/pages\/19618","targetHints":{"allow":["GET"]}}],"collection":[{"href":"https:\/\/goldbecksolar.deteringdesign.com\/es\/wp-json\/wp\/v2\/pages"}],"about":[{"href":"https:\/\/goldbecksolar.deteringdesign.com\/es\/wp-json\/wp\/v2\/types\/page"}],"author":[{"embeddable":true,"href":"https:\/\/goldbecksolar.deteringdesign.com\/es\/wp-json\/wp\/v2\/users\/1"}],"replies":[{"embeddable":true,"href":"https:\/\/goldbecksolar.deteringdesign.com\/es\/wp-json\/wp\/v2\/comments?post=19618"}],"version-history":[{"count":0,"href":"https:\/\/goldbecksolar.deteringdesign.com\/es\/wp-json\/wp\/v2\/pages\/19618\/revisions"}],"up":[{"embeddable":true,"href":"https:\/\/goldbecksolar.deteringdesign.com\/es\/wp-json\/wp\/v2\/pages\/19616"}],"wp:featuredmedia":[{"embeddable":true,"href":"https:\/\/goldbecksolar.deteringdesign.com\/es\/wp-json\/wp\/v2\/media\/17344"}],"wp:attachment":[{"href":"https:\/\/goldbecksolar.deteringdesign.com\/es\/wp-json\/wp\/v2\/media?parent=19618"}],"curies":[{"name":"wp","href":"https:\/\/api.w.org\/{rel}","templated":true}]}}