{"id":19625,"date":"2024-12-09T17:14:59","date_gmt":"2024-12-09T16:14:59","guid":{"rendered":"https:\/\/goldbecksolar.deteringdesign.com\/innovaciones-para-el-mercado-de-la-energia\/todo-de-un-vistazo-la-obra-digital\/"},"modified":"2024-12-09T17:14:59","modified_gmt":"2024-12-09T16:14:59","slug":"todo-de-un-vistazo-la-obra-digital","status":"publish","type":"page","link":"https:\/\/goldbecksolar.deteringdesign.com\/es\/innovaciones-para-el-mercado-de-la-energia\/todo-de-un-vistazo-la-obra-digital\/","title":"Todo de un vistazo: la obra digital","content":"<p>Las herramientas digitales y las tecnolog\u00edas basadas en la nube nos ayudan en muchos procesos cotidianos. Tambi\u00e9n queremos aprovechar sus ventajas para nuestros sistemas fotovoltaicos. Con la obra digital, GOLDBECK SOLAR est\u00e1 probando el futuro de la construcci\u00f3n de plantas solares en proyectos solares en Alemania y Canad\u00e1.  <\/p>\n","excerpt":{"rendered":"<p>Las herramientas digitales y las tecnolog\u00edas basadas en la nube nos ayudan en muchos procesos cotidianos. Tambi\u00e9n queremos aprovechar sus ventajas para nuestros sistemas fotovoltaicos. Con la obra digital, GOLDBECK SOLAR est\u00e1 probando el futuro de la construcci\u00f3n de plantas solares en proyectos solares en Alemania y Canad\u00e1.<\/p>\n","protected":false},"author":3,"featured_media":{"alt":"","title":"O&#038;M: Operation &#038; Maintenance","caption":"","width":2222,"height":1014,"sizes":{"thumbnail":"https:\/\/goldbecksolar.deteringdesign.com\/wp-content\/uploads\/2021\/01\/om_header_1-165x165.jpg","small":"https:\/\/goldbecksolar.deteringdesign.com\/wp-content\/uploads\/2021\/01\/om_header_1-700x319.jpg","medium":"https:\/\/goldbecksolar.deteringdesign.com\/wp-content\/uploads\/2021\/01\/om_header_1-768x350.jpg","large":"https:\/\/goldbecksolar.deteringdesign.com\/wp-content\/uploads\/2021\/01\/om_header_1-1920x876.jpg","full":"https:\/\/goldbecksolar.deteringdesign.com\/wp-content\/uploads\/2021\/01\/om_header_1.jpg"},"srcset":"https:\/\/goldbecksolar.deteringdesign.com\/wp-content\/uploads\/2021\/01\/om_header_1-700x319.jpg 700w, https:\/\/goldbecksolar.deteringdesign.com\/wp-content\/uploads\/2021\/01\/om_header_1-1920x876.jpg 1920w, https:\/\/goldbecksolar.deteringdesign.com\/wp-content\/uploads\/2021\/01\/om_header_1-768x350.jpg 768w, https:\/\/goldbecksolar.deteringdesign.com\/wp-content\/uploads\/2021\/01\/om_header_1-1536x701.jpg 1536w, https:\/\/goldbecksolar.deteringdesign.com\/wp-content\/uploads\/2021\/01\/om_header_1-2048x935.jpg 2048w, https:\/\/goldbecksolar.deteringdesign.com\/wp-content\/uploads\/2021\/01\/om_header_1-520x237.jpg 520w, https:\/\/goldbecksolar.deteringdesign.com\/wp-content\/uploads\/2021\/01\/om_header_1-320x146.jpg 320w"},"parent":19592,"menu_order":3,"comment_status":"closed","ping_status":"closed","template":"","meta":{"_acf_changed":false,"footnotes":""},"class_list":["post-19625","page","type-page","status-publish","has-post-thumbnail","hentry"],"acf":[],"type_label":"P\u00e1gina","_links":{"self":[{"href":"https:\/\/goldbecksolar.deteringdesign.com\/es\/wp-json\/wp\/v2\/pages\/19625","targetHints":{"allow":["GET"]}}],"collection":[{"href":"https:\/\/goldbecksolar.deteringdesign.com\/es\/wp-json\/wp\/v2\/pages"}],"about":[{"href":"https:\/\/goldbecksolar.deteringdesign.com\/es\/wp-json\/wp\/v2\/types\/page"}],"author":[{"embeddable":true,"href":"https:\/\/goldbecksolar.deteringdesign.com\/es\/wp-json\/wp\/v2\/users\/3"}],"replies":[{"embeddable":true,"href":"https:\/\/goldbecksolar.deteringdesign.com\/es\/wp-json\/wp\/v2\/comments?post=19625"}],"version-history":[{"count":0,"href":"https:\/\/goldbecksolar.deteringdesign.com\/es\/wp-json\/wp\/v2\/pages\/19625\/revisions"}],"up":[{"embeddable":true,"href":"https:\/\/goldbecksolar.deteringdesign.com\/es\/wp-json\/wp\/v2\/pages\/19592"}],"wp:featuredmedia":[{"embeddable":true,"href":"https:\/\/goldbecksolar.deteringdesign.com\/es\/wp-json\/wp\/v2\/media\/14974"}],"wp:attachment":[{"href":"https:\/\/goldbecksolar.deteringdesign.com\/es\/wp-json\/wp\/v2\/media?parent=19625"}],"curies":[{"name":"wp","href":"https:\/\/api.w.org\/{rel}","templated":true}]}}