{"id":19633,"date":"2024-12-10T11:02:53","date_gmt":"2024-12-10T10:02:53","guid":{"rendered":"https:\/\/goldbecksolar.deteringdesign.com\/goldbeck-solar-inversion\/vision-general-del-proyecto-y-exitos\/proyectos\/proyectos-en-construccion\/"},"modified":"2024-12-10T11:02:53","modified_gmt":"2024-12-10T10:02:53","slug":"proyectos-en-construccion","status":"publish","type":"page","link":"https:\/\/goldbecksolar.deteringdesign.com\/es\/goldbeck-solar-inversion\/vision-general-del-proyecto-y-exitos\/proyectos\/proyectos-en-construccion\/","title":"Proyectos en construcci\u00f3n","content":"<p style=\"text-align: center;\">Actualmente se est\u00e1n construyendo dos plantas solares que suministrar\u00e1n energ\u00eda sostenible a miles de hogares. Cifras de GOLDBECK SOLAR Inversi\u00f3n que suenan bien. Compru\u00e9balo t\u00fa mismo: El siguiente resumen muestra nuestras <a href=\"https:\/\/goldbecksolar.deteringdesign.com\/photovoltaik\/\">plantas<\/a> solares en construcci\u00f3n, que estamos realizando actualmente para nuestros clientes con GOLDBECK SOLAR.  <\/p>\n","excerpt":{"rendered":"<p>Actualmente se est\u00e1n construyendo dos plantas solares que suministrar\u00e1n energ\u00eda sostenible a miles de hogares. Cifras de GOLDBECK SOLAR Inversi\u00f3n que suenan bien. Compru\u00e9balo t\u00fa mismo: El siguiente resumen muestra nuestras plantas solares en construcci\u00f3n, que estamos realizando actualmente para nuestros clientes con GOLDBECK SOLAR.<\/p>\n","protected":false},"author":9,"featured_media":{"alt":"","title":"Reimerswaal 1","caption":"Reimerswaal 1","width":2560,"height":1440,"sizes":{"thumbnail":"https:\/\/goldbecksolar.deteringdesign.com\/wp-content\/uploads\/2023\/11\/GOLDBECK-SOLAR_Reimerswaal-1-Bathpolder_Rilland_Netherlands-165x165.jpg","small":"https:\/\/goldbecksolar.deteringdesign.com\/wp-content\/uploads\/2023\/11\/GOLDBECK-SOLAR_Reimerswaal-1-Bathpolder_Rilland_Netherlands-700x394.jpg","medium":"https:\/\/goldbecksolar.deteringdesign.com\/wp-content\/uploads\/2023\/11\/GOLDBECK-SOLAR_Reimerswaal-1-Bathpolder_Rilland_Netherlands-768x432.jpg","large":"https:\/\/goldbecksolar.deteringdesign.com\/wp-content\/uploads\/2023\/11\/GOLDBECK-SOLAR_Reimerswaal-1-Bathpolder_Rilland_Netherlands-1920x1080.jpg","full":"https:\/\/goldbecksolar.deteringdesign.com\/wp-content\/uploads\/2023\/11\/GOLDBECK-SOLAR_Reimerswaal-1-Bathpolder_Rilland_Netherlands-scaled.jpg"},"srcset":"https:\/\/goldbecksolar.deteringdesign.com\/wp-content\/uploads\/2023\/11\/GOLDBECK-SOLAR_Reimerswaal-1-Bathpolder_Rilland_Netherlands-700x394.jpg 700w, https:\/\/goldbecksolar.deteringdesign.com\/wp-content\/uploads\/2023\/11\/GOLDBECK-SOLAR_Reimerswaal-1-Bathpolder_Rilland_Netherlands-1920x1080.jpg 1920w, https:\/\/goldbecksolar.deteringdesign.com\/wp-content\/uploads\/2023\/11\/GOLDBECK-SOLAR_Reimerswaal-1-Bathpolder_Rilland_Netherlands-768x432.jpg 768w, https:\/\/goldbecksolar.deteringdesign.com\/wp-content\/uploads\/2023\/11\/GOLDBECK-SOLAR_Reimerswaal-1-Bathpolder_Rilland_Netherlands-1536x864.jpg 1536w, https:\/\/goldbecksolar.deteringdesign.com\/wp-content\/uploads\/2023\/11\/GOLDBECK-SOLAR_Reimerswaal-1-Bathpolder_Rilland_Netherlands-2048x1152.jpg 2048w, https:\/\/goldbecksolar.deteringdesign.com\/wp-content\/uploads\/2023\/11\/GOLDBECK-SOLAR_Reimerswaal-1-Bathpolder_Rilland_Netherlands-520x293.jpg 520w, https:\/\/goldbecksolar.deteringdesign.com\/wp-content\/uploads\/2023\/11\/GOLDBECK-SOLAR_Reimerswaal-1-Bathpolder_Rilland_Netherlands-320x180.jpg 320w"},"parent":19630,"menu_order":2,"comment_status":"closed","ping_status":"closed","template":"","meta":{"_acf_changed":false,"footnotes":""},"class_list":["post-19633","page","type-page","status-publish","has-post-thumbnail","hentry"],"acf":[],"type_label":"P\u00e1gina","_links":{"self":[{"href":"https:\/\/goldbecksolar.deteringdesign.com\/es\/wp-json\/wp\/v2\/pages\/19633","targetHints":{"allow":["GET"]}}],"collection":[{"href":"https:\/\/goldbecksolar.deteringdesign.com\/es\/wp-json\/wp\/v2\/pages"}],"about":[{"href":"https:\/\/goldbecksolar.deteringdesign.com\/es\/wp-json\/wp\/v2\/types\/page"}],"author":[{"embeddable":true,"href":"https:\/\/goldbecksolar.deteringdesign.com\/es\/wp-json\/wp\/v2\/users\/9"}],"replies":[{"embeddable":true,"href":"https:\/\/goldbecksolar.deteringdesign.com\/es\/wp-json\/wp\/v2\/comments?post=19633"}],"version-history":[{"count":0,"href":"https:\/\/goldbecksolar.deteringdesign.com\/es\/wp-json\/wp\/v2\/pages\/19633\/revisions"}],"up":[{"embeddable":true,"href":"https:\/\/goldbecksolar.deteringdesign.com\/es\/wp-json\/wp\/v2\/pages\/19630"}],"wp:featuredmedia":[{"embeddable":true,"href":"https:\/\/goldbecksolar.deteringdesign.com\/es\/wp-json\/wp\/v2\/media\/16714"}],"wp:attachment":[{"href":"https:\/\/goldbecksolar.deteringdesign.com\/es\/wp-json\/wp\/v2\/media?parent=19633"}],"curies":[{"name":"wp","href":"https:\/\/api.w.org\/{rel}","templated":true}]}}