{"id":19635,"date":"2024-12-10T11:03:20","date_gmt":"2024-12-10T10:03:20","guid":{"rendered":"https:\/\/goldbecksolar.deteringdesign.com\/goldbeck-solar-inversion\/vision-general-del-proyecto-y-exitos\/proyectos\/proyectos-en-funcionamiento\/"},"modified":"2024-12-10T11:03:20","modified_gmt":"2024-12-10T10:03:20","slug":"proyectos-en-funcionamiento","status":"publish","type":"page","link":"https:\/\/goldbecksolar.deteringdesign.com\/es\/goldbeck-solar-inversion\/vision-general-del-proyecto-y-exitos\/proyectos\/proyectos-en-funcionamiento\/","title":"Proyectos en funcionamiento","content":"<p style=\"text-align: center;\">Nuestro <a href=\"https:\/\/goldbecksolar.deteringdesign.com\/was-wir-tun\/asset-management\/\">equipo de gesti\u00f3n de activos<\/a> gestiona los sistemas fotovoltaicos en funcionamiento y garantiza su optimizaci\u00f3n econ\u00f3mica y t\u00e9cnica. Actualmente gestionamos 400 MWp que consisten en una combinaci\u00f3n de plantas solares propias y de socios. Nuestro objetivo es maximizar continuamente el rendimiento de las plantas y garantizar un aumento del valor a largo plazo.  <\/p>\n<p style=\"text-align: center;\">Aqu\u00ed puedes ver los sistemas fotovoltaicos que operamos actualmente.<\/p>\n","excerpt":{"rendered":"<p>Nuestro equipo de gesti\u00f3n de activos gestiona los sistemas fotovoltaicos en funcionamiento y garantiza su optimizaci\u00f3n econ\u00f3mica y t\u00e9cnica. Actualmente gestionamos 400 MWp que consisten en una combinaci\u00f3n de plantas solares propias y de socios. Nuestro objetivo es maximizar continuamente el rendimiento de las plantas y garantizar un aumento del valor a largo plazo. Aqu\u00ed [&hellip;]<\/p>\n","protected":false},"author":9,"featured_media":{"alt":"","title":"solarpark_zwartowo","caption":"","width":2560,"height":1707,"sizes":{"thumbnail":"https:\/\/goldbecksolar.deteringdesign.com\/wp-content\/uploads\/2022\/03\/solarpark_zwartowo-165x165.jpg","small":"https:\/\/goldbecksolar.deteringdesign.com\/wp-content\/uploads\/2022\/03\/solarpark_zwartowo-700x467.jpg","medium":"https:\/\/goldbecksolar.deteringdesign.com\/wp-content\/uploads\/2022\/03\/solarpark_zwartowo-768x512.jpg","large":"https:\/\/goldbecksolar.deteringdesign.com\/wp-content\/uploads\/2022\/03\/solarpark_zwartowo-1620x1080.jpg","full":"https:\/\/goldbecksolar.deteringdesign.com\/wp-content\/uploads\/2022\/03\/solarpark_zwartowo-scaled.jpg"},"srcset":"https:\/\/goldbecksolar.deteringdesign.com\/wp-content\/uploads\/2022\/03\/solarpark_zwartowo-700x467.jpg 700w, https:\/\/goldbecksolar.deteringdesign.com\/wp-content\/uploads\/2022\/03\/solarpark_zwartowo-1620x1080.jpg 1620w, https:\/\/goldbecksolar.deteringdesign.com\/wp-content\/uploads\/2022\/03\/solarpark_zwartowo-768x512.jpg 768w, https:\/\/goldbecksolar.deteringdesign.com\/wp-content\/uploads\/2022\/03\/solarpark_zwartowo-1536x1024.jpg 1536w, https:\/\/goldbecksolar.deteringdesign.com\/wp-content\/uploads\/2022\/03\/solarpark_zwartowo-2048x1365.jpg 2048w, https:\/\/goldbecksolar.deteringdesign.com\/wp-content\/uploads\/2022\/03\/solarpark_zwartowo-520x347.jpg 520w, https:\/\/goldbecksolar.deteringdesign.com\/wp-content\/uploads\/2022\/03\/solarpark_zwartowo-320x213.jpg 320w"},"parent":19630,"menu_order":1,"comment_status":"closed","ping_status":"closed","template":"","meta":{"_acf_changed":false,"footnotes":""},"class_list":["post-19635","page","type-page","status-publish","has-post-thumbnail","hentry"],"acf":[],"type_label":"P\u00e1gina","_links":{"self":[{"href":"https:\/\/goldbecksolar.deteringdesign.com\/es\/wp-json\/wp\/v2\/pages\/19635","targetHints":{"allow":["GET"]}}],"collection":[{"href":"https:\/\/goldbecksolar.deteringdesign.com\/es\/wp-json\/wp\/v2\/pages"}],"about":[{"href":"https:\/\/goldbecksolar.deteringdesign.com\/es\/wp-json\/wp\/v2\/types\/page"}],"author":[{"embeddable":true,"href":"https:\/\/goldbecksolar.deteringdesign.com\/es\/wp-json\/wp\/v2\/users\/9"}],"replies":[{"embeddable":true,"href":"https:\/\/goldbecksolar.deteringdesign.com\/es\/wp-json\/wp\/v2\/comments?post=19635"}],"version-history":[{"count":0,"href":"https:\/\/goldbecksolar.deteringdesign.com\/es\/wp-json\/wp\/v2\/pages\/19635\/revisions"}],"up":[{"embeddable":true,"href":"https:\/\/goldbecksolar.deteringdesign.com\/es\/wp-json\/wp\/v2\/pages\/19630"}],"wp:featuredmedia":[{"embeddable":true,"href":"https:\/\/goldbecksolar.deteringdesign.com\/es\/wp-json\/wp\/v2\/media\/15808"}],"wp:attachment":[{"href":"https:\/\/goldbecksolar.deteringdesign.com\/es\/wp-json\/wp\/v2\/media?parent=19635"}],"curies":[{"name":"wp","href":"https:\/\/api.w.org\/{rel}","templated":true}]}}