{"id":19639,"date":"2024-12-19T11:41:11","date_gmt":"2024-12-19T10:41:11","guid":{"rendered":"https:\/\/goldbecksolar.deteringdesign.com\/nuestras-referencias\/nuestros-proyectos-mas-destacados\/"},"modified":"2024-12-19T11:41:11","modified_gmt":"2024-12-19T10:41:11","slug":"nuestros-proyectos-mas-destacados","status":"publish","type":"page","link":"https:\/\/goldbecksolar.deteringdesign.com\/es\/nuestras-referencias\/nuestros-proyectos-mas-destacados\/","title":"Nuestros proyectos m\u00e1s destacados","content":"<p class=\"big\">Numerosas instalaciones solares para empresas, autoridades locales y propietarios de terrenos demuestran la dedicaci\u00f3n de nuestra empresa y su \u00e9xito. Son el resultado de una s\u00f3lida trayectoria en el sector energ\u00e9tico. Inf\u00f3rmate aqu\u00ed sobre nuestros proyectos m\u00e1s destacados.  <\/p>\n","excerpt":{"rendered":"<p>Numerosas instalaciones solares para empresas, autoridades locales y propietarios de terrenos demuestran la dedicaci\u00f3n de nuestra empresa y su \u00e9xito. Son el resultado de una s\u00f3lida trayectoria en el sector energ\u00e9tico. Inf\u00f3rmate aqu\u00ed sobre nuestros proyectos m\u00e1s destacados.<\/p>\n","protected":false},"author":1,"featured_media":{"alt":"","title":"Highlight: Saran, Karaganda, Kazachstan","caption":"100,000 kWp \/ Gr\u00f6\u00dftes Solarprojekt in Zentralasien 2019","width":2560,"height":1440,"sizes":{"thumbnail":"https:\/\/goldbecksolar.deteringdesign.com\/wp-content\/uploads\/2020\/05\/solarpark_saran_karaganda-165x165.jpg","small":"https:\/\/goldbecksolar.deteringdesign.com\/wp-content\/uploads\/2020\/05\/solarpark_saran_karaganda-700x394.jpg","medium":"https:\/\/goldbecksolar.deteringdesign.com\/wp-content\/uploads\/2020\/05\/solarpark_saran_karaganda-768x432.jpg","large":"https:\/\/goldbecksolar.deteringdesign.com\/wp-content\/uploads\/2020\/05\/solarpark_saran_karaganda-1920x1080.jpg","full":"https:\/\/goldbecksolar.deteringdesign.com\/wp-content\/uploads\/2020\/05\/solarpark_saran_karaganda-scaled.jpg"},"srcset":"https:\/\/goldbecksolar.deteringdesign.com\/wp-content\/uploads\/2020\/05\/solarpark_saran_karaganda-700x394.jpg 700w, https:\/\/goldbecksolar.deteringdesign.com\/wp-content\/uploads\/2020\/05\/solarpark_saran_karaganda-1920x1080.jpg 1920w, https:\/\/goldbecksolar.deteringdesign.com\/wp-content\/uploads\/2020\/05\/solarpark_saran_karaganda-768x432.jpg 768w, https:\/\/goldbecksolar.deteringdesign.com\/wp-content\/uploads\/2020\/05\/solarpark_saran_karaganda-1536x864.jpg 1536w, https:\/\/goldbecksolar.deteringdesign.com\/wp-content\/uploads\/2020\/05\/solarpark_saran_karaganda-2048x1152.jpg 2048w, https:\/\/goldbecksolar.deteringdesign.com\/wp-content\/uploads\/2020\/05\/solarpark_saran_karaganda-520x293.jpg 520w, https:\/\/goldbecksolar.deteringdesign.com\/wp-content\/uploads\/2020\/05\/solarpark_saran_karaganda-320x180.jpg 320w"},"parent":19588,"menu_order":0,"comment_status":"closed","ping_status":"closed","template":"","meta":{"_acf_changed":false,"footnotes":""},"class_list":["post-19639","page","type-page","status-publish","has-post-thumbnail","hentry"],"acf":[],"type_label":"P\u00e1gina","_links":{"self":[{"href":"https:\/\/goldbecksolar.deteringdesign.com\/es\/wp-json\/wp\/v2\/pages\/19639","targetHints":{"allow":["GET"]}}],"collection":[{"href":"https:\/\/goldbecksolar.deteringdesign.com\/es\/wp-json\/wp\/v2\/pages"}],"about":[{"href":"https:\/\/goldbecksolar.deteringdesign.com\/es\/wp-json\/wp\/v2\/types\/page"}],"author":[{"embeddable":true,"href":"https:\/\/goldbecksolar.deteringdesign.com\/es\/wp-json\/wp\/v2\/users\/1"}],"replies":[{"embeddable":true,"href":"https:\/\/goldbecksolar.deteringdesign.com\/es\/wp-json\/wp\/v2\/comments?post=19639"}],"version-history":[{"count":0,"href":"https:\/\/goldbecksolar.deteringdesign.com\/es\/wp-json\/wp\/v2\/pages\/19639\/revisions"}],"up":[{"embeddable":true,"href":"https:\/\/goldbecksolar.deteringdesign.com\/es\/wp-json\/wp\/v2\/pages\/19588"}],"wp:featuredmedia":[{"embeddable":true,"href":"https:\/\/goldbecksolar.deteringdesign.com\/es\/wp-json\/wp\/v2\/media\/14368"}],"wp:attachment":[{"href":"https:\/\/goldbecksolar.deteringdesign.com\/es\/wp-json\/wp\/v2\/media?parent=19639"}],"curies":[{"name":"wp","href":"https:\/\/api.w.org\/{rel}","templated":true}]}}