{"id":19640,"date":"2025-04-10T11:11:28","date_gmt":"2025-04-10T09:11:28","guid":{"rendered":"https:\/\/goldbecksolar.deteringdesign.com\/fotovoltaica\/la-fotovoltaica-se-une-a-la-agricultura-uso-eficiente-de-la-tierra\/"},"modified":"2025-07-18T15:11:36","modified_gmt":"2025-07-18T13:11:36","slug":"la-fotovoltaica-se-une-a-la-agricultura-uso-eficiente-de-la-tierra","status":"publish","type":"page","link":"https:\/\/goldbecksolar.deteringdesign.com\/es\/fotovoltaica\/la-fotovoltaica-se-une-a-la-agricultura-uso-eficiente-de-la-tierra\/","title":"La fotovoltaica se une a la agricultura: uso eficiente de la tierra","content":"<p>Como Grupo GOLDBECK SOLAR, luchamos por un mundo en el que las tierras agr\u00edcolas se utilicen de forma eficiente para la producci\u00f3n simult\u00e1nea de alimentos y energ\u00eda solar, con el fin de contribuir a la seguridad energ\u00e9tica y alimentaria mundial.<\/p>\n","excerpt":{"rendered":"<p>Como Grupo GOLDBECK SOLAR, luchamos por un mundo en el que las tierras agr\u00edcolas se utilicen de forma eficiente para la producci\u00f3n simult\u00e1nea de alimentos y energ\u00eda solar, con el fin de contribuir a la seguridad energ\u00e9tica y alimentaria mundial.<\/p>\n","protected":false},"author":1,"featured_media":{"alt":"Agri-PV","title":"default","caption":"default","width":8064,"height":4536,"sizes":{"thumbnail":"https:\/\/goldbecksolar.deteringdesign.com\/wp-content\/uploads\/2025\/04\/11827_SOL_Agri-PV_hires_X02-165x165.jpg","small":"https:\/\/goldbecksolar.deteringdesign.com\/wp-content\/uploads\/2025\/04\/11827_SOL_Agri-PV_hires_X02-700x394.jpg","medium":"https:\/\/goldbecksolar.deteringdesign.com\/wp-content\/uploads\/2025\/04\/11827_SOL_Agri-PV_hires_X02-768x432.jpg","large":"https:\/\/goldbecksolar.deteringdesign.com\/wp-content\/uploads\/2025\/04\/11827_SOL_Agri-PV_hires_X02-1920x1080.jpg","full":"https:\/\/goldbecksolar.deteringdesign.com\/wp-content\/uploads\/2025\/04\/11827_SOL_Agri-PV_hires_X02.jpg"},"srcset":"https:\/\/goldbecksolar.deteringdesign.com\/wp-content\/uploads\/2025\/04\/11827_SOL_Agri-PV_hires_X02-700x394.jpg 700w, https:\/\/goldbecksolar.deteringdesign.com\/wp-content\/uploads\/2025\/04\/11827_SOL_Agri-PV_hires_X02-1920x1080.jpg 1920w, https:\/\/goldbecksolar.deteringdesign.com\/wp-content\/uploads\/2025\/04\/11827_SOL_Agri-PV_hires_X02-768x432.jpg 768w, https:\/\/goldbecksolar.deteringdesign.com\/wp-content\/uploads\/2025\/04\/11827_SOL_Agri-PV_hires_X02-1536x864.jpg 1536w, https:\/\/goldbecksolar.deteringdesign.com\/wp-content\/uploads\/2025\/04\/11827_SOL_Agri-PV_hires_X02-2048x1152.jpg 2048w, https:\/\/goldbecksolar.deteringdesign.com\/wp-content\/uploads\/2025\/04\/11827_SOL_Agri-PV_hires_X02-520x293.jpg 520w, https:\/\/goldbecksolar.deteringdesign.com\/wp-content\/uploads\/2025\/04\/11827_SOL_Agri-PV_hires_X02-320x180.jpg 320w"},"parent":19581,"menu_order":0,"comment_status":"closed","ping_status":"closed","template":"","meta":{"_acf_changed":false,"footnotes":""},"class_list":["post-19640","page","type-page","status-publish","has-post-thumbnail","hentry"],"acf":[],"type_label":"P\u00e1gina","_links":{"self":[{"href":"https:\/\/goldbecksolar.deteringdesign.com\/es\/wp-json\/wp\/v2\/pages\/19640","targetHints":{"allow":["GET"]}}],"collection":[{"href":"https:\/\/goldbecksolar.deteringdesign.com\/es\/wp-json\/wp\/v2\/pages"}],"about":[{"href":"https:\/\/goldbecksolar.deteringdesign.com\/es\/wp-json\/wp\/v2\/types\/page"}],"author":[{"embeddable":true,"href":"https:\/\/goldbecksolar.deteringdesign.com\/es\/wp-json\/wp\/v2\/users\/1"}],"replies":[{"embeddable":true,"href":"https:\/\/goldbecksolar.deteringdesign.com\/es\/wp-json\/wp\/v2\/comments?post=19640"}],"version-history":[{"count":1,"href":"https:\/\/goldbecksolar.deteringdesign.com\/es\/wp-json\/wp\/v2\/pages\/19640\/revisions"}],"predecessor-version":[{"id":19643,"href":"https:\/\/goldbecksolar.deteringdesign.com\/es\/wp-json\/wp\/v2\/pages\/19640\/revisions\/19643"}],"up":[{"embeddable":true,"href":"https:\/\/goldbecksolar.deteringdesign.com\/es\/wp-json\/wp\/v2\/pages\/19581"}],"wp:featuredmedia":[{"embeddable":true,"href":"https:\/\/goldbecksolar.deteringdesign.com\/es\/wp-json\/wp\/v2\/media\/19217"}],"wp:attachment":[{"href":"https:\/\/goldbecksolar.deteringdesign.com\/es\/wp-json\/wp\/v2\/media?parent=19640"}],"curies":[{"name":"wp","href":"https:\/\/api.w.org\/{rel}","templated":true}]}}