{"id":20351,"date":"2025-09-22T10:10:56","date_gmt":"2025-09-22T08:10:56","guid":{"rendered":"https:\/\/goldbecksolar.deteringdesign.com\/noticias\/inside-solar-engineering-el-podcast-de-goldbeck-solar\/"},"modified":"2025-09-25T11:15:58","modified_gmt":"2025-09-25T09:15:58","slug":"inside-solar-engineering-el-podcast-de-goldbeck-solar","status":"publish","type":"page","link":"https:\/\/goldbecksolar.deteringdesign.com\/es\/noticias\/inside-solar-engineering-el-podcast-de-goldbeck-solar\/","title":"Inside Solar Engineering &#8211; El podcast de GOLDBECK SOLAR","content":"<p><img loading=\"lazy\" decoding=\"async\" class=\" wp-image-20343 aligncenter\" src=\"https:\/\/goldbecksolar.deteringdesign.com\/wp-content\/uploads\/2025\/09\/Screenshot-2025-09-19-101143.png\" alt=\"Logotipos de la plataforma\" width=\"193\" height=\"53\"><\/p>\n<p>Bienvenido a<a href=\"https:\/\/creators.spotify.com\/pod\/profile\/goldbeck-solar\/\"> Inside Solar Engineering<\/a>, el podcast que lleva a los entusiastas de la tecnolog\u00eda entre bastidores del mundo fotovoltaico de GOLDBECK SOLAR. Aqu\u00ed, nuestros ingenieros hablan abiertamente de sus <a href=\"https:\/\/goldbecksolar.deteringdesign.com\/photovoltaik\/\">proyectos solares<\/a>, retos e innovaciones, y ofrecen una visi\u00f3n apasionante del trabajo diario de una de las empresas l\u00edderes en sistemas fotovoltaicos industriales. <\/p>\n<p><img loading=\"lazy\" decoding=\"async\" class=\"size-medium wp-image-20334 aligncenter\" src=\"https:\/\/goldbecksolar.deteringdesign.com\/wp-content\/uploads\/2025\/09\/12027_SOL_Podcast_Cover_X01-700x700.png\" alt=\"Podcast de Inside Solar Engineering\" width=\"700\" height=\"700\" srcset=\"https:\/\/goldbecksolar.deteringdesign.com\/wp-content\/uploads\/2025\/09\/12027_SOL_Podcast_Cover_X01-700x700.png 700w, https:\/\/goldbecksolar.deteringdesign.com\/wp-content\/uploads\/2025\/09\/12027_SOL_Podcast_Cover_X01-1080x1080.png 1080w, https:\/\/goldbecksolar.deteringdesign.com\/wp-content\/uploads\/2025\/09\/12027_SOL_Podcast_Cover_X01-165x165.png 165w, https:\/\/goldbecksolar.deteringdesign.com\/wp-content\/uploads\/2025\/09\/12027_SOL_Podcast_Cover_X01-768x768.png 768w, https:\/\/goldbecksolar.deteringdesign.com\/wp-content\/uploads\/2025\/09\/12027_SOL_Podcast_Cover_X01-1536x1536.png 1536w, https:\/\/goldbecksolar.deteringdesign.com\/wp-content\/uploads\/2025\/09\/12027_SOL_Podcast_Cover_X01-520x520.png 520w, https:\/\/goldbecksolar.deteringdesign.com\/wp-content\/uploads\/2025\/09\/12027_SOL_Podcast_Cover_X01-320x320.png 320w, https:\/\/goldbecksolar.deteringdesign.com\/wp-content\/uploads\/2025\/09\/12027_SOL_Podcast_Cover_X01.png 2000w\" sizes=\"auto, (max-width: 700px) 100vw, 700px\" \/><\/p>\n","excerpt":{"rendered":"<p>Bienvenido a Inside Solar Engineering, el podcast que lleva a los entusiastas de la tecnolog\u00eda entre bastidores del mundo fotovoltaico de GOLDBECK SOLAR. Aqu\u00ed, nuestros ingenieros hablan abiertamente de sus proyectos solares, retos e innovaciones, y ofrecen una visi\u00f3n apasionante del trabajo diario de una de las empresas l\u00edderes en sistemas fotovoltaicos industriales.<\/p>\n","protected":false},"author":9,"featured_media":{"alt":"Inside Solar Engineering Podcast","title":"12027_SOL_Podcast_Cover_X01","caption":"","width":2000,"height":2000,"sizes":{"thumbnail":"https:\/\/goldbecksolar.deteringdesign.com\/wp-content\/uploads\/2025\/09\/12027_SOL_Podcast_Cover_X01-165x165.png","small":"https:\/\/goldbecksolar.deteringdesign.com\/wp-content\/uploads\/2025\/09\/12027_SOL_Podcast_Cover_X01-700x700.png","medium":"https:\/\/goldbecksolar.deteringdesign.com\/wp-content\/uploads\/2025\/09\/12027_SOL_Podcast_Cover_X01-768x768.png","large":"https:\/\/goldbecksolar.deteringdesign.com\/wp-content\/uploads\/2025\/09\/12027_SOL_Podcast_Cover_X01-1080x1080.png","full":"https:\/\/goldbecksolar.deteringdesign.com\/wp-content\/uploads\/2025\/09\/12027_SOL_Podcast_Cover_X01.png"},"srcset":"https:\/\/goldbecksolar.deteringdesign.com\/wp-content\/uploads\/2025\/09\/12027_SOL_Podcast_Cover_X01-700x700.png 700w, https:\/\/goldbecksolar.deteringdesign.com\/wp-content\/uploads\/2025\/09\/12027_SOL_Podcast_Cover_X01-1080x1080.png 1080w, https:\/\/goldbecksolar.deteringdesign.com\/wp-content\/uploads\/2025\/09\/12027_SOL_Podcast_Cover_X01-165x165.png 165w, https:\/\/goldbecksolar.deteringdesign.com\/wp-content\/uploads\/2025\/09\/12027_SOL_Podcast_Cover_X01-768x768.png 768w, https:\/\/goldbecksolar.deteringdesign.com\/wp-content\/uploads\/2025\/09\/12027_SOL_Podcast_Cover_X01-1536x1536.png 1536w, https:\/\/goldbecksolar.deteringdesign.com\/wp-content\/uploads\/2025\/09\/12027_SOL_Podcast_Cover_X01-520x520.png 520w, https:\/\/goldbecksolar.deteringdesign.com\/wp-content\/uploads\/2025\/09\/12027_SOL_Podcast_Cover_X01-320x320.png 320w, https:\/\/goldbecksolar.deteringdesign.com\/wp-content\/uploads\/2025\/09\/12027_SOL_Podcast_Cover_X01.png 2000w"},"parent":18647,"menu_order":3,"comment_status":"closed","ping_status":"closed","template":"","meta":{"_acf_changed":false,"footnotes":""},"class_list":["post-20351","page","type-page","status-publish","has-post-thumbnail","hentry"],"acf":[],"type_label":"P\u00e1gina","_links":{"self":[{"href":"https:\/\/goldbecksolar.deteringdesign.com\/es\/wp-json\/wp\/v2\/pages\/20351","targetHints":{"allow":["GET"]}}],"collection":[{"href":"https:\/\/goldbecksolar.deteringdesign.com\/es\/wp-json\/wp\/v2\/pages"}],"about":[{"href":"https:\/\/goldbecksolar.deteringdesign.com\/es\/wp-json\/wp\/v2\/types\/page"}],"author":[{"embeddable":true,"href":"https:\/\/goldbecksolar.deteringdesign.com\/es\/wp-json\/wp\/v2\/users\/9"}],"replies":[{"embeddable":true,"href":"https:\/\/goldbecksolar.deteringdesign.com\/es\/wp-json\/wp\/v2\/comments?post=20351"}],"version-history":[{"count":1,"href":"https:\/\/goldbecksolar.deteringdesign.com\/es\/wp-json\/wp\/v2\/pages\/20351\/revisions"}],"predecessor-version":[{"id":20380,"href":"https:\/\/goldbecksolar.deteringdesign.com\/es\/wp-json\/wp\/v2\/pages\/20351\/revisions\/20380"}],"up":[{"embeddable":true,"href":"https:\/\/goldbecksolar.deteringdesign.com\/es\/wp-json\/wp\/v2\/pages\/18647"}],"wp:featuredmedia":[{"embeddable":true,"href":"https:\/\/goldbecksolar.deteringdesign.com\/es\/wp-json\/wp\/v2\/media\/20337"}],"wp:attachment":[{"href":"https:\/\/goldbecksolar.deteringdesign.com\/es\/wp-json\/wp\/v2\/media?parent=20351"}],"curies":[{"name":"wp","href":"https:\/\/api.w.org\/{rel}","templated":true}]}}