{"id":18572,"date":"2018-04-17T15:00:13","date_gmt":"2018-04-17T13:00:13","guid":{"rendered":"https:\/\/goldbecksolar.deteringdesign.com\/fotowoltaika\/"},"modified":"2025-02-13T13:54:38","modified_gmt":"2025-02-13T12:54:38","slug":"fotowoltaika","status":"publish","type":"page","link":"https:\/\/goldbecksolar.deteringdesign.com\/pl\/fotowoltaika\/","title":"Fotowoltaika","content":"<p>\u015awiat\u0142o s\u0142oneczne jest darmowe i niemal zawsze dost\u0119pne. S\u0142o\u0144ce jest zatem jednym z g\u0142\u00f3wnych \u017ar\u00f3de\u0142 przysz\u0142o\u015bciowego i zr\u00f3wnowa\u017conego systemu energetycznego. Od momentu powstania, GOLDBECK SOLAR specjalizuje si\u0119 w budowie &#8222;pod klucz&#8221; przemys\u0142owych, komercyjnych i du\u017cych elektrowni s\u0142onecznych. Obecnie zakres us\u0142ug obejmuje ca\u0142y \u0142a\u0144cuch warto\u015bci systemu fotowoltaicznego: od opracowania projektu, budowy, integracji technologii magazynowania, obs\u0142ugi technicznej i zarz\u0105dzania aktywami system\u00f3w, a\u017c po bezpo\u015bredni\u0105 sprzeda\u017c czystej energii.   <\/p>\n","excerpt":{"rendered":"<p>\u015awiat\u0142o s\u0142oneczne jest darmowe i niemal zawsze dost\u0119pne. S\u0142o\u0144ce jest zatem jednym z g\u0142\u00f3wnych \u017ar\u00f3de\u0142 przysz\u0142o\u015bciowego i zr\u00f3wnowa\u017conego systemu energetycznego. Od momentu powstania, GOLDBECK SOLAR specjalizuje si\u0119 w budowie &#8222;pod klucz&#8221; przemys\u0142owych, komercyjnych i du\u017cych elektrowni s\u0142onecznych. Obecnie zakres us\u0142ug obejmuje ca\u0142y \u0142a\u0144cuch warto\u015bci systemu fotowoltaicznego: od opracowania projektu, budowy, integracji technologii magazynowania, obs\u0142ugi technicznej [&hellip;]<\/p>\n","protected":false},"author":1,"featured_media":{"alt":"Eine Photovoltaikanlage in Chile. Photovoltaik","title":"Photovoltaikanlage in Chile","caption":"","width":2560,"height":1707,"sizes":{"thumbnail":"https:\/\/goldbecksolar.deteringdesign.com\/wp-content\/uploads\/2024\/12\/Chile-165x165.jpeg","small":"https:\/\/goldbecksolar.deteringdesign.com\/wp-content\/uploads\/2024\/12\/Chile-700x467.jpeg","medium":"https:\/\/goldbecksolar.deteringdesign.com\/wp-content\/uploads\/2024\/12\/Chile-768x512.jpeg","large":"https:\/\/goldbecksolar.deteringdesign.com\/wp-content\/uploads\/2024\/12\/Chile-1620x1080.jpeg","full":"https:\/\/goldbecksolar.deteringdesign.com\/wp-content\/uploads\/2024\/12\/Chile-scaled.jpeg"},"srcset":"https:\/\/goldbecksolar.deteringdesign.com\/wp-content\/uploads\/2024\/12\/Chile-700x467.jpeg 700w, https:\/\/goldbecksolar.deteringdesign.com\/wp-content\/uploads\/2024\/12\/Chile-1620x1080.jpeg 1620w, https:\/\/goldbecksolar.deteringdesign.com\/wp-content\/uploads\/2024\/12\/Chile-768x512.jpeg 768w, https:\/\/goldbecksolar.deteringdesign.com\/wp-content\/uploads\/2024\/12\/Chile-1536x1024.jpeg 1536w, https:\/\/goldbecksolar.deteringdesign.com\/wp-content\/uploads\/2024\/12\/Chile-2048x1365.jpeg 2048w, https:\/\/goldbecksolar.deteringdesign.com\/wp-content\/uploads\/2024\/12\/Chile-520x347.jpeg 520w, https:\/\/goldbecksolar.deteringdesign.com\/wp-content\/uploads\/2024\/12\/Chile-320x213.jpeg 320w"},"parent":0,"menu_order":5,"comment_status":"closed","ping_status":"closed","template":"","meta":{"_acf_changed":false,"footnotes":""},"class_list":["post-18572","page","type-page","status-publish","has-post-thumbnail","hentry"],"acf":[],"type_label":"Strona","_links":{"self":[{"href":"https:\/\/goldbecksolar.deteringdesign.com\/pl\/wp-json\/wp\/v2\/pages\/18572","targetHints":{"allow":["GET"]}}],"collection":[{"href":"https:\/\/goldbecksolar.deteringdesign.com\/pl\/wp-json\/wp\/v2\/pages"}],"about":[{"href":"https:\/\/goldbecksolar.deteringdesign.com\/pl\/wp-json\/wp\/v2\/types\/page"}],"author":[{"embeddable":true,"href":"https:\/\/goldbecksolar.deteringdesign.com\/pl\/wp-json\/wp\/v2\/users\/1"}],"replies":[{"embeddable":true,"href":"https:\/\/goldbecksolar.deteringdesign.com\/pl\/wp-json\/wp\/v2\/comments?post=18572"}],"version-history":[{"count":1,"href":"https:\/\/goldbecksolar.deteringdesign.com\/pl\/wp-json\/wp\/v2\/pages\/18572\/revisions"}],"predecessor-version":[{"id":19026,"href":"https:\/\/goldbecksolar.deteringdesign.com\/pl\/wp-json\/wp\/v2\/pages\/18572\/revisions\/19026"}],"wp:featuredmedia":[{"embeddable":true,"href":"https:\/\/goldbecksolar.deteringdesign.com\/pl\/wp-json\/wp\/v2\/media\/17277"}],"wp:attachment":[{"href":"https:\/\/goldbecksolar.deteringdesign.com\/pl\/wp-json\/wp\/v2\/media?parent=18572"}],"curies":[{"name":"wp","href":"https:\/\/api.w.org\/{rel}","templated":true}]}}