{"id":18807,"date":"2024-12-18T14:12:19","date_gmt":"2024-12-18T13:12:19","guid":{"rendered":"https:\/\/goldbecksolar.deteringdesign.com\/nasze-projekty-w-przygotowaniu\/"},"modified":"2025-02-10T14:06:55","modified_gmt":"2025-02-10T13:06:55","slug":"nasze-projekty-w-przygotowaniu","status":"publish","type":"page","link":"https:\/\/goldbecksolar.deteringdesign.com\/pl\/inwestycja-goldbeck-solar\/goldbeck-solar-investment-czym-sie-zajmujemy\/rozwoj-projektu\/nasze-projekty-w-przygotowaniu\/","title":"Nasze projekty w przygotowaniu","content":"<p class=\"big\">GOLDBECK SOLAR ma obszerne portfolio projekt\u00f3w, kt\u00f3re s\u0105 obecnie w fazie rozwoju i nap\u0119dzaj\u0105 wzrost energii odnawialnej na ca\u0142ym \u015bwiecie. Nasze portfolio projekt\u00f3w wynosi obecnie ponad 3 GWp. <\/p>\n","excerpt":{"rendered":"<p>GOLDBECK SOLAR ma obszerne portfolio projekt\u00f3w, kt\u00f3re s\u0105 obecnie w fazie rozwoju i nap\u0119dzaj\u0105 wzrost energii odnawialnej na ca\u0142ym \u015bwiecie. Nasze portfolio projekt\u00f3w wynosi obecnie ponad 3 GWp.<\/p>\n","protected":false},"author":9,"featured_media":{"alt":"","title":"Solarpanele in einem Solarpark","caption":"","width":2355,"height":2560,"sizes":{"thumbnail":"https:\/\/goldbecksolar.deteringdesign.com\/wp-content\/uploads\/2024\/12\/unsere_pipeline-165x165.jpg","small":"https:\/\/goldbecksolar.deteringdesign.com\/wp-content\/uploads\/2024\/12\/unsere_pipeline-644x700.jpg","medium":"https:\/\/goldbecksolar.deteringdesign.com\/wp-content\/uploads\/2024\/12\/unsere_pipeline-768x835.jpg","large":"https:\/\/goldbecksolar.deteringdesign.com\/wp-content\/uploads\/2024\/12\/unsere_pipeline-994x1080.jpg","full":"https:\/\/goldbecksolar.deteringdesign.com\/wp-content\/uploads\/2024\/12\/unsere_pipeline-scaled.jpg"},"srcset":"https:\/\/goldbecksolar.deteringdesign.com\/wp-content\/uploads\/2024\/12\/unsere_pipeline-644x700.jpg 644w, https:\/\/goldbecksolar.deteringdesign.com\/wp-content\/uploads\/2024\/12\/unsere_pipeline-994x1080.jpg 994w, https:\/\/goldbecksolar.deteringdesign.com\/wp-content\/uploads\/2024\/12\/unsere_pipeline-768x835.jpg 768w, https:\/\/goldbecksolar.deteringdesign.com\/wp-content\/uploads\/2024\/12\/unsere_pipeline-1413x1536.jpg 1413w, https:\/\/goldbecksolar.deteringdesign.com\/wp-content\/uploads\/2024\/12\/unsere_pipeline-1884x2048.jpg 1884w, https:\/\/goldbecksolar.deteringdesign.com\/wp-content\/uploads\/2024\/12\/unsere_pipeline-478x520.jpg 478w, https:\/\/goldbecksolar.deteringdesign.com\/wp-content\/uploads\/2024\/12\/unsere_pipeline-294x320.jpg 294w"},"parent":18835,"menu_order":0,"comment_status":"closed","ping_status":"closed","template":"","meta":{"_acf_changed":false,"footnotes":""},"class_list":["post-18807","page","type-page","status-publish","has-post-thumbnail","hentry"],"acf":[],"type_label":"Strona","_links":{"self":[{"href":"https:\/\/goldbecksolar.deteringdesign.com\/pl\/wp-json\/wp\/v2\/pages\/18807","targetHints":{"allow":["GET"]}}],"collection":[{"href":"https:\/\/goldbecksolar.deteringdesign.com\/pl\/wp-json\/wp\/v2\/pages"}],"about":[{"href":"https:\/\/goldbecksolar.deteringdesign.com\/pl\/wp-json\/wp\/v2\/types\/page"}],"author":[{"embeddable":true,"href":"https:\/\/goldbecksolar.deteringdesign.com\/pl\/wp-json\/wp\/v2\/users\/9"}],"replies":[{"embeddable":true,"href":"https:\/\/goldbecksolar.deteringdesign.com\/pl\/wp-json\/wp\/v2\/comments?post=18807"}],"version-history":[{"count":1,"href":"https:\/\/goldbecksolar.deteringdesign.com\/pl\/wp-json\/wp\/v2\/pages\/18807\/revisions"}],"predecessor-version":[{"id":18809,"href":"https:\/\/goldbecksolar.deteringdesign.com\/pl\/wp-json\/wp\/v2\/pages\/18807\/revisions\/18809"}],"up":[{"embeddable":true,"href":"https:\/\/goldbecksolar.deteringdesign.com\/pl\/wp-json\/wp\/v2\/pages\/18835"}],"wp:featuredmedia":[{"embeddable":true,"href":"https:\/\/goldbecksolar.deteringdesign.com\/pl\/wp-json\/wp\/v2\/media\/17364"}],"wp:attachment":[{"href":"https:\/\/goldbecksolar.deteringdesign.com\/pl\/wp-json\/wp\/v2\/media?parent=18807"}],"curies":[{"name":"wp","href":"https:\/\/api.w.org\/{rel}","templated":true}]}}