{"id":18817,"date":"2024-12-10T11:03:48","date_gmt":"2024-12-10T10:03:48","guid":{"rendered":"https:\/\/goldbecksolar.deteringdesign.com\/sprzedaz-projektow-solarnych\/"},"modified":"2025-02-10T12:44:39","modified_gmt":"2025-02-10T11:44:39","slug":"sprzedaz-projektow-solarnych","status":"publish","type":"page","link":"https:\/\/goldbecksolar.deteringdesign.com\/pl\/inwestycja-goldbeck-solar\/przeglad-i-sukcesy-projektu\/projekty\/sprzedaz-projektow-solarnych\/","title":"Sprzeda\u017c projekt\u00f3w solarnych","content":"<p style=\"text-align: center;\">Od 2018 roku nasz zesp\u00f3\u0142 sprzeda\u0142 ju\u017c dwie elektrownie fotowoltaiczne o \u0142\u0105cznej mocy 70 MWp. Imponuj\u0105ce liczby, kt\u00f3re ilustruj\u0105 nasze do\u015bwiadczenie w dziedzinie <a href=\"https:\/\/goldbecksolar.deteringdesign.com\/was-wir-tun\/financeinvestment\/\">fuzji i przej\u0119\u0107<\/a>. Przekonaj si\u0119 sam.  <\/p>\n","excerpt":{"rendered":"<p>Od 2018 roku nasz zesp\u00f3\u0142 sprzeda\u0142 ju\u017c dwie elektrownie fotowoltaiczne o \u0142\u0105cznej mocy 70 MWp. Imponuj\u0105ce liczby, kt\u00f3re ilustruj\u0105 nasze do\u015bwiadczenie w dziedzinie fuzji i przej\u0119\u0107. Przekonaj si\u0119 sam.<\/p>\n","protected":false},"author":9,"featured_media":{"alt":"","title":"Solarpark Barlinek","caption":"","width":2560,"height":1440,"sizes":{"thumbnail":"https:\/\/goldbecksolar.deteringdesign.com\/wp-content\/uploads\/2023\/12\/GS_Solarpark-Barlinek_PL-1-165x165.jpg","small":"https:\/\/goldbecksolar.deteringdesign.com\/wp-content\/uploads\/2023\/12\/GS_Solarpark-Barlinek_PL-1-700x394.jpg","medium":"https:\/\/goldbecksolar.deteringdesign.com\/wp-content\/uploads\/2023\/12\/GS_Solarpark-Barlinek_PL-1-768x432.jpg","large":"https:\/\/goldbecksolar.deteringdesign.com\/wp-content\/uploads\/2023\/12\/GS_Solarpark-Barlinek_PL-1-1920x1080.jpg","full":"https:\/\/goldbecksolar.deteringdesign.com\/wp-content\/uploads\/2023\/12\/GS_Solarpark-Barlinek_PL-1-scaled.jpg"},"srcset":"https:\/\/goldbecksolar.deteringdesign.com\/wp-content\/uploads\/2023\/12\/GS_Solarpark-Barlinek_PL-1-700x394.jpg 700w, https:\/\/goldbecksolar.deteringdesign.com\/wp-content\/uploads\/2023\/12\/GS_Solarpark-Barlinek_PL-1-1920x1080.jpg 1920w, https:\/\/goldbecksolar.deteringdesign.com\/wp-content\/uploads\/2023\/12\/GS_Solarpark-Barlinek_PL-1-768x432.jpg 768w, https:\/\/goldbecksolar.deteringdesign.com\/wp-content\/uploads\/2023\/12\/GS_Solarpark-Barlinek_PL-1-1536x864.jpg 1536w, https:\/\/goldbecksolar.deteringdesign.com\/wp-content\/uploads\/2023\/12\/GS_Solarpark-Barlinek_PL-1-2048x1152.jpg 2048w, https:\/\/goldbecksolar.deteringdesign.com\/wp-content\/uploads\/2023\/12\/GS_Solarpark-Barlinek_PL-1-520x293.jpg 520w, https:\/\/goldbecksolar.deteringdesign.com\/wp-content\/uploads\/2023\/12\/GS_Solarpark-Barlinek_PL-1-320x180.jpg 320w"},"parent":18820,"menu_order":0,"comment_status":"closed","ping_status":"closed","template":"","meta":{"_acf_changed":false,"footnotes":""},"class_list":["post-18817","page","type-page","status-publish","has-post-thumbnail","hentry"],"acf":[],"type_label":"Strona","_links":{"self":[{"href":"https:\/\/goldbecksolar.deteringdesign.com\/pl\/wp-json\/wp\/v2\/pages\/18817","targetHints":{"allow":["GET"]}}],"collection":[{"href":"https:\/\/goldbecksolar.deteringdesign.com\/pl\/wp-json\/wp\/v2\/pages"}],"about":[{"href":"https:\/\/goldbecksolar.deteringdesign.com\/pl\/wp-json\/wp\/v2\/types\/page"}],"author":[{"embeddable":true,"href":"https:\/\/goldbecksolar.deteringdesign.com\/pl\/wp-json\/wp\/v2\/users\/9"}],"replies":[{"embeddable":true,"href":"https:\/\/goldbecksolar.deteringdesign.com\/pl\/wp-json\/wp\/v2\/comments?post=18817"}],"version-history":[{"count":1,"href":"https:\/\/goldbecksolar.deteringdesign.com\/pl\/wp-json\/wp\/v2\/pages\/18817\/revisions"}],"predecessor-version":[{"id":18823,"href":"https:\/\/goldbecksolar.deteringdesign.com\/pl\/wp-json\/wp\/v2\/pages\/18817\/revisions\/18823"}],"up":[{"embeddable":true,"href":"https:\/\/goldbecksolar.deteringdesign.com\/pl\/wp-json\/wp\/v2\/pages\/18820"}],"wp:featuredmedia":[{"embeddable":true,"href":"https:\/\/goldbecksolar.deteringdesign.com\/pl\/wp-json\/wp\/v2\/media\/16734"}],"wp:attachment":[{"href":"https:\/\/goldbecksolar.deteringdesign.com\/pl\/wp-json\/wp\/v2\/media?parent=18817"}],"curies":[{"name":"wp","href":"https:\/\/api.w.org\/{rel}","templated":true}]}}