{"id":18819,"date":"2024-12-10T11:02:53","date_gmt":"2024-12-10T10:02:53","guid":{"rendered":"https:\/\/goldbecksolar.deteringdesign.com\/projekty-w-budowie\/"},"modified":"2025-02-10T12:44:38","modified_gmt":"2025-02-10T11:44:38","slug":"projekty-w-budowie","status":"publish","type":"page","link":"https:\/\/goldbecksolar.deteringdesign.com\/pl\/inwestycja-goldbeck-solar\/przeglad-i-sukcesy-projektu\/projekty\/projekty-w-budowie\/","title":"Projekty w budowie","content":"<p style=\"text-align: center;\">Obecnie w budowie s\u0105 dwie elektrownie s\u0142oneczne, kt\u00f3re zapewni\u0105 tysi\u0105com gospodarstw domowych zr\u00f3wnowa\u017con\u0105 energi\u0119. Dane z GOLDBECK SOLAR Investment brzmi\u0105 dobrze. Przekonaj si\u0119 sam: Poni\u017cszy przegl\u0105d przedstawia nasze <a href=\"https:\/\/goldbecksolar.deteringdesign.com\/photovoltaik\/\">elektrownie s\u0142oneczne<\/a> w budowie, kt\u00f3re obecnie realizujemy dla naszych klient\u00f3w z GOLDBECK SOLAR.  <\/p>\n","excerpt":{"rendered":"<p>Obecnie w budowie s\u0105 dwie elektrownie s\u0142oneczne, kt\u00f3re zapewni\u0105 tysi\u0105com gospodarstw domowych zr\u00f3wnowa\u017con\u0105 energi\u0119. Dane z GOLDBECK SOLAR Investment brzmi\u0105 dobrze. Przekonaj si\u0119 sam: Poni\u017cszy przegl\u0105d przedstawia nasze elektrownie s\u0142oneczne w budowie, kt\u00f3re obecnie realizujemy dla naszych klient\u00f3w z GOLDBECK SOLAR.<\/p>\n","protected":false},"author":9,"featured_media":{"alt":"","title":"Reimerswaal 1","caption":"Reimerswaal 1","width":2560,"height":1440,"sizes":{"thumbnail":"https:\/\/goldbecksolar.deteringdesign.com\/wp-content\/uploads\/2023\/11\/GOLDBECK-SOLAR_Reimerswaal-1-Bathpolder_Rilland_Netherlands-165x165.jpg","small":"https:\/\/goldbecksolar.deteringdesign.com\/wp-content\/uploads\/2023\/11\/GOLDBECK-SOLAR_Reimerswaal-1-Bathpolder_Rilland_Netherlands-700x394.jpg","medium":"https:\/\/goldbecksolar.deteringdesign.com\/wp-content\/uploads\/2023\/11\/GOLDBECK-SOLAR_Reimerswaal-1-Bathpolder_Rilland_Netherlands-768x432.jpg","large":"https:\/\/goldbecksolar.deteringdesign.com\/wp-content\/uploads\/2023\/11\/GOLDBECK-SOLAR_Reimerswaal-1-Bathpolder_Rilland_Netherlands-1920x1080.jpg","full":"https:\/\/goldbecksolar.deteringdesign.com\/wp-content\/uploads\/2023\/11\/GOLDBECK-SOLAR_Reimerswaal-1-Bathpolder_Rilland_Netherlands-scaled.jpg"},"srcset":"https:\/\/goldbecksolar.deteringdesign.com\/wp-content\/uploads\/2023\/11\/GOLDBECK-SOLAR_Reimerswaal-1-Bathpolder_Rilland_Netherlands-700x394.jpg 700w, https:\/\/goldbecksolar.deteringdesign.com\/wp-content\/uploads\/2023\/11\/GOLDBECK-SOLAR_Reimerswaal-1-Bathpolder_Rilland_Netherlands-1920x1080.jpg 1920w, https:\/\/goldbecksolar.deteringdesign.com\/wp-content\/uploads\/2023\/11\/GOLDBECK-SOLAR_Reimerswaal-1-Bathpolder_Rilland_Netherlands-768x432.jpg 768w, https:\/\/goldbecksolar.deteringdesign.com\/wp-content\/uploads\/2023\/11\/GOLDBECK-SOLAR_Reimerswaal-1-Bathpolder_Rilland_Netherlands-1536x864.jpg 1536w, https:\/\/goldbecksolar.deteringdesign.com\/wp-content\/uploads\/2023\/11\/GOLDBECK-SOLAR_Reimerswaal-1-Bathpolder_Rilland_Netherlands-2048x1152.jpg 2048w, https:\/\/goldbecksolar.deteringdesign.com\/wp-content\/uploads\/2023\/11\/GOLDBECK-SOLAR_Reimerswaal-1-Bathpolder_Rilland_Netherlands-520x293.jpg 520w, https:\/\/goldbecksolar.deteringdesign.com\/wp-content\/uploads\/2023\/11\/GOLDBECK-SOLAR_Reimerswaal-1-Bathpolder_Rilland_Netherlands-320x180.jpg 320w"},"parent":18820,"menu_order":2,"comment_status":"closed","ping_status":"closed","template":"","meta":{"_acf_changed":false,"footnotes":""},"class_list":["post-18819","page","type-page","status-publish","has-post-thumbnail","hentry"],"acf":[],"type_label":"Strona","_links":{"self":[{"href":"https:\/\/goldbecksolar.deteringdesign.com\/pl\/wp-json\/wp\/v2\/pages\/18819","targetHints":{"allow":["GET"]}}],"collection":[{"href":"https:\/\/goldbecksolar.deteringdesign.com\/pl\/wp-json\/wp\/v2\/pages"}],"about":[{"href":"https:\/\/goldbecksolar.deteringdesign.com\/pl\/wp-json\/wp\/v2\/types\/page"}],"author":[{"embeddable":true,"href":"https:\/\/goldbecksolar.deteringdesign.com\/pl\/wp-json\/wp\/v2\/users\/9"}],"replies":[{"embeddable":true,"href":"https:\/\/goldbecksolar.deteringdesign.com\/pl\/wp-json\/wp\/v2\/comments?post=18819"}],"version-history":[{"count":1,"href":"https:\/\/goldbecksolar.deteringdesign.com\/pl\/wp-json\/wp\/v2\/pages\/18819\/revisions"}],"predecessor-version":[{"id":18821,"href":"https:\/\/goldbecksolar.deteringdesign.com\/pl\/wp-json\/wp\/v2\/pages\/18819\/revisions\/18821"}],"up":[{"embeddable":true,"href":"https:\/\/goldbecksolar.deteringdesign.com\/pl\/wp-json\/wp\/v2\/pages\/18820"}],"wp:featuredmedia":[{"embeddable":true,"href":"https:\/\/goldbecksolar.deteringdesign.com\/pl\/wp-json\/wp\/v2\/media\/16713"}],"wp:attachment":[{"href":"https:\/\/goldbecksolar.deteringdesign.com\/pl\/wp-json\/wp\/v2\/media?parent=18819"}],"curies":[{"name":"wp","href":"https:\/\/api.w.org\/{rel}","templated":true}]}}