{"id":18820,"date":"2024-12-10T11:02:11","date_gmt":"2024-12-10T10:02:11","guid":{"rendered":"https:\/\/goldbecksolar.deteringdesign.com\/projekty\/"},"modified":"2025-03-05T14:49:07","modified_gmt":"2025-03-05T13:49:07","slug":"projekty","status":"publish","type":"page","link":"https:\/\/goldbecksolar.deteringdesign.com\/pl\/inwestycja-goldbeck-solar\/przeglad-i-sukcesy-projektu\/projekty\/","title":"Projekty","content":"<p>Dzia\u0142amy jako sp\u00f3\u0142ka inwestycyjna GOLDBECK SOLAR od 2018 roku i od tego czasu byli\u015bmy ju\u017c w stanie zaplanowa\u0107, zrealizowa\u0107 i sprzeda\u0107 du\u017c\u0105 liczb\u0119 projekt\u00f3w solarnych. Poni\u017cej znajduje si\u0119 przegl\u0105d system\u00f3w fotowoltaicznych, kt\u00f3re <a href=\"https:\/\/goldbecksolar.deteringdesign.com\/pl\/inwestycja-goldbeck-solar\/przeglad-i-sukcesy-projektu\/projekty\/dzialajace-projekty\/\">dzia\u0142aj\u0105<\/a>, s\u0105 w <a href=\"https:\/\/goldbecksolar.deteringdesign.com\/pl\/inwestycja-goldbeck-solar\/przeglad-i-sukcesy-projektu\/projekty\/projekty-w-budowie\/\">budowie<\/a> lub zosta\u0142y ju\u017c <a href=\"https:\/\/goldbecksolar.deteringdesign.com\/pl\/inwestycja-goldbeck-solar\/przeglad-i-sukcesy-projektu\/projekty\/sprzedaz-projektow-solarnych\/\">sprzedane<\/a>.<\/p>\n","excerpt":{"rendered":"<p>Dzia\u0142amy jako sp\u00f3\u0142ka inwestycyjna GOLDBECK SOLAR od 2018 roku i od tego czasu byli\u015bmy ju\u017c w stanie zaplanowa\u0107, zrealizowa\u0107 i sprzeda\u0107 du\u017c\u0105 liczb\u0119 projekt\u00f3w solarnych. Poni\u017cej znajduje si\u0119 przegl\u0105d system\u00f3w fotowoltaicznych, kt\u00f3re dzia\u0142aj\u0105, s\u0105 w budowie lub zosta\u0142y ju\u017c sprzedane.<\/p>\n","protected":false},"author":9,"featured_media":{"alt":"","title":"Pelluhue (Ex Santa Julia) Projekte","caption":"Pelluhue, Chile","width":2560,"height":1920,"sizes":{"thumbnail":"https:\/\/goldbecksolar.deteringdesign.com\/wp-content\/uploads\/2023\/10\/Santa-Julia-chile-1-165x165.jpg","small":"https:\/\/goldbecksolar.deteringdesign.com\/wp-content\/uploads\/2023\/10\/Santa-Julia-chile-1-700x525.jpg","medium":"https:\/\/goldbecksolar.deteringdesign.com\/wp-content\/uploads\/2023\/10\/Santa-Julia-chile-1-768x576.jpg","large":"https:\/\/goldbecksolar.deteringdesign.com\/wp-content\/uploads\/2023\/10\/Santa-Julia-chile-1-1440x1080.jpg","full":"https:\/\/goldbecksolar.deteringdesign.com\/wp-content\/uploads\/2023\/10\/Santa-Julia-chile-1-scaled.jpg"},"srcset":"https:\/\/goldbecksolar.deteringdesign.com\/wp-content\/uploads\/2023\/10\/Santa-Julia-chile-1-700x525.jpg 700w, https:\/\/goldbecksolar.deteringdesign.com\/wp-content\/uploads\/2023\/10\/Santa-Julia-chile-1-1440x1080.jpg 1440w, https:\/\/goldbecksolar.deteringdesign.com\/wp-content\/uploads\/2023\/10\/Santa-Julia-chile-1-768x576.jpg 768w, https:\/\/goldbecksolar.deteringdesign.com\/wp-content\/uploads\/2023\/10\/Santa-Julia-chile-1-1536x1152.jpg 1536w, https:\/\/goldbecksolar.deteringdesign.com\/wp-content\/uploads\/2023\/10\/Santa-Julia-chile-1-2048x1536.jpg 2048w, https:\/\/goldbecksolar.deteringdesign.com\/wp-content\/uploads\/2023\/10\/Santa-Julia-chile-1-520x390.jpg 520w, https:\/\/goldbecksolar.deteringdesign.com\/wp-content\/uploads\/2023\/10\/Santa-Julia-chile-1-320x240.jpg 320w"},"parent":18824,"menu_order":0,"comment_status":"closed","ping_status":"closed","template":"","meta":{"_acf_changed":false,"footnotes":""},"class_list":["post-18820","page","type-page","status-publish","has-post-thumbnail","hentry"],"acf":[],"type_label":"Strona","_links":{"self":[{"href":"https:\/\/goldbecksolar.deteringdesign.com\/pl\/wp-json\/wp\/v2\/pages\/18820","targetHints":{"allow":["GET"]}}],"collection":[{"href":"https:\/\/goldbecksolar.deteringdesign.com\/pl\/wp-json\/wp\/v2\/pages"}],"about":[{"href":"https:\/\/goldbecksolar.deteringdesign.com\/pl\/wp-json\/wp\/v2\/types\/page"}],"author":[{"embeddable":true,"href":"https:\/\/goldbecksolar.deteringdesign.com\/pl\/wp-json\/wp\/v2\/users\/9"}],"replies":[{"embeddable":true,"href":"https:\/\/goldbecksolar.deteringdesign.com\/pl\/wp-json\/wp\/v2\/comments?post=18820"}],"version-history":[{"count":3,"href":"https:\/\/goldbecksolar.deteringdesign.com\/pl\/wp-json\/wp\/v2\/pages\/18820\/revisions"}],"predecessor-version":[{"id":19126,"href":"https:\/\/goldbecksolar.deteringdesign.com\/pl\/wp-json\/wp\/v2\/pages\/18820\/revisions\/19126"}],"up":[{"embeddable":true,"href":"https:\/\/goldbecksolar.deteringdesign.com\/pl\/wp-json\/wp\/v2\/pages\/18824"}],"wp:featuredmedia":[{"embeddable":true,"href":"https:\/\/goldbecksolar.deteringdesign.com\/pl\/wp-json\/wp\/v2\/media\/16677"}],"wp:attachment":[{"href":"https:\/\/goldbecksolar.deteringdesign.com\/pl\/wp-json\/wp\/v2\/media?parent=18820"}],"curies":[{"name":"wp","href":"https:\/\/api.w.org\/{rel}","templated":true}]}}