{"id":18835,"date":"2024-11-29T09:51:07","date_gmt":"2024-11-29T08:51:07","guid":{"rendered":"https:\/\/goldbecksolar.deteringdesign.com\/rozwoj-projektu\/"},"modified":"2025-03-04T11:54:55","modified_gmt":"2025-03-04T10:54:55","slug":"rozwoj-projektu","status":"publish","type":"page","link":"https:\/\/goldbecksolar.deteringdesign.com\/pl\/inwestycja-goldbeck-solar\/goldbeck-solar-investment-czym-sie-zajmujemy\/rozwoj-projektu\/","title":"Rozw\u00f3j projektu","content":"<p>Podstaw\u0105 przyjaznej dla \u015brodowiska i ekologicznej przysz\u0142o\u015bci jest dostarczanie energii ze \u017ar\u00f3de\u0142 odnawialnych. Tworzymy podstawy dla zr\u00f3wnowa\u017conych system\u00f3w solarnych ju\u017c na etapie opracowywania projektu.<\/p>\n","excerpt":{"rendered":"<p>Podstaw\u0105 przyjaznej dla \u015brodowiska i ekologicznej przysz\u0142o\u015bci jest dostarczanie energii ze \u017ar\u00f3de\u0142 odnawialnych. Tworzymy podstawy dla zr\u00f3wnowa\u017conych system\u00f3w solarnych ju\u017c na etapie opracowywania projektu.<\/p>\n","protected":false},"author":1,"featured_media":{"alt":"","title":"Projekt_Autodromo","caption":"","width":1200,"height":800,"sizes":{"thumbnail":"https:\/\/goldbecksolar.deteringdesign.com\/wp-content\/uploads\/2023\/02\/projekt_08_autodromo-165x165.jpg","small":"https:\/\/goldbecksolar.deteringdesign.com\/wp-content\/uploads\/2023\/02\/projekt_08_autodromo-700x467.jpg","medium":"https:\/\/goldbecksolar.deteringdesign.com\/wp-content\/uploads\/2023\/02\/projekt_08_autodromo-768x512.jpg","large":"https:\/\/goldbecksolar.deteringdesign.com\/wp-content\/uploads\/2023\/02\/projekt_08_autodromo.jpg","full":"https:\/\/goldbecksolar.deteringdesign.com\/wp-content\/uploads\/2023\/02\/projekt_08_autodromo.jpg"},"srcset":"https:\/\/goldbecksolar.deteringdesign.com\/wp-content\/uploads\/2023\/02\/projekt_08_autodromo-700x467.jpg 700w, https:\/\/goldbecksolar.deteringdesign.com\/wp-content\/uploads\/2023\/02\/projekt_08_autodromo-768x512.jpg 768w, https:\/\/goldbecksolar.deteringdesign.com\/wp-content\/uploads\/2023\/02\/projekt_08_autodromo-520x347.jpg 520w, https:\/\/goldbecksolar.deteringdesign.com\/wp-content\/uploads\/2023\/02\/projekt_08_autodromo-320x213.jpg 320w, https:\/\/goldbecksolar.deteringdesign.com\/wp-content\/uploads\/2023\/02\/projekt_08_autodromo.jpg 1200w"},"parent":18839,"menu_order":0,"comment_status":"closed","ping_status":"closed","template":"","meta":{"_acf_changed":false,"footnotes":""},"class_list":["post-18835","page","type-page","status-publish","has-post-thumbnail","hentry"],"acf":[],"type_label":"Strona","_links":{"self":[{"href":"https:\/\/goldbecksolar.deteringdesign.com\/pl\/wp-json\/wp\/v2\/pages\/18835","targetHints":{"allow":["GET"]}}],"collection":[{"href":"https:\/\/goldbecksolar.deteringdesign.com\/pl\/wp-json\/wp\/v2\/pages"}],"about":[{"href":"https:\/\/goldbecksolar.deteringdesign.com\/pl\/wp-json\/wp\/v2\/types\/page"}],"author":[{"embeddable":true,"href":"https:\/\/goldbecksolar.deteringdesign.com\/pl\/wp-json\/wp\/v2\/users\/1"}],"replies":[{"embeddable":true,"href":"https:\/\/goldbecksolar.deteringdesign.com\/pl\/wp-json\/wp\/v2\/comments?post=18835"}],"version-history":[{"count":8,"href":"https:\/\/goldbecksolar.deteringdesign.com\/pl\/wp-json\/wp\/v2\/pages\/18835\/revisions"}],"predecessor-version":[{"id":19123,"href":"https:\/\/goldbecksolar.deteringdesign.com\/pl\/wp-json\/wp\/v2\/pages\/18835\/revisions\/19123"}],"up":[{"embeddable":true,"href":"https:\/\/goldbecksolar.deteringdesign.com\/pl\/wp-json\/wp\/v2\/pages\/18839"}],"wp:featuredmedia":[{"embeddable":true,"href":"https:\/\/goldbecksolar.deteringdesign.com\/pl\/wp-json\/wp\/v2\/media\/16410"}],"wp:attachment":[{"href":"https:\/\/goldbecksolar.deteringdesign.com\/pl\/wp-json\/wp\/v2\/media?parent=18835"}],"curies":[{"name":"wp","href":"https:\/\/api.w.org\/{rel}","templated":true}]}}