{"id":18842,"date":"2024-11-29T09:50:13","date_gmt":"2024-11-29T08:50:13","guid":{"rendered":"https:\/\/goldbecksolar.deteringdesign.com\/nasz-zespol-inwestycyjny-goldbeck-solar\/"},"modified":"2025-02-11T09:22:50","modified_gmt":"2025-02-11T08:22:50","slug":"nasz-zespol-inwestycyjny-goldbeck-solar","status":"publish","type":"page","link":"https:\/\/goldbecksolar.deteringdesign.com\/pl\/inwestycja-goldbeck-solar\/goldbeck-solar-investment-twoi-eksperci-od-inwestycji-fotowoltaicznych\/nasz-zespol-inwestycyjny-goldbeck-solar\/","title":"Nasz zesp\u00f3\u0142 inwestycyjny GOLDBECK SOLAR","content":"<p>Od momentu powstania w 2018 r. zbudowali\u015bmy wysoko wykwalifikowany zesp\u00f3\u0142 inwestycyjny GOLDBECK SOLAR, kt\u00f3ry obecnie sk\u0142ada si\u0119 z trzynastu ekspert\u00f3w z dziesi\u0119ciu r\u00f3\u017cnych kraj\u00f3w. Nasi pracownicy posiadaj\u0105 bogate do\u015bwiadczenie w bran\u017cy solarnej i inwestycyjnej. Wraz z naszymi kolegami z Grupy GOLDBECK SOLAR koncentrujemy si\u0119 na niezawodnej wsp\u00f3\u0142pracy z naszymi klientami.  <\/p>\n","excerpt":{"rendered":"<p>Od momentu powstania w 2018 r. zbudowali\u015bmy wysoko wykwalifikowany zesp\u00f3\u0142 inwestycyjny GOLDBECK SOLAR, kt\u00f3ry obecnie sk\u0142ada si\u0119 z trzynastu ekspert\u00f3w z dziesi\u0119ciu r\u00f3\u017cnych kraj\u00f3w. Nasi pracownicy posiadaj\u0105 bogate do\u015bwiadczenie w bran\u017cy solarnej i inwestycyjnej. Wraz z naszymi kolegami z Grupy GOLDBECK SOLAR koncentrujemy si\u0119 na niezawodnej wsp\u00f3\u0142pracy z naszymi klientami.<\/p>\n","protected":false},"author":1,"featured_media":{"alt":"","title":"GS Investment Team_outside","caption":"","width":2560,"height":1391,"sizes":{"thumbnail":"https:\/\/goldbecksolar.deteringdesign.com\/wp-content\/uploads\/2024\/12\/GS-Investment-Team_outside-165x165.jpg","small":"https:\/\/goldbecksolar.deteringdesign.com\/wp-content\/uploads\/2024\/12\/GS-Investment-Team_outside-700x380.jpg","medium":"https:\/\/goldbecksolar.deteringdesign.com\/wp-content\/uploads\/2024\/12\/GS-Investment-Team_outside-768x417.jpg","large":"https:\/\/goldbecksolar.deteringdesign.com\/wp-content\/uploads\/2024\/12\/GS-Investment-Team_outside-1920x1043.jpg","full":"https:\/\/goldbecksolar.deteringdesign.com\/wp-content\/uploads\/2024\/12\/GS-Investment-Team_outside-scaled.jpg"},"srcset":"https:\/\/goldbecksolar.deteringdesign.com\/wp-content\/uploads\/2024\/12\/GS-Investment-Team_outside-700x380.jpg 700w, https:\/\/goldbecksolar.deteringdesign.com\/wp-content\/uploads\/2024\/12\/GS-Investment-Team_outside-1920x1043.jpg 1920w, https:\/\/goldbecksolar.deteringdesign.com\/wp-content\/uploads\/2024\/12\/GS-Investment-Team_outside-768x417.jpg 768w, https:\/\/goldbecksolar.deteringdesign.com\/wp-content\/uploads\/2024\/12\/GS-Investment-Team_outside-1536x835.jpg 1536w, https:\/\/goldbecksolar.deteringdesign.com\/wp-content\/uploads\/2024\/12\/GS-Investment-Team_outside-2048x1113.jpg 2048w, https:\/\/goldbecksolar.deteringdesign.com\/wp-content\/uploads\/2024\/12\/GS-Investment-Team_outside-520x283.jpg 520w, https:\/\/goldbecksolar.deteringdesign.com\/wp-content\/uploads\/2024\/12\/GS-Investment-Team_outside-320x174.jpg 320w"},"parent":18843,"menu_order":1,"comment_status":"closed","ping_status":"closed","template":"","meta":{"_acf_changed":false,"footnotes":""},"class_list":["post-18842","page","type-page","status-publish","has-post-thumbnail","hentry"],"acf":[],"type_label":"Strona","_links":{"self":[{"href":"https:\/\/goldbecksolar.deteringdesign.com\/pl\/wp-json\/wp\/v2\/pages\/18842","targetHints":{"allow":["GET"]}}],"collection":[{"href":"https:\/\/goldbecksolar.deteringdesign.com\/pl\/wp-json\/wp\/v2\/pages"}],"about":[{"href":"https:\/\/goldbecksolar.deteringdesign.com\/pl\/wp-json\/wp\/v2\/types\/page"}],"author":[{"embeddable":true,"href":"https:\/\/goldbecksolar.deteringdesign.com\/pl\/wp-json\/wp\/v2\/users\/1"}],"replies":[{"embeddable":true,"href":"https:\/\/goldbecksolar.deteringdesign.com\/pl\/wp-json\/wp\/v2\/comments?post=18842"}],"version-history":[{"count":1,"href":"https:\/\/goldbecksolar.deteringdesign.com\/pl\/wp-json\/wp\/v2\/pages\/18842\/revisions"}],"predecessor-version":[{"id":18845,"href":"https:\/\/goldbecksolar.deteringdesign.com\/pl\/wp-json\/wp\/v2\/pages\/18842\/revisions\/18845"}],"up":[{"embeddable":true,"href":"https:\/\/goldbecksolar.deteringdesign.com\/pl\/wp-json\/wp\/v2\/pages\/18843"}],"wp:featuredmedia":[{"embeddable":true,"href":"https:\/\/goldbecksolar.deteringdesign.com\/pl\/wp-json\/wp\/v2\/media\/17343"}],"wp:attachment":[{"href":"https:\/\/goldbecksolar.deteringdesign.com\/pl\/wp-json\/wp\/v2\/media?parent=18842"}],"curies":[{"name":"wp","href":"https:\/\/api.w.org\/{rel}","templated":true}]}}