{"id":18843,"date":"2024-11-29T09:49:13","date_gmt":"2024-11-29T08:49:13","guid":{"rendered":"https:\/\/goldbecksolar.deteringdesign.com\/goldbeck-solar-investment-twoi-eksperci-od-inwestycji-fotowoltaicznych\/"},"modified":"2025-02-11T09:47:06","modified_gmt":"2025-02-11T08:47:06","slug":"goldbeck-solar-investment-twoi-eksperci-od-inwestycji-fotowoltaicznych","status":"publish","type":"page","link":"https:\/\/goldbecksolar.deteringdesign.com\/pl\/inwestycja-goldbeck-solar\/goldbeck-solar-investment-twoi-eksperci-od-inwestycji-fotowoltaicznych\/","title":"GOLDBECK SOLAR Investment &#8211; Twoi eksperci od inwestycji fotowoltaicznych","content":"<p>GOLDBECK SOLAR Investment GmbH jest sp\u00f3\u0142k\u0105 inwestycyjn\u0105 grupy GOLDBECK SOLAR. Oferujemy zindywidualizowane rozwi\u0105zania dla ca\u0142ego cyklu \u017cycia projekt\u00f3w fotowoltaicznych &#8211; od rozwoju projektu i strukturyzacji po sprzeda\u017c instalacji &#8222;pod klucz&#8221; i zarz\u0105dzanie aktywami, a\u017c po marketing czystej energii elektrycznej. <\/p>\n<p>Naszym celem jest stworzenie zr\u00f3wnowa\u017conej i ekonomicznej podstawy dla dzia\u0142ania system\u00f3w fotowoltaicznych. Chcemy odgrywa\u0107 aktywn\u0105 rol\u0119 w kszta\u0142towaniu globalnej transformacji w kierunku odnawialnych \u017ar\u00f3de\u0142 energii. <\/p>\n<p><a href=\"https:\/\/goldbecksolar.deteringdesign.com\/was-wir-tun\/\">Dowiedz si\u0119 wi\u0119cej o naszych us\u0142ugach tutaj.  <\/a><\/p>\n","excerpt":{"rendered":"<p>GOLDBECK SOLAR Investment GmbH jest sp\u00f3\u0142k\u0105 inwestycyjn\u0105 grupy GOLDBECK SOLAR. Oferujemy zindywidualizowane rozwi\u0105zania dla ca\u0142ego cyklu \u017cycia projekt\u00f3w fotowoltaicznych &#8211; od rozwoju projektu i strukturyzacji po sprzeda\u017c instalacji &#8222;pod klucz&#8221; i zarz\u0105dzanie aktywami, a\u017c po marketing czystej energii elektrycznej. Naszym celem jest stworzenie zr\u00f3wnowa\u017conej i ekonomicznej podstawy dla dzia\u0142ania system\u00f3w fotowoltaicznych. Chcemy odgrywa\u0107 aktywn\u0105 rol\u0119 [&hellip;]<\/p>\n","protected":false},"author":1,"featured_media":{"alt":"","title":"GOLDBECK SOLAR Investment: das Team","caption":"","width":2560,"height":1224,"sizes":{"thumbnail":"https:\/\/goldbecksolar.deteringdesign.com\/wp-content\/uploads\/2024\/12\/GS-Investment-Team-01-165x165.jpg","small":"https:\/\/goldbecksolar.deteringdesign.com\/wp-content\/uploads\/2024\/12\/GS-Investment-Team-01-700x335.jpg","medium":"https:\/\/goldbecksolar.deteringdesign.com\/wp-content\/uploads\/2024\/12\/GS-Investment-Team-01-768x367.jpg","large":"https:\/\/goldbecksolar.deteringdesign.com\/wp-content\/uploads\/2024\/12\/GS-Investment-Team-01-1920x918.jpg","full":"https:\/\/goldbecksolar.deteringdesign.com\/wp-content\/uploads\/2024\/12\/GS-Investment-Team-01-scaled.jpg"},"srcset":"https:\/\/goldbecksolar.deteringdesign.com\/wp-content\/uploads\/2024\/12\/GS-Investment-Team-01-700x335.jpg 700w, https:\/\/goldbecksolar.deteringdesign.com\/wp-content\/uploads\/2024\/12\/GS-Investment-Team-01-1920x918.jpg 1920w, https:\/\/goldbecksolar.deteringdesign.com\/wp-content\/uploads\/2024\/12\/GS-Investment-Team-01-768x367.jpg 768w, https:\/\/goldbecksolar.deteringdesign.com\/wp-content\/uploads\/2024\/12\/GS-Investment-Team-01-1536x735.jpg 1536w, https:\/\/goldbecksolar.deteringdesign.com\/wp-content\/uploads\/2024\/12\/GS-Investment-Team-01-2048x980.jpg 2048w, https:\/\/goldbecksolar.deteringdesign.com\/wp-content\/uploads\/2024\/12\/GS-Investment-Team-01-520x249.jpg 520w, https:\/\/goldbecksolar.deteringdesign.com\/wp-content\/uploads\/2024\/12\/GS-Investment-Team-01-320x153.jpg 320w"},"parent":18849,"menu_order":0,"comment_status":"closed","ping_status":"closed","template":"","meta":{"_acf_changed":false,"footnotes":""},"class_list":["post-18843","page","type-page","status-publish","has-post-thumbnail","hentry"],"acf":[],"type_label":"Strona","_links":{"self":[{"href":"https:\/\/goldbecksolar.deteringdesign.com\/pl\/wp-json\/wp\/v2\/pages\/18843","targetHints":{"allow":["GET"]}}],"collection":[{"href":"https:\/\/goldbecksolar.deteringdesign.com\/pl\/wp-json\/wp\/v2\/pages"}],"about":[{"href":"https:\/\/goldbecksolar.deteringdesign.com\/pl\/wp-json\/wp\/v2\/types\/page"}],"author":[{"embeddable":true,"href":"https:\/\/goldbecksolar.deteringdesign.com\/pl\/wp-json\/wp\/v2\/users\/1"}],"replies":[{"embeddable":true,"href":"https:\/\/goldbecksolar.deteringdesign.com\/pl\/wp-json\/wp\/v2\/comments?post=18843"}],"version-history":[{"count":1,"href":"https:\/\/goldbecksolar.deteringdesign.com\/pl\/wp-json\/wp\/v2\/pages\/18843\/revisions"}],"predecessor-version":[{"id":18846,"href":"https:\/\/goldbecksolar.deteringdesign.com\/pl\/wp-json\/wp\/v2\/pages\/18843\/revisions\/18846"}],"up":[{"embeddable":true,"href":"https:\/\/goldbecksolar.deteringdesign.com\/pl\/wp-json\/wp\/v2\/pages\/18849"}],"wp:featuredmedia":[{"embeddable":true,"href":"https:\/\/goldbecksolar.deteringdesign.com\/pl\/wp-json\/wp\/v2\/media\/17337"}],"wp:attachment":[{"href":"https:\/\/goldbecksolar.deteringdesign.com\/pl\/wp-json\/wp\/v2\/media?parent=18843"}],"curies":[{"name":"wp","href":"https:\/\/api.w.org\/{rel}","templated":true}]}}