{"id":18866,"date":"2022-06-22T09:43:45","date_gmt":"2022-06-22T07:43:45","guid":{"rendered":"https:\/\/goldbecksolar.deteringdesign.com\/kariera\/"},"modified":"2025-06-26T18:12:16","modified_gmt":"2025-06-26T16:12:16","slug":"kariera","status":"publish","type":"page","link":"https:\/\/goldbecksolar.deteringdesign.com\/pl\/kariera\/","title":"Kariera","content":"<p class=\"p1\">Przysz\u0142o\u015b\u0107 energii nale\u017cy do s\u0142o\u0144ca. Uczy\u0144 j\u0105 swoj\u0105 przysz\u0142o\u015bci\u0105. Czy chcesz odgrywa\u0107 aktywn\u0105 rol\u0119 w przenoszeniu naszych dostaw energii na wy\u017cszy poziom? Szukasz kariery w bran\u017cy, w kt\u00f3rej naprawd\u0119 mo\u017cesz co\u015b zmieni\u0107? U pracodawcy, u kt\u00f3rego mo\u017cesz si\u0119 rozwija\u0107 i wnosi\u0107 sw\u00f3j wk\u0142ad?    <\/p>\n<p class=\"p1\">Szukamy w\u0142a\u015bnie Ciebie. Pozw\u00f3l nam Ci\u0119 znale\u017a\u0107! <\/p>\n<p><a class=\"btn btn-editor\" href=\"https:\/\/goldbecksolar.kenjo.io\/\" target=\"_blank\" rel=\"noopener\">OFERTY PRACY<\/a><\/p>\n<p>&nbsp;<\/p>\n<p>&nbsp;<\/p>\n<div class=\"container-lazyload preview-lazyload container-youtube js-lazyload--not-loaded\"><a href=\"https:\/\/www.youtube.com\/watch?v=jpIdd7tdJ8M\" class=\"lazy-load-youtube preview-lazyload preview-youtube\" data-video-title=\"Welcome to GOLDBECK SOLAR! A quick tour through our office.\" title=\"Play video &quot;Welcome to GOLDBECK SOLAR! A quick tour through our office.&quot;\">https:\/\/www.youtube.com\/watch?v=jpIdd7tdJ8M<\/a><noscript>Video can&#8217;t be loaded because JavaScript is disabled: <a href=\"https:\/\/www.youtube.com\/watch?v=jpIdd7tdJ8M\" title=\"Welcome to GOLDBECK SOLAR! A quick tour through our office.\">Welcome to GOLDBECK SOLAR! A quick tour through our office. (https:\/\/www.youtube.com\/watch?v=jpIdd7tdJ8M)<\/a><\/noscript><\/div>\n","excerpt":{"rendered":"<p>Przysz\u0142o\u015b\u0107 energii nale\u017cy do s\u0142o\u0144ca. Uczy\u0144 j\u0105 swoj\u0105 przysz\u0142o\u015bci\u0105. Czy chcesz odgrywa\u0107 aktywn\u0105 rol\u0119 w przenoszeniu naszych dostaw energii na wy\u017cszy poziom? Szukasz kariery w bran\u017cy, w kt\u00f3rej naprawd\u0119 mo\u017cesz co\u015b zmieni\u0107? U pracodawcy, u kt\u00f3rego mo\u017cesz si\u0119 rozwija\u0107 i wnosi\u0107 sw\u00f3j wk\u0142ad? Szukamy w\u0142a\u015bnie Ciebie. Pozw\u00f3l nam Ci\u0119 znale\u017a\u0107! OFERTY PRACY &nbsp; &nbsp; https:\/\/www.youtube.com\/watch?v=jpIdd7tdJ8MVideo [&hellip;]<\/p>\n","protected":false},"author":1,"featured_media":{"alt":"","title":"karriere_bei_goldbeck_solar","caption":"","width":2560,"height":1707,"sizes":{"thumbnail":"https:\/\/goldbecksolar.deteringdesign.com\/wp-content\/uploads\/2022\/06\/karriere_bei_goldbeck_solar-165x165.jpg","small":"https:\/\/goldbecksolar.deteringdesign.com\/wp-content\/uploads\/2022\/06\/karriere_bei_goldbeck_solar-700x467.jpg","medium":"https:\/\/goldbecksolar.deteringdesign.com\/wp-content\/uploads\/2022\/06\/karriere_bei_goldbeck_solar-768x512.jpg","large":"https:\/\/goldbecksolar.deteringdesign.com\/wp-content\/uploads\/2022\/06\/karriere_bei_goldbeck_solar-1620x1080.jpg","full":"https:\/\/goldbecksolar.deteringdesign.com\/wp-content\/uploads\/2022\/06\/karriere_bei_goldbeck_solar.jpg"},"srcset":"https:\/\/goldbecksolar.deteringdesign.com\/wp-content\/uploads\/2022\/06\/karriere_bei_goldbeck_solar-700x467.jpg 700w, https:\/\/goldbecksolar.deteringdesign.com\/wp-content\/uploads\/2022\/06\/karriere_bei_goldbeck_solar-1620x1080.jpg 1620w, https:\/\/goldbecksolar.deteringdesign.com\/wp-content\/uploads\/2022\/06\/karriere_bei_goldbeck_solar-768x512.jpg 768w, https:\/\/goldbecksolar.deteringdesign.com\/wp-content\/uploads\/2022\/06\/karriere_bei_goldbeck_solar-1536x1024.jpg 1536w, https:\/\/goldbecksolar.deteringdesign.com\/wp-content\/uploads\/2022\/06\/karriere_bei_goldbeck_solar-2048x1366.jpg 2048w, https:\/\/goldbecksolar.deteringdesign.com\/wp-content\/uploads\/2022\/06\/karriere_bei_goldbeck_solar-520x347.jpg 520w, https:\/\/goldbecksolar.deteringdesign.com\/wp-content\/uploads\/2022\/06\/karriere_bei_goldbeck_solar-320x213.jpg 320w"},"parent":0,"menu_order":6,"comment_status":"closed","ping_status":"closed","template":"","meta":{"_acf_changed":false,"footnotes":""},"class_list":["post-18866","page","type-page","status-publish","has-post-thumbnail","hentry"],"acf":[],"type_label":"Strona","_links":{"self":[{"href":"https:\/\/goldbecksolar.deteringdesign.com\/pl\/wp-json\/wp\/v2\/pages\/18866","targetHints":{"allow":["GET"]}}],"collection":[{"href":"https:\/\/goldbecksolar.deteringdesign.com\/pl\/wp-json\/wp\/v2\/pages"}],"about":[{"href":"https:\/\/goldbecksolar.deteringdesign.com\/pl\/wp-json\/wp\/v2\/types\/page"}],"author":[{"embeddable":true,"href":"https:\/\/goldbecksolar.deteringdesign.com\/pl\/wp-json\/wp\/v2\/users\/1"}],"replies":[{"embeddable":true,"href":"https:\/\/goldbecksolar.deteringdesign.com\/pl\/wp-json\/wp\/v2\/comments?post=18866"}],"version-history":[{"count":2,"href":"https:\/\/goldbecksolar.deteringdesign.com\/pl\/wp-json\/wp\/v2\/pages\/18866\/revisions"}],"predecessor-version":[{"id":19209,"href":"https:\/\/goldbecksolar.deteringdesign.com\/pl\/wp-json\/wp\/v2\/pages\/18866\/revisions\/19209"}],"wp:featuredmedia":[{"embeddable":true,"href":"https:\/\/goldbecksolar.deteringdesign.com\/pl\/wp-json\/wp\/v2\/media\/16008"}],"wp:attachment":[{"href":"https:\/\/goldbecksolar.deteringdesign.com\/pl\/wp-json\/wp\/v2\/media?parent=18866"}],"curies":[{"name":"wp","href":"https:\/\/api.w.org\/{rel}","templated":true}]}}