{"id":18872,"date":"2022-02-21T09:43:05","date_gmt":"2022-02-21T08:43:05","guid":{"rendered":"https:\/\/goldbecksolar.deteringdesign.com\/solarplanner-innowacyjne-rozwiazania-dla-optymalnych-wynikow\/"},"modified":"2025-02-13T11:41:23","modified_gmt":"2025-02-13T10:41:23","slug":"solarplanner-innowacyjne-rozwiazania-dla-optymalnych-wynikow","status":"publish","type":"page","link":"https:\/\/goldbecksolar.deteringdesign.com\/pl\/innowacje-dla-rynku-energii\/solarplanner-innowacyjne-rozwiazania-dla-optymalnych-wynikow\/","title":"SolarPlanner: Innowacyjne rozwi\u0105zania dla optymalnych wynik\u00f3w","content":"<p><span class=\"TextRun SCXW164908967 BCX2\" lang=\"DE-DE\" data-contrast=\"auto\" xml:lang=\"DE-DE\"><span class=\"NormalTextRun SCXW164908967 BCX2\">The <\/span><span class=\"NormalTextRun SpellingErrorV2Themed SCXW164908967 BCX2\">SolarPlanner<\/span><span class=\"NormalTextRun SCXW164908967 BCX2\">  to rewolucyjne oprogramowanie, kt\u00f3re \u0142\u0105czy w sobie dziesi\u0119ciolecia praktycznego do\u015bwiadczenia z bran\u017cy solarnej z innowacjami naukowymi. Zosta\u0142o ono opracowane we <a href=\"https:\/\/www.itwm.fraunhofer.de\/de\/abteilungen\/optimierung\/energie-versorgung\/planung-photovoltaik-kraftwerke.html\" target=\"_blank\" rel=\"noopener\">wsp\u00f3\u0142pracy z Fraunhofer ITWM<\/a>.   <\/span><span class=\"NormalTextRun SpellingErrorV2Themed SCXW164908967 BCX2\">oprogramowanie <\/span><span class=\"NormalTextRun SCXW164908967 BCX2\">Twoje projekty solarne dla maksymalnej wydajno\u015bci<\/span><span class=\"NormalTextRun SCXW164908967 BCX2\"> w najlepszej cenie.<\/span><\/span><\/p>\n","excerpt":{"rendered":"<p>The SolarPlanner to rewolucyjne oprogramowanie, kt\u00f3re \u0142\u0105czy w sobie dziesi\u0119ciolecia praktycznego do\u015bwiadczenia z bran\u017cy solarnej z innowacjami naukowymi. Zosta\u0142o ono opracowane we wsp\u00f3\u0142pracy z Fraunhofer ITWM. oprogramowanie Twoje projekty solarne dla maksymalnej wydajno\u015bci w najlepszej cenie.<\/p>\n","protected":false},"author":1,"featured_media":{"alt":"","title":"SolarPlanner","caption":"","width":2560,"height":1707,"sizes":{"thumbnail":"https:\/\/goldbecksolar.deteringdesign.com\/wp-content\/uploads\/2022\/02\/SolarPlaner_L01-165x165.jpg","small":"https:\/\/goldbecksolar.deteringdesign.com\/wp-content\/uploads\/2022\/02\/SolarPlaner_L01-700x467.jpg","medium":"https:\/\/goldbecksolar.deteringdesign.com\/wp-content\/uploads\/2022\/02\/SolarPlaner_L01-768x512.jpg","large":"https:\/\/goldbecksolar.deteringdesign.com\/wp-content\/uploads\/2022\/02\/SolarPlaner_L01-1620x1080.jpg","full":"https:\/\/goldbecksolar.deteringdesign.com\/wp-content\/uploads\/2022\/02\/SolarPlaner_L01-scaled.jpg"},"srcset":"https:\/\/goldbecksolar.deteringdesign.com\/wp-content\/uploads\/2022\/02\/SolarPlaner_L01-700x467.jpg 700w, https:\/\/goldbecksolar.deteringdesign.com\/wp-content\/uploads\/2022\/02\/SolarPlaner_L01-1620x1080.jpg 1620w, https:\/\/goldbecksolar.deteringdesign.com\/wp-content\/uploads\/2022\/02\/SolarPlaner_L01-768x512.jpg 768w, https:\/\/goldbecksolar.deteringdesign.com\/wp-content\/uploads\/2022\/02\/SolarPlaner_L01-1536x1024.jpg 1536w, https:\/\/goldbecksolar.deteringdesign.com\/wp-content\/uploads\/2022\/02\/SolarPlaner_L01-2048x1365.jpg 2048w, https:\/\/goldbecksolar.deteringdesign.com\/wp-content\/uploads\/2022\/02\/SolarPlaner_L01-520x347.jpg 520w, https:\/\/goldbecksolar.deteringdesign.com\/wp-content\/uploads\/2022\/02\/SolarPlaner_L01-320x213.jpg 320w"},"parent":19005,"menu_order":0,"comment_status":"closed","ping_status":"closed","template":"","meta":{"_acf_changed":false,"footnotes":""},"class_list":["post-18872","page","type-page","status-publish","has-post-thumbnail","hentry"],"acf":[],"type_label":"Strona","_links":{"self":[{"href":"https:\/\/goldbecksolar.deteringdesign.com\/pl\/wp-json\/wp\/v2\/pages\/18872","targetHints":{"allow":["GET"]}}],"collection":[{"href":"https:\/\/goldbecksolar.deteringdesign.com\/pl\/wp-json\/wp\/v2\/pages"}],"about":[{"href":"https:\/\/goldbecksolar.deteringdesign.com\/pl\/wp-json\/wp\/v2\/types\/page"}],"author":[{"embeddable":true,"href":"https:\/\/goldbecksolar.deteringdesign.com\/pl\/wp-json\/wp\/v2\/users\/1"}],"replies":[{"embeddable":true,"href":"https:\/\/goldbecksolar.deteringdesign.com\/pl\/wp-json\/wp\/v2\/comments?post=18872"}],"version-history":[{"count":1,"href":"https:\/\/goldbecksolar.deteringdesign.com\/pl\/wp-json\/wp\/v2\/pages\/18872\/revisions"}],"predecessor-version":[{"id":19007,"href":"https:\/\/goldbecksolar.deteringdesign.com\/pl\/wp-json\/wp\/v2\/pages\/18872\/revisions\/19007"}],"up":[{"embeddable":true,"href":"https:\/\/goldbecksolar.deteringdesign.com\/pl\/wp-json\/wp\/v2\/pages\/19005"}],"wp:featuredmedia":[{"embeddable":true,"href":"https:\/\/goldbecksolar.deteringdesign.com\/pl\/wp-json\/wp\/v2\/media\/15759"}],"wp:attachment":[{"href":"https:\/\/goldbecksolar.deteringdesign.com\/pl\/wp-json\/wp\/v2\/media?parent=18872"}],"curies":[{"name":"wp","href":"https:\/\/api.w.org\/{rel}","templated":true}]}}