{"id":18929,"date":"2021-01-04T17:34:01","date_gmt":"2021-01-04T16:34:01","guid":{"rendered":"https:\/\/goldbecksolar.deteringdesign.com\/inzynieria\/"},"modified":"2025-02-14T10:20:38","modified_gmt":"2025-02-14T09:20:38","slug":"inzynieria","status":"publish","type":"page","link":"https:\/\/goldbecksolar.deteringdesign.com\/pl\/nasze-uslugi\/om-obsluga-i-konserwacja\/inzynieria\/","title":"In\u017cynieria","content":"<h1>Profesjonalna in\u017cynieria<\/h1>\n<p>Systemy solarne s\u0105 zaprojektowane tak, aby przekszta\u0142ca\u0107 energi\u0119 s\u0142oneczn\u0105 w u\u017cyteczn\u0105 energi\u0119 elektryczn\u0105 przez 30 lat lub d\u0142u\u017cej. W ci\u0105gu 30 lat wiele si\u0119 dzieje pod wzgl\u0119dem technicznym. Niezale\u017cnie od tego, czy s\u0105 to niezb\u0119dne lub pomocne modernizacje, nowoczesne optymalizacje czy zmiana mocy &#8211; nasz zesp\u00f3\u0142 in\u017cynier\u00f3w O&amp;M dba o to, aby dachowy system fotowoltaiczny lub farma fotowoltaiczna zawsze dzia\u0142a\u0142y na najwy\u017cszym poziomie wydajno\u015bci.  <\/p>\n<p>Nasze zindywidualizowane koncepcje napraw i rozwi\u0105zania w zakresie ponownego zasilania stwarzaj\u0105 najlepsze warunki dla wydajnego i op\u0142acalnego okresu eksploatacji inwestycji w energi\u0119 s\u0142oneczn\u0105.<\/p>\n","excerpt":{"rendered":"<p>Profesjonalna in\u017cynieria Systemy solarne s\u0105 zaprojektowane tak, aby przekszta\u0142ca\u0107 energi\u0119 s\u0142oneczn\u0105 w u\u017cyteczn\u0105 energi\u0119 elektryczn\u0105 przez 30 lat lub d\u0142u\u017cej. W ci\u0105gu 30 lat wiele si\u0119 dzieje pod wzgl\u0119dem technicznym. Niezale\u017cnie od tego, czy s\u0105 to niezb\u0119dne lub pomocne modernizacje, nowoczesne optymalizacje czy zmiana mocy &#8211; nasz zesp\u00f3\u0142 in\u017cynier\u00f3w O&amp;M dba o to, aby dachowy [&hellip;]<\/p>\n","protected":false},"author":1,"featured_media":{"alt":"","title":"O&#038;M GOLDBECK SOLAR","caption":"GOLDBECK SOLAR \u00fcbernimmt f\u00fcr Sie alle O&M-Dienstleistungen f\u00fcr Ihre Photovoltaikanlage.","width":2560,"height":1707,"sizes":{"thumbnail":"https:\/\/goldbecksolar.deteringdesign.com\/wp-content\/uploads\/2021\/09\/GP_9243-165x165.jpg","small":"https:\/\/goldbecksolar.deteringdesign.com\/wp-content\/uploads\/2021\/09\/GP_9243-700x467.jpg","medium":"https:\/\/goldbecksolar.deteringdesign.com\/wp-content\/uploads\/2021\/09\/GP_9243-768x512.jpg","large":"https:\/\/goldbecksolar.deteringdesign.com\/wp-content\/uploads\/2021\/09\/GP_9243-1620x1080.jpg","full":"https:\/\/goldbecksolar.deteringdesign.com\/wp-content\/uploads\/2021\/09\/GP_9243-scaled.jpg"},"srcset":"https:\/\/goldbecksolar.deteringdesign.com\/wp-content\/uploads\/2021\/09\/GP_9243-700x467.jpg 700w, https:\/\/goldbecksolar.deteringdesign.com\/wp-content\/uploads\/2021\/09\/GP_9243-1620x1080.jpg 1620w, https:\/\/goldbecksolar.deteringdesign.com\/wp-content\/uploads\/2021\/09\/GP_9243-768x512.jpg 768w, https:\/\/goldbecksolar.deteringdesign.com\/wp-content\/uploads\/2021\/09\/GP_9243-1536x1024.jpg 1536w, https:\/\/goldbecksolar.deteringdesign.com\/wp-content\/uploads\/2021\/09\/GP_9243-2048x1365.jpg 2048w, https:\/\/goldbecksolar.deteringdesign.com\/wp-content\/uploads\/2021\/09\/GP_9243-520x347.jpg 520w, https:\/\/goldbecksolar.deteringdesign.com\/wp-content\/uploads\/2021\/09\/GP_9243-320x213.jpg 320w"},"parent":19029,"menu_order":0,"comment_status":"closed","ping_status":"closed","template":"template-unterseite.php","meta":{"_acf_changed":false,"footnotes":""},"class_list":["post-18929","page","type-page","status-publish","has-post-thumbnail","hentry"],"acf":[],"type_label":"Strona","_links":{"self":[{"href":"https:\/\/goldbecksolar.deteringdesign.com\/pl\/wp-json\/wp\/v2\/pages\/18929","targetHints":{"allow":["GET"]}}],"collection":[{"href":"https:\/\/goldbecksolar.deteringdesign.com\/pl\/wp-json\/wp\/v2\/pages"}],"about":[{"href":"https:\/\/goldbecksolar.deteringdesign.com\/pl\/wp-json\/wp\/v2\/types\/page"}],"author":[{"embeddable":true,"href":"https:\/\/goldbecksolar.deteringdesign.com\/pl\/wp-json\/wp\/v2\/users\/1"}],"replies":[{"embeddable":true,"href":"https:\/\/goldbecksolar.deteringdesign.com\/pl\/wp-json\/wp\/v2\/comments?post=18929"}],"version-history":[{"count":1,"href":"https:\/\/goldbecksolar.deteringdesign.com\/pl\/wp-json\/wp\/v2\/pages\/18929\/revisions"}],"predecessor-version":[{"id":19030,"href":"https:\/\/goldbecksolar.deteringdesign.com\/pl\/wp-json\/wp\/v2\/pages\/18929\/revisions\/19030"}],"up":[{"embeddable":true,"href":"https:\/\/goldbecksolar.deteringdesign.com\/pl\/wp-json\/wp\/v2\/pages\/19029"}],"wp:featuredmedia":[{"embeddable":true,"href":"https:\/\/goldbecksolar.deteringdesign.com\/pl\/wp-json\/wp\/v2\/media\/15588"}],"wp:attachment":[{"href":"https:\/\/goldbecksolar.deteringdesign.com\/pl\/wp-json\/wp\/v2\/media?parent=18929"}],"curies":[{"name":"wp","href":"https:\/\/api.w.org\/{rel}","templated":true}]}}