{"id":19004,"date":"2020-01-10T08:58:13","date_gmt":"2020-01-10T07:58:13","guid":{"rendered":"https:\/\/goldbecksolar.deteringdesign.com\/jestesmy-goldbeck-solar\/esg\/"},"modified":"2025-07-01T15:26:10","modified_gmt":"2025-07-01T13:26:10","slug":"esg","status":"publish","type":"page","link":"https:\/\/goldbecksolar.deteringdesign.com\/pl\/jestesmy-goldbeck-solar\/esg\/","title":"ESG","content":"<h1 style=\"text-align: center;\"><strong>Nasze zaanga\u017cowanie w zr\u00f3wnowa\u017con\u0105 przysz\u0142o\u015b\u0107<\/strong><\/h1>\n<p style=\"text-align: center;\">Zr\u00f3wnowa\u017cony rozw\u00f3j jest w centrum wszystkiego, co robimy. D\u0105\u017cymy do osi\u0105gni\u0119cia stabilnej r\u00f3wnowagi mi\u0119dzy aspektami ekonomicznymi, spo\u0142ecznymi i ekologicznymi. Niezale\u017cnie od tego, czy chodzi o rozw\u00f3j, nasze us\u0142ugi czy budow\u0119 system\u00f3w solarnych &#8211; koncentrujemy si\u0119 na odpowiedzialnym korzystaniu z zasob\u00f3w, ochronie lokalnego \u015brodowiska i zachowaniu r\u00f3\u017cnorodno\u015bci biologicznej.  <\/p>\n<p style=\"text-align: center;\">Jeste\u015bmy przekonani, \u017ce zr\u00f3wnowa\u017cone po\u0142\u0105czenie mi\u0119dzy lud\u017ami, natur\u0105, technologi\u0105 i dobrobytem jest kluczem do zr\u00f3wnowa\u017conego \u015bwiata. Jako wiod\u0105ca firma w dziedzinie energii odnawialnej, z przejrzysto\u015bci\u0105 i determinacj\u0105 stawiamy czo\u0142a wyzwaniom naszych czas\u00f3w. Nasza wizja koncentruje si\u0119 na redukcji emisji, ochronie bior\u00f3\u017cnorodno\u015bci, zwi\u0119kszaniu efektywno\u015bci wykorzystania zasob\u00f3w, promowaniu gospodarki o obiegu zamkni\u0119tym i ochronie praw cz\u0142owieka w ca\u0142ym naszym \u0142a\u0144cuchu warto\u015bci.  <\/p>\n","excerpt":{"rendered":"<p>Nasze zaanga\u017cowanie w zr\u00f3wnowa\u017con\u0105 przysz\u0142o\u015b\u0107 Zr\u00f3wnowa\u017cony rozw\u00f3j jest w centrum wszystkiego, co robimy. D\u0105\u017cymy do osi\u0105gni\u0119cia stabilnej r\u00f3wnowagi mi\u0119dzy aspektami ekonomicznymi, spo\u0142ecznymi i ekologicznymi. Niezale\u017cnie od tego, czy chodzi o rozw\u00f3j, nasze us\u0142ugi czy budow\u0119 system\u00f3w solarnych &#8211; koncentrujemy si\u0119 na odpowiedzialnym korzystaniu z zasob\u00f3w, ochronie lokalnego \u015brodowiska i zachowaniu r\u00f3\u017cnorodno\u015bci biologicznej. Jeste\u015bmy przekonani, \u017ce [&hellip;]<\/p>\n","protected":false},"author":1,"featured_media":{"alt":"","title":"GS_Solarpark_Chile","caption":"","width":1024,"height":683,"sizes":{"thumbnail":"https:\/\/goldbecksolar.deteringdesign.com\/wp-content\/uploads\/2024\/11\/GS_Solarpark_Chile-165x165.jpg","small":"https:\/\/goldbecksolar.deteringdesign.com\/wp-content\/uploads\/2024\/11\/GS_Solarpark_Chile-700x467.jpg","medium":"https:\/\/goldbecksolar.deteringdesign.com\/wp-content\/uploads\/2024\/11\/GS_Solarpark_Chile-768x512.jpg","large":"https:\/\/goldbecksolar.deteringdesign.com\/wp-content\/uploads\/2024\/11\/GS_Solarpark_Chile.jpg","full":"https:\/\/goldbecksolar.deteringdesign.com\/wp-content\/uploads\/2024\/11\/GS_Solarpark_Chile.jpg"},"srcset":"https:\/\/goldbecksolar.deteringdesign.com\/wp-content\/uploads\/2024\/11\/GS_Solarpark_Chile-700x467.jpg 700w, https:\/\/goldbecksolar.deteringdesign.com\/wp-content\/uploads\/2024\/11\/GS_Solarpark_Chile-768x512.jpg 768w, https:\/\/goldbecksolar.deteringdesign.com\/wp-content\/uploads\/2024\/11\/GS_Solarpark_Chile-520x347.jpg 520w, https:\/\/goldbecksolar.deteringdesign.com\/wp-content\/uploads\/2024\/11\/GS_Solarpark_Chile-320x213.jpg 320w, https:\/\/goldbecksolar.deteringdesign.com\/wp-content\/uploads\/2024\/11\/GS_Solarpark_Chile.jpg 1024w"},"parent":18330,"menu_order":4,"comment_status":"closed","ping_status":"closed","template":"template-unterseite.php","meta":{"_acf_changed":false,"footnotes":""},"class_list":["post-19004","page","type-page","status-publish","has-post-thumbnail","hentry"],"acf":[],"type_label":"Strona","_links":{"self":[{"href":"https:\/\/goldbecksolar.deteringdesign.com\/pl\/wp-json\/wp\/v2\/pages\/19004","targetHints":{"allow":["GET"]}}],"collection":[{"href":"https:\/\/goldbecksolar.deteringdesign.com\/pl\/wp-json\/wp\/v2\/pages"}],"about":[{"href":"https:\/\/goldbecksolar.deteringdesign.com\/pl\/wp-json\/wp\/v2\/types\/page"}],"author":[{"embeddable":true,"href":"https:\/\/goldbecksolar.deteringdesign.com\/pl\/wp-json\/wp\/v2\/users\/1"}],"replies":[{"embeddable":true,"href":"https:\/\/goldbecksolar.deteringdesign.com\/pl\/wp-json\/wp\/v2\/comments?post=19004"}],"version-history":[{"count":1,"href":"https:\/\/goldbecksolar.deteringdesign.com\/pl\/wp-json\/wp\/v2\/pages\/19004\/revisions"}],"predecessor-version":[{"id":19171,"href":"https:\/\/goldbecksolar.deteringdesign.com\/pl\/wp-json\/wp\/v2\/pages\/19004\/revisions\/19171"}],"up":[{"embeddable":true,"href":"https:\/\/goldbecksolar.deteringdesign.com\/pl\/wp-json\/wp\/v2\/pages\/18330"}],"wp:featuredmedia":[{"embeddable":true,"href":"https:\/\/goldbecksolar.deteringdesign.com\/pl\/wp-json\/wp\/v2\/media\/17148"}],"wp:attachment":[{"href":"https:\/\/goldbecksolar.deteringdesign.com\/pl\/wp-json\/wp\/v2\/media?parent=19004"}],"curies":[{"name":"wp","href":"https:\/\/api.w.org\/{rel}","templated":true}]}}