{"id":19016,"date":"2018-04-20T10:06:13","date_gmt":"2018-04-20T08:06:13","guid":{"rendered":"https:\/\/goldbecksolar.deteringdesign.com\/aktualnosci\/"},"modified":"2018-04-20T10:06:13","modified_gmt":"2018-04-20T08:06:13","slug":"aktualnosci","status":"publish","type":"page","link":"https:\/\/goldbecksolar.deteringdesign.com\/pl\/aktualnosci\/","title":"Aktualno\u015bci","content":"<p>Co nowego w GOLDBECK SOLAR? Nad jakimi projektami i systemami solarnymi pracuj\u0105 nasze <a href=\"https:\/\/goldbecksolar.deteringdesign.com\/unternehmen\/team\/\" target=\"_blank\" rel=\"noopener\">zespo\u0142y<\/a>? Jakie nowe produkty opracowali\u015bmy dla naszych klient\u00f3w? Jakie rynki otworzyli\u015bmy? Czy s\u0105 jakie\u015b wiadomo\u015bci o partnerstwach i innowacjach? Co dzieje si\u0119 na rynku energii s\u0142onecznej?     <\/p>\n<p>Wszystkie najnowsze <a href=\"https:\/\/www.pressebox.de\/newsroom\/goldbeck-solar-gmbh-hirschberg-an-der-bergstrasse\">wiadomo\u015bci<\/a>, aktualizacje i najwa\u017cniejsze informacje dotycz\u0105ce innowacyjnych koncepcji energetycznych mo\u017cna znale\u017a\u0107 w naszej sekcji aktualno\u015bci.<\/p>\n<p>Aktualny profil firmy i zdj\u0119cia do pobrania mo\u017cna znale\u017a\u0107 w naszym <a href=\"https:\/\/goldbecksolar.deteringdesign.com\/de\/presse\/\" target=\"_blank\" rel=\"noopener\">zestawie prasowym<\/a>.<\/p>\n","excerpt":{"rendered":"<p>Co nowego w GOLDBECK SOLAR? Nad jakimi projektami i systemami solarnymi pracuj\u0105 nasze zespo\u0142y? Jakie nowe produkty opracowali\u015bmy dla naszych klient\u00f3w? Jakie rynki otworzyli\u015bmy? Czy s\u0105 jakie\u015b wiadomo\u015bci o partnerstwach i innowacjach? Co dzieje si\u0119 na rynku energii s\u0142onecznej? Wszystkie najnowsze wiadomo\u015bci, aktualizacje i najwa\u017cniejsze informacje dotycz\u0105ce innowacyjnych koncepcji energetycznych mo\u017cna znale\u017a\u0107 w naszej sekcji [&hellip;]<\/p>\n","protected":false},"author":1,"featured_media":{"alt":"","title":"GOLDBECK SOLAR Logo","caption":"RGB, JPEG","width":2560,"height":1920,"sizes":{"thumbnail":"https:\/\/goldbecksolar.deteringdesign.com\/wp-content\/uploads\/2020\/05\/goldbeck_solar_logo-165x165.jpg","small":"https:\/\/goldbecksolar.deteringdesign.com\/wp-content\/uploads\/2020\/05\/goldbeck_solar_logo-700x525.jpg","medium":"https:\/\/goldbecksolar.deteringdesign.com\/wp-content\/uploads\/2020\/05\/goldbeck_solar_logo-768x576.jpg","large":"https:\/\/goldbecksolar.deteringdesign.com\/wp-content\/uploads\/2020\/05\/goldbeck_solar_logo-1440x1080.jpg","full":"https:\/\/goldbecksolar.deteringdesign.com\/wp-content\/uploads\/2020\/05\/goldbeck_solar_logo-scaled.jpg"},"srcset":"https:\/\/goldbecksolar.deteringdesign.com\/wp-content\/uploads\/2020\/05\/goldbeck_solar_logo-700x525.jpg 700w, https:\/\/goldbecksolar.deteringdesign.com\/wp-content\/uploads\/2020\/05\/goldbeck_solar_logo-1440x1080.jpg 1440w, https:\/\/goldbecksolar.deteringdesign.com\/wp-content\/uploads\/2020\/05\/goldbeck_solar_logo-768x576.jpg 768w, https:\/\/goldbecksolar.deteringdesign.com\/wp-content\/uploads\/2020\/05\/goldbeck_solar_logo-1536x1152.jpg 1536w, https:\/\/goldbecksolar.deteringdesign.com\/wp-content\/uploads\/2020\/05\/goldbeck_solar_logo-2048x1536.jpg 2048w, https:\/\/goldbecksolar.deteringdesign.com\/wp-content\/uploads\/2020\/05\/goldbeck_solar_logo-520x390.jpg 520w, https:\/\/goldbecksolar.deteringdesign.com\/wp-content\/uploads\/2020\/05\/goldbeck_solar_logo-320x240.jpg 320w"},"parent":0,"menu_order":3,"comment_status":"closed","ping_status":"closed","template":"","meta":{"_acf_changed":false,"footnotes":""},"class_list":["post-19016","page","type-page","status-publish","has-post-thumbnail","hentry"],"acf":[],"type_label":"Strona","_links":{"self":[{"href":"https:\/\/goldbecksolar.deteringdesign.com\/pl\/wp-json\/wp\/v2\/pages\/19016","targetHints":{"allow":["GET"]}}],"collection":[{"href":"https:\/\/goldbecksolar.deteringdesign.com\/pl\/wp-json\/wp\/v2\/pages"}],"about":[{"href":"https:\/\/goldbecksolar.deteringdesign.com\/pl\/wp-json\/wp\/v2\/types\/page"}],"author":[{"embeddable":true,"href":"https:\/\/goldbecksolar.deteringdesign.com\/pl\/wp-json\/wp\/v2\/users\/1"}],"replies":[{"embeddable":true,"href":"https:\/\/goldbecksolar.deteringdesign.com\/pl\/wp-json\/wp\/v2\/comments?post=19016"}],"version-history":[{"count":0,"href":"https:\/\/goldbecksolar.deteringdesign.com\/pl\/wp-json\/wp\/v2\/pages\/19016\/revisions"}],"wp:featuredmedia":[{"embeddable":true,"href":"https:\/\/goldbecksolar.deteringdesign.com\/pl\/wp-json\/wp\/v2\/media\/14340"}],"wp:attachment":[{"href":"https:\/\/goldbecksolar.deteringdesign.com\/pl\/wp-json\/wp\/v2\/media?parent=19016"}],"curies":[{"name":"wp","href":"https:\/\/api.w.org\/{rel}","templated":true}]}}