{"id":19022,"date":"2018-04-19T10:33:13","date_gmt":"2018-04-19T08:33:13","guid":{"rendered":"https:\/\/goldbecksolar.deteringdesign.com\/jestesmy-goldbeck-solar\/nasze-wartosci\/"},"modified":"2025-05-08T10:24:58","modified_gmt":"2025-05-08T08:24:58","slug":"nasze-wartosci","status":"publish","type":"page","link":"https:\/\/goldbecksolar.deteringdesign.com\/pl\/jestesmy-goldbeck-solar\/nasze-wartosci\/","title":"Nasze warto\u015bci","content":"<h1 class=\"p1\" style=\"text-align: center;\">Kszta\u0142tujemy przysz\u0142o\u015b\u0107 &#8211; dzi\u0119ki naszym warto\u015bciom<\/h1>\n<p>GOLDBECK SOLAR jest niezawodnym partnerem w rozwoju i realizacji projekt\u00f3w solarnych. Towarzyszymy Ci od pierwszego pomys\u0142u do realizacji Twojego systemu solarnego &#8211; zawsze maj\u0105c na celu spe\u0142nienie pok\u0142adanego w nas zaufania. Nasi klienci mog\u0105 polega\u0107 na naszej ocenie i wiedzy, poniewa\u017c dzia\u0142amy zgodnie z ustalonymi warto\u015bciami.  <\/p>\n<p>Twoje zaufanie nie jest dla nas prezentem, ale czym\u015b, na co chcemy zas\u0142u\u017cy\u0107. Zgodnie z \u017cyczeniami naszych klient\u00f3w, zaufaniem, jakim nas obdarzaj\u0105, naszym przemy\u015blanym podej\u015bciem i wieloletnim do\u015bwiadczeniem, naszym profesjonalizmem i determinacj\u0105, aby odnie\u015b\u0107 sukces, tworzymy wyniki, kt\u00f3re s\u0105 przekonuj\u0105ce &#8211; dla Ciebie i dla nas. <\/p>\n<p>Te warto\u015bci to nie tylko s\u0142owa na papierze, w GOLDBECK SOLAR wcielamy je w \u017cycie ka\u017cdego dnia.<\/p>\n","excerpt":{"rendered":"<p>Kszta\u0142tujemy przysz\u0142o\u015b\u0107 &#8211; dzi\u0119ki naszym warto\u015bciom GOLDBECK SOLAR jest niezawodnym partnerem w rozwoju i realizacji projekt\u00f3w solarnych. Towarzyszymy Ci od pierwszego pomys\u0142u do realizacji Twojego systemu solarnego &#8211; zawsze maj\u0105c na celu spe\u0142nienie pok\u0142adanego w nas zaufania. Nasi klienci mog\u0105 polega\u0107 na naszej ocenie i wiedzy, poniewa\u017c dzia\u0142amy zgodnie z ustalonymi warto\u015bciami. Twoje zaufanie nie [&hellip;]<\/p>\n","protected":false},"author":1,"featured_media":{"alt":"","title":"Mit Weitblick und Nachhaltigkeit agieren, das sind die Werte von Goldbeck Solar","caption":"","width":2222,"height":1014,"sizes":{"thumbnail":"https:\/\/goldbecksolar.deteringdesign.com\/wp-content\/uploads\/2018\/05\/werte1-165x165.jpg","small":"https:\/\/goldbecksolar.deteringdesign.com\/wp-content\/uploads\/2018\/05\/werte1-700x319.jpg","medium":"https:\/\/goldbecksolar.deteringdesign.com\/wp-content\/uploads\/2018\/05\/werte1-768x350.jpg","large":"https:\/\/goldbecksolar.deteringdesign.com\/wp-content\/uploads\/2018\/05\/werte1-1920x876.jpg","full":"https:\/\/goldbecksolar.deteringdesign.com\/wp-content\/uploads\/2018\/05\/werte1.jpg"},"srcset":"https:\/\/goldbecksolar.deteringdesign.com\/wp-content\/uploads\/2018\/05\/werte1-700x319.jpg 700w, https:\/\/goldbecksolar.deteringdesign.com\/wp-content\/uploads\/2018\/05\/werte1-1920x876.jpg 1920w, https:\/\/goldbecksolar.deteringdesign.com\/wp-content\/uploads\/2018\/05\/werte1-768x350.jpg 768w, https:\/\/goldbecksolar.deteringdesign.com\/wp-content\/uploads\/2018\/05\/werte1-1536x701.jpg 1536w, https:\/\/goldbecksolar.deteringdesign.com\/wp-content\/uploads\/2018\/05\/werte1-2048x935.jpg 2048w, https:\/\/goldbecksolar.deteringdesign.com\/wp-content\/uploads\/2018\/05\/werte1-520x237.jpg 520w, https:\/\/goldbecksolar.deteringdesign.com\/wp-content\/uploads\/2018\/05\/werte1-320x146.jpg 320w"},"parent":18330,"menu_order":2,"comment_status":"closed","ping_status":"closed","template":"template-unterseite.php","meta":{"_acf_changed":false,"footnotes":""},"class_list":["post-19022","page","type-page","status-publish","has-post-thumbnail","hentry"],"acf":[],"type_label":"Strona","_links":{"self":[{"href":"https:\/\/goldbecksolar.deteringdesign.com\/pl\/wp-json\/wp\/v2\/pages\/19022","targetHints":{"allow":["GET"]}}],"collection":[{"href":"https:\/\/goldbecksolar.deteringdesign.com\/pl\/wp-json\/wp\/v2\/pages"}],"about":[{"href":"https:\/\/goldbecksolar.deteringdesign.com\/pl\/wp-json\/wp\/v2\/types\/page"}],"author":[{"embeddable":true,"href":"https:\/\/goldbecksolar.deteringdesign.com\/pl\/wp-json\/wp\/v2\/users\/1"}],"replies":[{"embeddable":true,"href":"https:\/\/goldbecksolar.deteringdesign.com\/pl\/wp-json\/wp\/v2\/comments?post=19022"}],"version-history":[{"count":1,"href":"https:\/\/goldbecksolar.deteringdesign.com\/pl\/wp-json\/wp\/v2\/pages\/19022\/revisions"}],"predecessor-version":[{"id":19520,"href":"https:\/\/goldbecksolar.deteringdesign.com\/pl\/wp-json\/wp\/v2\/pages\/19022\/revisions\/19520"}],"up":[{"embeddable":true,"href":"https:\/\/goldbecksolar.deteringdesign.com\/pl\/wp-json\/wp\/v2\/pages\/18330"}],"wp:featuredmedia":[{"embeddable":true,"href":"https:\/\/goldbecksolar.deteringdesign.com\/pl\/wp-json\/wp\/v2\/media\/13566"}],"wp:attachment":[{"href":"https:\/\/goldbecksolar.deteringdesign.com\/pl\/wp-json\/wp\/v2\/media?parent=19022"}],"curies":[{"name":"wp","href":"https:\/\/api.w.org\/{rel}","templated":true}]}}