{"id":19023,"date":"2018-04-19T10:32:13","date_gmt":"2018-04-19T08:32:13","guid":{"rendered":"https:\/\/goldbecksolar.deteringdesign.com\/jestesmy-goldbeck-solar\/zespol-goldbeck-solar\/"},"modified":"2025-06-26T17:04:32","modified_gmt":"2025-06-26T15:04:32","slug":"zespol-goldbeck-solar","status":"publish","type":"page","link":"https:\/\/goldbecksolar.deteringdesign.com\/pl\/jestesmy-goldbeck-solar\/zespol-goldbeck-solar\/","title":"Zesp\u00f3\u0142 GOLDBECK SOLAR","content":"<p>Za\u0142o\u017cona w 2001 roku firma zatrudnia obecnie ponad 550 os\u00f3b w swoich oddzia\u0142ach w Europie, Azji oraz Ameryce P\u00f3\u0142nocnej i Po\u0142udniowej. Nasz mi\u0119dzynarodowy zesp\u00f3\u0142 wysoko wykwalifikowanych ekspert\u00f3w w bran\u017cy solarnej oferuje naszym klientom najwy\u017cszej klasy us\u0142ugi i niezawodn\u0105 wsp\u00f3\u0142prac\u0119. <\/p>\n","excerpt":{"rendered":"<p>Za\u0142o\u017cona w 2001 roku firma zatrudnia obecnie ponad 550 os\u00f3b w swoich oddzia\u0142ach w Europie, Azji oraz Ameryce P\u00f3\u0142nocnej i Po\u0142udniowej. Nasz mi\u0119dzynarodowy zesp\u00f3\u0142 wysoko wykwalifikowanych ekspert\u00f3w w bran\u017cy solarnej oferuje naszym klientom najwy\u017cszej klasy us\u0142ugi i niezawodn\u0105 wsp\u00f3\u0142prac\u0119.<\/p>\n","protected":false},"author":1,"featured_media":{"alt":"","title":"GOLDBECK SOLAR Team","caption":"","width":2560,"height":1708,"sizes":{"thumbnail":"https:\/\/goldbecksolar.deteringdesign.com\/wp-content\/uploads\/2024\/11\/G__2294-165x165.jpg","small":"https:\/\/goldbecksolar.deteringdesign.com\/wp-content\/uploads\/2024\/11\/G__2294-700x467.jpg","medium":"https:\/\/goldbecksolar.deteringdesign.com\/wp-content\/uploads\/2024\/11\/G__2294-768x512.jpg","large":"https:\/\/goldbecksolar.deteringdesign.com\/wp-content\/uploads\/2024\/11\/G__2294-1619x1080.jpg","full":"https:\/\/goldbecksolar.deteringdesign.com\/wp-content\/uploads\/2024\/11\/G__2294-scaled.jpg"},"srcset":"https:\/\/goldbecksolar.deteringdesign.com\/wp-content\/uploads\/2024\/11\/G__2294-700x467.jpg 700w, https:\/\/goldbecksolar.deteringdesign.com\/wp-content\/uploads\/2024\/11\/G__2294-1619x1080.jpg 1619w, https:\/\/goldbecksolar.deteringdesign.com\/wp-content\/uploads\/2024\/11\/G__2294-768x512.jpg 768w, https:\/\/goldbecksolar.deteringdesign.com\/wp-content\/uploads\/2024\/11\/G__2294-1536x1025.jpg 1536w, https:\/\/goldbecksolar.deteringdesign.com\/wp-content\/uploads\/2024\/11\/G__2294-2048x1366.jpg 2048w, https:\/\/goldbecksolar.deteringdesign.com\/wp-content\/uploads\/2024\/11\/G__2294-520x347.jpg 520w, https:\/\/goldbecksolar.deteringdesign.com\/wp-content\/uploads\/2024\/11\/G__2294-320x213.jpg 320w"},"parent":18330,"menu_order":1,"comment_status":"closed","ping_status":"closed","template":"template-unterseite.php","meta":{"_acf_changed":false,"footnotes":""},"class_list":["post-19023","page","type-page","status-publish","has-post-thumbnail","hentry"],"acf":[],"type_label":"Strona","_links":{"self":[{"href":"https:\/\/goldbecksolar.deteringdesign.com\/pl\/wp-json\/wp\/v2\/pages\/19023","targetHints":{"allow":["GET"]}}],"collection":[{"href":"https:\/\/goldbecksolar.deteringdesign.com\/pl\/wp-json\/wp\/v2\/pages"}],"about":[{"href":"https:\/\/goldbecksolar.deteringdesign.com\/pl\/wp-json\/wp\/v2\/types\/page"}],"author":[{"embeddable":true,"href":"https:\/\/goldbecksolar.deteringdesign.com\/pl\/wp-json\/wp\/v2\/users\/1"}],"replies":[{"embeddable":true,"href":"https:\/\/goldbecksolar.deteringdesign.com\/pl\/wp-json\/wp\/v2\/comments?post=19023"}],"version-history":[{"count":1,"href":"https:\/\/goldbecksolar.deteringdesign.com\/pl\/wp-json\/wp\/v2\/pages\/19023\/revisions"}],"predecessor-version":[{"id":19909,"href":"https:\/\/goldbecksolar.deteringdesign.com\/pl\/wp-json\/wp\/v2\/pages\/19023\/revisions\/19909"}],"up":[{"embeddable":true,"href":"https:\/\/goldbecksolar.deteringdesign.com\/pl\/wp-json\/wp\/v2\/pages\/18330"}],"wp:featuredmedia":[{"embeddable":true,"href":"https:\/\/goldbecksolar.deteringdesign.com\/pl\/wp-json\/wp\/v2\/media\/17130"}],"wp:attachment":[{"href":"https:\/\/goldbecksolar.deteringdesign.com\/pl\/wp-json\/wp\/v2\/media?parent=19023"}],"curies":[{"name":"wp","href":"https:\/\/api.w.org\/{rel}","templated":true}]}}