{"id":19024,"date":"2018-04-18T09:55:13","date_gmt":"2018-04-18T07:55:13","guid":{"rendered":"https:\/\/goldbecksolar.deteringdesign.com\/fotowoltaika\/przemyslowe-farmy-fotowoltaiczne\/"},"modified":"2018-04-18T09:55:13","modified_gmt":"2018-04-18T07:55:13","slug":"przemyslowe-farmy-fotowoltaiczne","status":"publish","type":"page","link":"https:\/\/goldbecksolar.deteringdesign.com\/pl\/fotowoltaika\/przemyslowe-farmy-fotowoltaiczne\/","title":"Przemys\u0142owe farmy fotowoltaiczne","content":"<h1>Przemys\u0142owe farmy fotowoltaiczne<\/h1>\n<p>Podj\u0119cie decyzji o budowie przemys\u0142owej farmy fotowoltaicznej na otwartym terenie nigdy nie by\u0142o \u0142atwiejsze. Energia odnawialna to system energetyczny przysz\u0142o\u015bci, a teraz jest idealny czas, aby Twoja firma zainwestowa\u0142a w niezawodne \u017ar\u00f3d\u0142o czystej energii. <\/p>\n","excerpt":{"rendered":"<p>Przemys\u0142owe farmy fotowoltaiczne Podj\u0119cie decyzji o budowie przemys\u0142owej farmy fotowoltaicznej na otwartym terenie nigdy nie by\u0142o \u0142atwiejsze. Energia odnawialna to system energetyczny przysz\u0142o\u015bci, a teraz jest idealny czas, aby Twoja firma zainwestowa\u0142a w niezawodne \u017ar\u00f3d\u0142o czystej energii.<\/p>\n","protected":false},"author":1,"featured_media":{"alt":"","title":"Solarpark Zwartowo Polen","caption":"","width":2560,"height":1440,"sizes":{"thumbnail":"https:\/\/goldbecksolar.deteringdesign.com\/wp-content\/uploads\/2024\/11\/Solarpark_Zwartowo_GS_Polen-165x165.jpg","small":"https:\/\/goldbecksolar.deteringdesign.com\/wp-content\/uploads\/2024\/11\/Solarpark_Zwartowo_GS_Polen-700x394.jpg","medium":"https:\/\/goldbecksolar.deteringdesign.com\/wp-content\/uploads\/2024\/11\/Solarpark_Zwartowo_GS_Polen-768x432.jpg","large":"https:\/\/goldbecksolar.deteringdesign.com\/wp-content\/uploads\/2024\/11\/Solarpark_Zwartowo_GS_Polen-1920x1080.jpg","full":"https:\/\/goldbecksolar.deteringdesign.com\/wp-content\/uploads\/2024\/11\/Solarpark_Zwartowo_GS_Polen-scaled.jpg"},"srcset":"https:\/\/goldbecksolar.deteringdesign.com\/wp-content\/uploads\/2024\/11\/Solarpark_Zwartowo_GS_Polen-700x394.jpg 700w, https:\/\/goldbecksolar.deteringdesign.com\/wp-content\/uploads\/2024\/11\/Solarpark_Zwartowo_GS_Polen-1920x1080.jpg 1920w, https:\/\/goldbecksolar.deteringdesign.com\/wp-content\/uploads\/2024\/11\/Solarpark_Zwartowo_GS_Polen-768x432.jpg 768w, https:\/\/goldbecksolar.deteringdesign.com\/wp-content\/uploads\/2024\/11\/Solarpark_Zwartowo_GS_Polen-1536x864.jpg 1536w, https:\/\/goldbecksolar.deteringdesign.com\/wp-content\/uploads\/2024\/11\/Solarpark_Zwartowo_GS_Polen-2048x1152.jpg 2048w, https:\/\/goldbecksolar.deteringdesign.com\/wp-content\/uploads\/2024\/11\/Solarpark_Zwartowo_GS_Polen-520x293.jpg 520w, https:\/\/goldbecksolar.deteringdesign.com\/wp-content\/uploads\/2024\/11\/Solarpark_Zwartowo_GS_Polen-320x180.jpg 320w"},"parent":18572,"menu_order":1,"comment_status":"closed","ping_status":"closed","template":"template-unterseite.php","meta":{"_acf_changed":false,"footnotes":""},"class_list":["post-19024","page","type-page","status-publish","has-post-thumbnail","hentry"],"acf":[],"type_label":"Strona","_links":{"self":[{"href":"https:\/\/goldbecksolar.deteringdesign.com\/pl\/wp-json\/wp\/v2\/pages\/19024","targetHints":{"allow":["GET"]}}],"collection":[{"href":"https:\/\/goldbecksolar.deteringdesign.com\/pl\/wp-json\/wp\/v2\/pages"}],"about":[{"href":"https:\/\/goldbecksolar.deteringdesign.com\/pl\/wp-json\/wp\/v2\/types\/page"}],"author":[{"embeddable":true,"href":"https:\/\/goldbecksolar.deteringdesign.com\/pl\/wp-json\/wp\/v2\/users\/1"}],"replies":[{"embeddable":true,"href":"https:\/\/goldbecksolar.deteringdesign.com\/pl\/wp-json\/wp\/v2\/comments?post=19024"}],"version-history":[{"count":0,"href":"https:\/\/goldbecksolar.deteringdesign.com\/pl\/wp-json\/wp\/v2\/pages\/19024\/revisions"}],"up":[{"embeddable":true,"href":"https:\/\/goldbecksolar.deteringdesign.com\/pl\/wp-json\/wp\/v2\/pages\/18572"}],"wp:featuredmedia":[{"embeddable":true,"href":"https:\/\/goldbecksolar.deteringdesign.com\/pl\/wp-json\/wp\/v2\/media\/17220"}],"wp:attachment":[{"href":"https:\/\/goldbecksolar.deteringdesign.com\/pl\/wp-json\/wp\/v2\/media?parent=19024"}],"curies":[{"name":"wp","href":"https:\/\/api.w.org\/{rel}","templated":true}]}}