{"id":19027,"date":"2018-04-17T15:00:13","date_gmt":"2018-04-17T13:00:13","guid":{"rendered":"https:\/\/goldbecksolar.deteringdesign.com\/nasze-uslugi\/"},"modified":"2025-02-13T14:00:32","modified_gmt":"2025-02-13T13:00:32","slug":"nasze-uslugi","status":"publish","type":"page","link":"https:\/\/goldbecksolar.deteringdesign.com\/pl\/nasze-uslugi\/","title":"Nasze us\u0142ugi","content":"<p class=\"big\">Profesjonalne, zorganizowane, skuteczne &#8211; od samego pocz\u0105tku<\/p>\n<p>Jako wiod\u0105cy dostawca przemys\u0142owych i komercyjnych system\u00f3w solarnych, GOLDBECK SOLAR wspiera swoich klient\u00f3w w drodze do niezale\u017cnej przysz\u0142o\u015bci energetycznej ju\u017c od pierwszego kroku.<\/p>\n","excerpt":{"rendered":"<p>Profesjonalne, zorganizowane, skuteczne &#8211; od samego pocz\u0105tku Jako wiod\u0105cy dostawca przemys\u0142owych i komercyjnych system\u00f3w solarnych, GOLDBECK SOLAR wspiera swoich klient\u00f3w w drodze do niezale\u017cnej przysz\u0142o\u015bci energetycznej ju\u017c od pierwszego kroku.<\/p>\n","protected":false},"author":1,"featured_media":{"alt":"Drei Personen arbeiten an einem Projekt, Dienstleistungen","title":"Projektentwicklung, Innovation, Dienstleistung","caption":"","width":2000,"height":1333,"sizes":{"thumbnail":"https:\/\/goldbecksolar.deteringdesign.com\/wp-content\/uploads\/2018\/04\/dummy_dienstleistungen-1-165x165.jpg","small":"https:\/\/goldbecksolar.deteringdesign.com\/wp-content\/uploads\/2018\/04\/dummy_dienstleistungen-1-700x467.jpg","medium":"https:\/\/goldbecksolar.deteringdesign.com\/wp-content\/uploads\/2018\/04\/dummy_dienstleistungen-1-768x512.jpg","large":"https:\/\/goldbecksolar.deteringdesign.com\/wp-content\/uploads\/2018\/04\/dummy_dienstleistungen-1-1620x1080.jpg","full":"https:\/\/goldbecksolar.deteringdesign.com\/wp-content\/uploads\/2018\/04\/dummy_dienstleistungen-1.jpg"},"srcset":"https:\/\/goldbecksolar.deteringdesign.com\/wp-content\/uploads\/2018\/04\/dummy_dienstleistungen-1-700x467.jpg 700w, https:\/\/goldbecksolar.deteringdesign.com\/wp-content\/uploads\/2018\/04\/dummy_dienstleistungen-1-1620x1080.jpg 1620w, https:\/\/goldbecksolar.deteringdesign.com\/wp-content\/uploads\/2018\/04\/dummy_dienstleistungen-1-768x512.jpg 768w, https:\/\/goldbecksolar.deteringdesign.com\/wp-content\/uploads\/2018\/04\/dummy_dienstleistungen-1-1536x1024.jpg 1536w, https:\/\/goldbecksolar.deteringdesign.com\/wp-content\/uploads\/2018\/04\/dummy_dienstleistungen-1-520x347.jpg 520w, https:\/\/goldbecksolar.deteringdesign.com\/wp-content\/uploads\/2018\/04\/dummy_dienstleistungen-1-320x213.jpg 320w, https:\/\/goldbecksolar.deteringdesign.com\/wp-content\/uploads\/2018\/04\/dummy_dienstleistungen-1.jpg 2000w"},"parent":0,"menu_order":10,"comment_status":"closed","ping_status":"closed","template":"","meta":{"_acf_changed":false,"footnotes":""},"class_list":["post-19027","page","type-page","status-publish","has-post-thumbnail","hentry"],"acf":[],"type_label":"Strona","_links":{"self":[{"href":"https:\/\/goldbecksolar.deteringdesign.com\/pl\/wp-json\/wp\/v2\/pages\/19027","targetHints":{"allow":["GET"]}}],"collection":[{"href":"https:\/\/goldbecksolar.deteringdesign.com\/pl\/wp-json\/wp\/v2\/pages"}],"about":[{"href":"https:\/\/goldbecksolar.deteringdesign.com\/pl\/wp-json\/wp\/v2\/types\/page"}],"author":[{"embeddable":true,"href":"https:\/\/goldbecksolar.deteringdesign.com\/pl\/wp-json\/wp\/v2\/users\/1"}],"replies":[{"embeddable":true,"href":"https:\/\/goldbecksolar.deteringdesign.com\/pl\/wp-json\/wp\/v2\/comments?post=19027"}],"version-history":[{"count":1,"href":"https:\/\/goldbecksolar.deteringdesign.com\/pl\/wp-json\/wp\/v2\/pages\/19027\/revisions"}],"predecessor-version":[{"id":19028,"href":"https:\/\/goldbecksolar.deteringdesign.com\/pl\/wp-json\/wp\/v2\/pages\/19027\/revisions\/19028"}],"wp:featuredmedia":[{"embeddable":true,"href":"https:\/\/goldbecksolar.deteringdesign.com\/pl\/wp-json\/wp\/v2\/media\/13272"}],"wp:attachment":[{"href":"https:\/\/goldbecksolar.deteringdesign.com\/pl\/wp-json\/wp\/v2\/media?parent=19027"}],"curies":[{"name":"wp","href":"https:\/\/api.w.org\/{rel}","templated":true}]}}