{"id":19065,"date":"2018-04-17T15:00:13","date_gmt":"2018-04-17T13:00:13","guid":{"rendered":"https:\/\/goldbecksolar.deteringdesign.com\/nasze-referencje\/klienci-goldbeck-solar\/"},"modified":"2025-05-02T15:02:37","modified_gmt":"2025-05-02T13:02:37","slug":"klienci-goldbeck-solar","status":"publish","type":"page","link":"https:\/\/goldbecksolar.deteringdesign.com\/pl\/nasze-referencje\/klienci-goldbeck-solar\/","title":"Klienci GOLDBECK SOLAR","content":"<p class=\"p1 big\">Klienci GOLDBECK SOLAR to przedsi\u0119biorcy, inwestorzy, deweloperzy projekt\u00f3w i dostawcy energii, kt\u00f3rzy polegaj\u0105 na najnowocze\u015bniejszej technologii i konsekwentnie niezawodnej realizacji swoich nowoczesnych system\u00f3w fotowoltaicznych.<\/p>\n","excerpt":{"rendered":"<p>Klienci GOLDBECK SOLAR to przedsi\u0119biorcy, inwestorzy, deweloperzy projekt\u00f3w i dostawcy energii, kt\u00f3rzy polegaj\u0105 na najnowocze\u015bniejszej technologii i konsekwentnie niezawodnej realizacji swoich nowoczesnych system\u00f3w fotowoltaicznych.<\/p>\n","protected":false},"author":1,"featured_media":{"alt":"","title":"Collage GOLDBECK SOLARKunden","caption":"","width":1920,"height":1080,"sizes":{"thumbnail":"https:\/\/goldbecksolar.deteringdesign.com\/wp-content\/uploads\/2024\/12\/Kunden-165x165.jpg","small":"https:\/\/goldbecksolar.deteringdesign.com\/wp-content\/uploads\/2024\/12\/Kunden-700x394.jpg","medium":"https:\/\/goldbecksolar.deteringdesign.com\/wp-content\/uploads\/2024\/12\/Kunden-768x432.jpg","large":"https:\/\/goldbecksolar.deteringdesign.com\/wp-content\/uploads\/2024\/12\/Kunden.jpg","full":"https:\/\/goldbecksolar.deteringdesign.com\/wp-content\/uploads\/2024\/12\/Kunden.jpg"},"srcset":"https:\/\/goldbecksolar.deteringdesign.com\/wp-content\/uploads\/2024\/12\/Kunden-700x394.jpg 700w, https:\/\/goldbecksolar.deteringdesign.com\/wp-content\/uploads\/2024\/12\/Kunden-768x432.jpg 768w, https:\/\/goldbecksolar.deteringdesign.com\/wp-content\/uploads\/2024\/12\/Kunden-1536x864.jpg 1536w, https:\/\/goldbecksolar.deteringdesign.com\/wp-content\/uploads\/2024\/12\/Kunden-520x293.jpg 520w, https:\/\/goldbecksolar.deteringdesign.com\/wp-content\/uploads\/2024\/12\/Kunden-320x180.jpg 320w, https:\/\/goldbecksolar.deteringdesign.com\/wp-content\/uploads\/2024\/12\/Kunden.jpg 1920w"},"parent":18847,"menu_order":1,"comment_status":"closed","ping_status":"closed","template":"","meta":{"_acf_changed":false,"footnotes":""},"class_list":["post-19065","page","type-page","status-publish","has-post-thumbnail","hentry"],"acf":[],"type_label":"Strona","_links":{"self":[{"href":"https:\/\/goldbecksolar.deteringdesign.com\/pl\/wp-json\/wp\/v2\/pages\/19065","targetHints":{"allow":["GET"]}}],"collection":[{"href":"https:\/\/goldbecksolar.deteringdesign.com\/pl\/wp-json\/wp\/v2\/pages"}],"about":[{"href":"https:\/\/goldbecksolar.deteringdesign.com\/pl\/wp-json\/wp\/v2\/types\/page"}],"author":[{"embeddable":true,"href":"https:\/\/goldbecksolar.deteringdesign.com\/pl\/wp-json\/wp\/v2\/users\/1"}],"replies":[{"embeddable":true,"href":"https:\/\/goldbecksolar.deteringdesign.com\/pl\/wp-json\/wp\/v2\/comments?post=19065"}],"version-history":[{"count":1,"href":"https:\/\/goldbecksolar.deteringdesign.com\/pl\/wp-json\/wp\/v2\/pages\/19065\/revisions"}],"predecessor-version":[{"id":19515,"href":"https:\/\/goldbecksolar.deteringdesign.com\/pl\/wp-json\/wp\/v2\/pages\/19065\/revisions\/19515"}],"up":[{"embeddable":true,"href":"https:\/\/goldbecksolar.deteringdesign.com\/pl\/wp-json\/wp\/v2\/pages\/18847"}],"wp:featuredmedia":[{"embeddable":true,"href":"https:\/\/goldbecksolar.deteringdesign.com\/pl\/wp-json\/wp\/v2\/media\/17421"}],"wp:attachment":[{"href":"https:\/\/goldbecksolar.deteringdesign.com\/pl\/wp-json\/wp\/v2\/media?parent=19065"}],"curies":[{"name":"wp","href":"https:\/\/api.w.org\/{rel}","templated":true}]}}